{"id":4068,"date":"2025-03-11T09:32:05","date_gmt":"2025-03-11T09:32:05","guid":{"rendered":"https:\/\/fincabravo.com\/?page_id=4068"},"modified":"2025-04-14T09:53:02","modified_gmt":"2025-04-14T09:53:02","slug":"rsvp-esto-es-vida","status":"publish","type":"page","link":"https:\/\/fincabravo.com\/es\/rsvp-esto-es-vida","title":{"rendered":"RSVP Esto Es Vida"},"content":{"rendered":"\n<figure class=\"wp-block-image size-full\"><img decoding=\"async\" width=\"931\" height=\"478\" data-src=\"https:\/\/fincabravo.com\/wp-content\/uploads\/2025\/03\/Save-the-date-esto-es-vida-header-ES-1.jpg\" alt=\"\" class=\"wp-image-4077 lazyload\" data-srcset=\"https:\/\/fincabravo.com\/wp-content\/uploads\/2025\/03\/Save-the-date-esto-es-vida-header-ES-1.jpg 931w, https:\/\/fincabravo.com\/wp-content\/uploads\/2025\/03\/Save-the-date-esto-es-vida-header-ES-1-300x154.jpg 300w, https:\/\/fincabravo.com\/wp-content\/uploads\/2025\/03\/Save-the-date-esto-es-vida-header-ES-1-768x394.jpg 768w, https:\/\/fincabravo.com\/wp-content\/uploads\/2025\/03\/Save-the-date-esto-es-vida-header-ES-1-892x458.jpg 892w\" data-sizes=\"(max-width: 931px) 100vw, 931px\" src=\"data:image\/svg+xml;base64,PHN2ZyB3aWR0aD0iMSIgaGVpZ2h0PSIxIiB4bWxucz0iaHR0cDovL3d3dy53My5vcmcvMjAwMC9zdmciPjwvc3ZnPg==\" style=\"--smush-placeholder-width: 931px; --smush-placeholder-aspect-ratio: 931\/478;\" \/><\/figure>\n\n\n\n<p><em>Tenemos MUCHO que celebrar, as\u00ed que vamos a organizar una fiesta, \u00a1y est\u00e1s invitado! Este a\u00f1o, Pep cumple 40 a\u00f1os, estamos celebrando 15 a\u00f1os de convivencia como pareja (en su mayor\u00eda armoniosa)  y, despu\u00e9s de 7 a\u00f1os de caos en la construcci\u00f3n, finalmente estamos terminando la renovaci\u00f3n de Finca Bravo (\u00bfverdad, Pep?).<\/em><\/p>\n\n\n\n<p>Nos encantar\u00eda que te unas a nosotros para celebrar estos &#8216;logros&#8217;. <strong>Confirma tu asistencia a continuaci\u00f3n antes del 1 de mayo:<\/strong><\/p>\n\n\n<div role=\"form\" class=\"wpcf7\" id=\"wpcf7-f4070-o1\" lang=\"en-US\" dir=\"ltr\">\n<div class=\"screen-reader-response\"><p role=\"status\" aria-live=\"polite\" aria-atomic=\"true\"><\/p> <ul><\/ul><\/div>\n<form action=\"\/es\/wp-json\/wp\/v2\/pages\/4068#wpcf7-f4070-o1\" method=\"post\" class=\"wpcf7-form init\" novalidate=\"novalidate\" data-status=\"init\">\n<div style=\"display: none;\">\n<input type=\"hidden\" name=\"_wpcf7\" value=\"4070\" \/>\n<input type=\"hidden\" name=\"_wpcf7_version\" value=\"5.3.2\" \/>\n<input type=\"hidden\" name=\"_wpcf7_locale\" value=\"en_US\" \/>\n<input type=\"hidden\" name=\"_wpcf7_unit_tag\" value=\"wpcf7-f4070-o1\" \/>\n<input type=\"hidden\" name=\"_wpcf7_container_post\" value=\"0\" \/>\n<input type=\"hidden\" name=\"_wpcf7_posted_data_hash\" value=\"\" \/>\n<input type=\"hidden\" name=\"_wpcf7_recaptcha_response\" value=\"\" \/>\n<\/div>\n<p><label> Nombre*<br \/>\n    <span class=\"wpcf7-form-control-wrap your-name\"><input type=\"text\" name=\"your-name\" value=\"\" size=\"40\" class=\"wpcf7-form-control wpcf7-text wpcf7-validates-as-required\" aria-required=\"true\" aria-invalid=\"false\" \/><\/span> <\/label><\/p>\n<p><label> \u00bfAsistir\u00e1s a la fiesta?*<br \/>\n    <span class=\"wpcf7-form-control-wrap RSVP\"><select name=\"RSVP\" class=\"wpcf7-form-control wpcf7-select wpcf7-validates-as-required\" aria-required=\"true\" aria-invalid=\"false\"><option value=\"Si\">Si<\/option><option value=\"No :(\">No \ud83d\ude41<\/option><\/select><\/span> <\/label><\/p>\n<p><label> \u00bfCu\u00e1ntas personas asistir\u00e1n en tu grupo?<br \/>\n    <span class=\"wpcf7-form-control-wrap your-group\"><input type=\"text\" name=\"your-group\" value=\"\" size=\"40\" class=\"wpcf7-form-control wpcf7-text\" aria-invalid=\"false\" \/><\/span> <\/label><\/p>\n<p><label> Nombres de los asistentes en tu grupo<br \/>\n    <span class=\"wpcf7-form-control-wrap your-attendees\"><textarea name=\"your-attendees\" cols=\"40\" rows=\"10\" class=\"wpcf7-form-control wpcf7-textarea\" aria-invalid=\"false\"><\/textarea><\/span> <\/label><\/p>\n<p><label> N\u00famero de tel\u00e9fono de contacto<br \/>\n    <span class=\"wpcf7-form-control-wrap your-phone-number\"><input type=\"text\" name=\"your-phone-number\" value=\"\" size=\"40\" class=\"wpcf7-form-control wpcf7-text\" aria-invalid=\"false\" \/><\/span> <\/label><\/p>\n<p><label> Comentario<br \/>\n    <span class=\"wpcf7-form-control-wrap your-comments\"><input type=\"text\" name=\"your-comments\" value=\"\" size=\"40\" class=\"wpcf7-form-control wpcf7-text\" aria-invalid=\"false\" \/><\/span> <\/label><\/p>\n<p><input type=\"submit\" value=\"Enviar\" class=\"wpcf7-form-control wpcf7-submit\" \/><\/p>\n<div class=\"wpcf7-response-output\" aria-hidden=\"true\"><\/div><\/form><\/div>\n","protected":false},"excerpt":{"rendered":"<p>Tenemos MUCHO que celebrar, as\u00ed que vamos a organizar una fiesta, \u00a1y est\u00e1s invitado! Este a\u00f1o, Pep cumple 40 a\u00f1os, estamos celebrando 15 a\u00f1os de convivencia como pareja (en su mayor\u00eda armoniosa) y, despu\u00e9s de 7 a\u00f1os de caos en la construcci\u00f3n, finalmente estamos terminando la renovaci\u00f3n de Finca Bravo (\u00bfverdad, Pep?). Nos encantar\u00eda que [&hellip;]<\/p>\n","protected":false},"author":2,"featured_media":4015,"parent":0,"menu_order":0,"comment_status":"closed","ping_status":"closed","template":"","meta":{"_monsterinsights_skip_tracking":false,"_monsterinsights_sitenote_active":false,"_monsterinsights_sitenote_note":"","_monsterinsights_sitenote_category":0,"footnotes":""},"class_list":["post-4068","page","type-page","status-publish","has-post-thumbnail","hentry"],"yoast_head":"<!-- This site is optimized with the Yoast SEO plugin v23.6 - https:\/\/yoast.com\/wordpress\/plugins\/seo\/ -->\n<title>RSVP Esto Es Vida - Alojamiento Rural<\/title>\n<meta name=\"robots\" content=\"index, follow, max-snippet:-1, max-image-preview:large, max-video-preview:-1\" \/>\n<link rel=\"canonical\" href=\"https:\/\/fincabravo.com\/es\/rsvp-esto-es-vida\" \/>\n<meta property=\"og:locale\" content=\"es_ES\" \/>\n<meta property=\"og:type\" content=\"article\" \/>\n<meta property=\"og:title\" content=\"RSVP Esto Es Vida - Alojamiento Rural\" \/>\n<meta property=\"og:description\" content=\"Tenemos MUCHO que celebrar, as\u00ed que vamos a organizar una fiesta, \u00a1y est\u00e1s invitado! Este a\u00f1o, Pep cumple 40 a\u00f1os, estamos celebrando 15 a\u00f1os de convivencia como pareja (en su mayor\u00eda armoniosa) y, despu\u00e9s de 7 a\u00f1os de caos en la construcci\u00f3n, finalmente estamos terminando la renovaci\u00f3n de Finca Bravo (\u00bfverdad, Pep?). Nos encantar\u00eda que [&hellip;]\" \/>\n<meta property=\"og:url\" content=\"https:\/\/fincabravo.com\/es\/rsvp-esto-es-vida\" \/>\n<meta property=\"og:site_name\" content=\"Alojamiento Rural\" \/>\n<meta property=\"article:modified_time\" content=\"2025-04-14T09:53:02+00:00\" \/>\n<meta property=\"og:image\" content=\"https:\/\/fincabravo.com\/wp-content\/uploads\/2025\/03\/photo-our-story.jpg\" \/>\n\t<meta property=\"og:image:width\" content=\"1024\" \/>\n\t<meta property=\"og:image:height\" content=\"667\" \/>\n\t<meta property=\"og:image:type\" content=\"image\/jpeg\" \/>\n<meta name=\"twitter:card\" content=\"summary_large_image\" \/>\n<meta name=\"twitter:label1\" content=\"Tiempo de lectura\" \/>\n\t<meta name=\"twitter:data1\" content=\"1 minuto\" \/>\n<script type=\"application\/ld+json\" class=\"yoast-schema-graph\">{\"@context\":\"https:\/\/schema.org\",\"@graph\":[{\"@type\":\"WebPage\",\"@id\":\"https:\/\/fincabravo.com\/es\/rsvp-esto-es-vida\",\"url\":\"https:\/\/fincabravo.com\/es\/rsvp-esto-es-vida\",\"name\":\"RSVP Esto Es Vida - Alojamiento Rural\",\"isPartOf\":{\"@id\":\"https:\/\/fincabravo.com\/es#website\"},\"primaryImageOfPage\":{\"@id\":\"https:\/\/fincabravo.com\/es\/rsvp-esto-es-vida#primaryimage\"},\"image\":{\"@id\":\"https:\/\/fincabravo.com\/es\/rsvp-esto-es-vida#primaryimage\"},\"thumbnailUrl\":\"https:\/\/fincabravo.com\/wp-content\/uploads\/2025\/03\/photo-our-story.jpg\",\"datePublished\":\"2025-03-11T09:32:05+00:00\",\"dateModified\":\"2025-04-14T09:53:02+00:00\",\"breadcrumb\":{\"@id\":\"https:\/\/fincabravo.com\/es\/rsvp-esto-es-vida#breadcrumb\"},\"inLanguage\":\"es\",\"potentialAction\":[{\"@type\":\"ReadAction\",\"target\":[\"https:\/\/fincabravo.com\/es\/rsvp-esto-es-vida\"]}]},{\"@type\":\"ImageObject\",\"inLanguage\":\"es\",\"@id\":\"https:\/\/fincabravo.com\/es\/rsvp-esto-es-vida#primaryimage\",\"url\":\"https:\/\/fincabravo.com\/wp-content\/uploads\/2025\/03\/photo-our-story.jpg\",\"contentUrl\":\"https:\/\/fincabravo.com\/wp-content\/uploads\/2025\/03\/photo-our-story.jpg\",\"width\":1024,\"height\":667},{\"@type\":\"BreadcrumbList\",\"@id\":\"https:\/\/fincabravo.com\/es\/rsvp-esto-es-vida#breadcrumb\",\"itemListElement\":[{\"@type\":\"ListItem\",\"position\":1,\"name\":\"Home\",\"item\":\"https:\/\/fincabravo.com\/es\"},{\"@type\":\"ListItem\",\"position\":2,\"name\":\"RSVP Esto Es Vida\"}]},{\"@type\":\"WebSite\",\"@id\":\"https:\/\/fincabravo.com\/es#website\",\"url\":\"https:\/\/fincabravo.com\/es\",\"name\":\"Alojamiento Rural\",\"description\":\"Reconnect with nature\",\"publisher\":{\"@id\":\"https:\/\/fincabravo.com\/es#organization\"},\"potentialAction\":[{\"@type\":\"SearchAction\",\"target\":{\"@type\":\"EntryPoint\",\"urlTemplate\":\"https:\/\/fincabravo.com\/es?s={search_term_string}\"},\"query-input\":{\"@type\":\"PropertyValueSpecification\",\"valueRequired\":true,\"valueName\":\"search_term_string\"}}],\"inLanguage\":\"es\"},{\"@type\":\"Organization\",\"@id\":\"https:\/\/fincabravo.com\/es#organization\",\"name\":\"Alojamiento Rural\",\"url\":\"https:\/\/fincabravo.com\/es\",\"logo\":{\"@type\":\"ImageObject\",\"inLanguage\":\"es\",\"@id\":\"https:\/\/fincabravo.com\/es#\/schema\/logo\/image\/\",\"url\":\"https:\/\/fincabravo.com\/wp-content\/uploads\/2020\/03\/cropped-cropped-DONTDELETE_LOGO_FINCA_BRAVO-circle-logo-100x100px-2.png\",\"contentUrl\":\"https:\/\/fincabravo.com\/wp-content\/uploads\/2020\/03\/cropped-cropped-DONTDELETE_LOGO_FINCA_BRAVO-circle-logo-100x100px-2.png\",\"width\":100,\"height\":100,\"caption\":\"Alojamiento Rural\\r\\n\"},\"image\":{\"@id\":\"https:\/\/fincabravo.com\/es#\/schema\/logo\/image\/\"}}]}<\/script>\n<!-- \/ Yoast SEO plugin. -->","yoast_head_json":{"title":"RSVP Esto Es Vida - Alojamiento Rural","robots":{"index":"index","follow":"follow","max-snippet":"max-snippet:-1","max-image-preview":"max-image-preview:large","max-video-preview":"max-video-preview:-1"},"canonical":"https:\/\/fincabravo.com\/es\/rsvp-esto-es-vida","og_locale":"es_ES","og_type":"article","og_title":"RSVP Esto Es Vida - Alojamiento Rural","og_description":"Tenemos MUCHO que celebrar, as\u00ed que vamos a organizar una fiesta, \u00a1y est\u00e1s invitado! Este a\u00f1o, Pep cumple 40 a\u00f1os, estamos celebrando 15 a\u00f1os de convivencia como pareja (en su mayor\u00eda armoniosa) y, despu\u00e9s de 7 a\u00f1os de caos en la construcci\u00f3n, finalmente estamos terminando la renovaci\u00f3n de Finca Bravo (\u00bfverdad, Pep?). Nos encantar\u00eda que [&hellip;]","og_url":"https:\/\/fincabravo.com\/es\/rsvp-esto-es-vida","og_site_name":"Alojamiento Rural","article_modified_time":"2025-04-14T09:53:02+00:00","og_image":[{"width":1024,"height":667,"url":"https:\/\/fincabravo.com\/wp-content\/uploads\/2025\/03\/photo-our-story.jpg","type":"image\/jpeg"}],"twitter_card":"summary_large_image","twitter_misc":{"Tiempo de lectura":"1 minuto"},"schema":{"@context":"https:\/\/schema.org","@graph":[{"@type":"WebPage","@id":"https:\/\/fincabravo.com\/es\/rsvp-esto-es-vida","url":"https:\/\/fincabravo.com\/es\/rsvp-esto-es-vida","name":"RSVP Esto Es Vida - Alojamiento Rural","isPartOf":{"@id":"https:\/\/fincabravo.com\/es#website"},"primaryImageOfPage":{"@id":"https:\/\/fincabravo.com\/es\/rsvp-esto-es-vida#primaryimage"},"image":{"@id":"https:\/\/fincabravo.com\/es\/rsvp-esto-es-vida#primaryimage"},"thumbnailUrl":"https:\/\/fincabravo.com\/wp-content\/uploads\/2025\/03\/photo-our-story.jpg","datePublished":"2025-03-11T09:32:05+00:00","dateModified":"2025-04-14T09:53:02+00:00","breadcrumb":{"@id":"https:\/\/fincabravo.com\/es\/rsvp-esto-es-vida#breadcrumb"},"inLanguage":"es","potentialAction":[{"@type":"ReadAction","target":["https:\/\/fincabravo.com\/es\/rsvp-esto-es-vida"]}]},{"@type":"ImageObject","inLanguage":"es","@id":"https:\/\/fincabravo.com\/es\/rsvp-esto-es-vida#primaryimage","url":"https:\/\/fincabravo.com\/wp-content\/uploads\/2025\/03\/photo-our-story.jpg","contentUrl":"https:\/\/fincabravo.com\/wp-content\/uploads\/2025\/03\/photo-our-story.jpg","width":1024,"height":667},{"@type":"BreadcrumbList","@id":"https:\/\/fincabravo.com\/es\/rsvp-esto-es-vida#breadcrumb","itemListElement":[{"@type":"ListItem","position":1,"name":"Home","item":"https:\/\/fincabravo.com\/es"},{"@type":"ListItem","position":2,"name":"RSVP Esto Es Vida"}]},{"@type":"WebSite","@id":"https:\/\/fincabravo.com\/es#website","url":"https:\/\/fincabravo.com\/es","name":"Alojamiento Rural","description":"Reconnect with nature","publisher":{"@id":"https:\/\/fincabravo.com\/es#organization"},"potentialAction":[{"@type":"SearchAction","target":{"@type":"EntryPoint","urlTemplate":"https:\/\/fincabravo.com\/es?s={search_term_string}"},"query-input":{"@type":"PropertyValueSpecification","valueRequired":true,"valueName":"search_term_string"}}],"inLanguage":"es"},{"@type":"Organization","@id":"https:\/\/fincabravo.com\/es#organization","name":"Alojamiento Rural","url":"https:\/\/fincabravo.com\/es","logo":{"@type":"ImageObject","inLanguage":"es","@id":"https:\/\/fincabravo.com\/es#\/schema\/logo\/image\/","url":"https:\/\/fincabravo.com\/wp-content\/uploads\/2020\/03\/cropped-cropped-DONTDELETE_LOGO_FINCA_BRAVO-circle-logo-100x100px-2.png","contentUrl":"https:\/\/fincabravo.com\/wp-content\/uploads\/2020\/03\/cropped-cropped-DONTDELETE_LOGO_FINCA_BRAVO-circle-logo-100x100px-2.png","width":100,"height":100,"caption":"Alojamiento Rural\r\n"},"image":{"@id":"https:\/\/fincabravo.com\/es#\/schema\/logo\/image\/"}}]}},"_links":{"self":[{"href":"https:\/\/fincabravo.com\/es\/wp-json\/wp\/v2\/pages\/4068"}],"collection":[{"href":"https:\/\/fincabravo.com\/es\/wp-json\/wp\/v2\/pages"}],"about":[{"href":"https:\/\/fincabravo.com\/es\/wp-json\/wp\/v2\/types\/page"}],"author":[{"embeddable":true,"href":"https:\/\/fincabravo.com\/es\/wp-json\/wp\/v2\/users\/2"}],"replies":[{"embeddable":true,"href":"https:\/\/fincabravo.com\/es\/wp-json\/wp\/v2\/comments?post=4068"}],"version-history":[{"count":8,"href":"https:\/\/fincabravo.com\/es\/wp-json\/wp\/v2\/pages\/4068\/revisions"}],"predecessor-version":[{"id":4084,"href":"https:\/\/fincabravo.com\/es\/wp-json\/wp\/v2\/pages\/4068\/revisions\/4084"}],"wp:featuredmedia":[{"embeddable":true,"href":"https:\/\/fincabravo.com\/es\/wp-json\/wp\/v2\/media\/4015"}],"wp:attachment":[{"href":"https:\/\/fincabravo.com\/es\/wp-json\/wp\/v2\/media?parent=4068"}],"curies":[{"name":"wp","href":"https:\/\/api.w.org\/{rel}","templated":true}]}}