{"id":4010,"date":"2025-03-10T15:09:21","date_gmt":"2025-03-10T15:09:21","guid":{"rendered":"https:\/\/fincabravo.com\/?page_id=4010"},"modified":"2025-03-10T15:16:13","modified_gmt":"2025-03-10T15:16:13","slug":"nuestra-historia","status":"publish","type":"page","link":"https:\/\/fincabravo.com\/es\/nuestra-historia","title":{"rendered":"Nuestra historia"},"content":{"rendered":"\n<p>En 2018, cambiamos la llovizna de Londres por el calor de Espa\u00f1a. Patricia estaba embarazada de 3 meses (el momento <em>perfecto<\/em> para una gran mudanza, nadie lo ha dicho nunca) y decidimos que \u201cvida sostenible\u201d significaba \u201ccompremos una granja y esperemos que YouTube nos ense\u00f1e un poco de fontaner\u00eda\u201d. Recorrimos Espa\u00f1a como dos participantes despistados de un programa de televisi\u00f3n inmobiliario. \u00bfNuestra lista de deseos para el para\u00edso? Colinas verdes, mucha agua y un clima templado. Entonces, el Parque Natural Sierra de Aracena nos sorprendi\u00f3 con un amor a primera vista.<\/p>\n\n\n\n<p><strong>Finca Bravo <\/strong>fue la primera y \u00fanica finca que vimos en la Sierra. \u00bfSin electricidad? Listo. \u00bfSin ca\u00f1er\u00edas? Listo. \u00bf100 a\u00f1os de telara\u00f1as? Jaque mate. El agente inmobiliario la llam\u00f3 \u201cun proyecto\u201d. Nosotros la llamamos \u201cprometedora\u201d. Dos meses despu\u00e9s, era nuestra.<\/p>\n\n\n\n<div class=\"wp-block-buttons is-layout-flex wp-block-buttons-is-layout-flex\">\n<div class=\"wp-block-button\"><a class=\"wp-block-button__link wp-element-button\" href=\"http:\/\/fincabravo.com\/before-photos\">Ver fotos &#8216;antes&#8217;<\/a><\/div>\n\n\n\n<div class=\"wp-block-button\"><a class=\"wp-block-button__link wp-element-button\" href=\"https:\/\/www.youtube.com\/watch?v=LKJv2cg_E0A\" target=\"_blank\" rel=\"noreferrer noopener\">Ver video &#8216;antes&#8217;<\/a><\/div>\n<\/div>\n\n\n\n<p><strong>Aspectos destacados de la renovaci\u00f3n:<\/strong><br><strong>A\u00f1o 1<\/strong> Aprendimos que la burocracia espa\u00f1ola avanza m\u00e1s lento que la siesta de un caracol. Obtuvimos los permisos de planificaci\u00f3n aproximadamente 2 a\u00f1os despu\u00e9s.<br><strong>A\u00f1o 2<\/strong> Adoptamos el estilo r\u00fastico chic (ver: reutilizar puerta de cochinera como cabecero). Abrimos dos apartamentos ecol\u00f3gicos en medio 2020, justo a tiempo para que cancelaran los viajes.<br><strong>A\u00f1o 3<\/strong> Un a\u00f1o un poco confuso, mucha pandemia y muy poca construcci\u00f3n.<br><strong>A\u00f1o 4<\/strong> A\u00f1adimos dos apartamentos m\u00e1s y nuestra propia casa, tuvimos un segundo hijo y adoptamos suficientes mascotas para empezar un zool\u00f3gico.<\/p>\n\n\n\n<div class=\"wp-block-buttons is-layout-flex wp-block-buttons-is-layout-flex\">\n<div class=\"wp-block-button\"><a class=\"wp-block-button__link wp-element-button\" href=\"http:\/\/fincabravo.com\/construction-photos\">ver fotos contrucci\u00f3n<\/a><\/div>\n<\/div>\n\n\n\n<p><strong>Estado actual:<\/strong><br>&#8211; 3 gatas (administraci\u00f3n)<br>&#8211; 1 perra (perseguidora de cabras)<br>&#8211; 2 ni\u00f1os (directores ejecutivos del caos)<br>&#8211; 6 gallinas (club del desayuno)<br>&#8211; 4 apartamentos (sobrevivimos)<br>&#8211; 0 cordura (desaparecida en trayecto)<\/p>\n\n\n\n<figure class=\"wp-block-image size-full\"><img decoding=\"async\" width=\"1024\" height=\"667\" data-src=\"https:\/\/fincabravo.com\/wp-content\/uploads\/2025\/03\/photo-our-story-2.jpg\" alt=\"\" class=\"wp-image-4019 lazyload\" data-srcset=\"https:\/\/fincabravo.com\/wp-content\/uploads\/2025\/03\/photo-our-story-2.jpg 1024w, https:\/\/fincabravo.com\/wp-content\/uploads\/2025\/03\/photo-our-story-2-300x195.jpg 300w, https:\/\/fincabravo.com\/wp-content\/uploads\/2025\/03\/photo-our-story-2-768x500.jpg 768w, https:\/\/fincabravo.com\/wp-content\/uploads\/2025\/03\/photo-our-story-2-892x581.jpg 892w\" data-sizes=\"(max-width: 1024px) 100vw, 1024px\" src=\"data:image\/svg+xml;base64,PHN2ZyB3aWR0aD0iMSIgaGVpZ2h0PSIxIiB4bWxucz0iaHR0cDovL3d3dy53My5vcmcvMjAwMC9zdmciPjwvc3ZnPg==\" style=\"--smush-placeholder-width: 1024px; --smush-placeholder-aspect-ratio: 1024\/667;\" \/><\/figure>\n","protected":false},"excerpt":{"rendered":"<p>En 2018, cambiamos la llovizna de Londres por el calor de Espa\u00f1a. Patricia estaba embarazada de 3 meses (el momento perfecto para una gran mudanza, nadie lo ha dicho nunca) y decidimos que \u201cvida sostenible\u201d significaba \u201ccompremos una granja y esperemos que YouTube nos ense\u00f1e un poco de fontaner\u00eda\u201d. Recorrimos Espa\u00f1a como dos participantes despistados [&hellip;]<\/p>\n","protected":false},"author":2,"featured_media":4015,"parent":0,"menu_order":0,"comment_status":"closed","ping_status":"closed","template":"","meta":{"_monsterinsights_skip_tracking":false,"_monsterinsights_sitenote_active":false,"_monsterinsights_sitenote_note":"","_monsterinsights_sitenote_category":0,"footnotes":""},"class_list":["post-4010","page","type-page","status-publish","has-post-thumbnail","hentry"],"yoast_head":"<!-- This site is optimized with the Yoast SEO plugin v23.6 - https:\/\/yoast.com\/wordpress\/plugins\/seo\/ -->\n<title>Nuestra historia - Alojamiento Rural<\/title>\n<meta name=\"robots\" content=\"index, follow, max-snippet:-1, max-image-preview:large, max-video-preview:-1\" \/>\n<link rel=\"canonical\" href=\"https:\/\/fincabravo.com\/es\/nuestra-historia\" \/>\n<meta property=\"og:locale\" content=\"es_ES\" \/>\n<meta property=\"og:type\" content=\"article\" \/>\n<meta property=\"og:title\" content=\"Nuestra historia - Alojamiento Rural\" \/>\n<meta property=\"og:description\" content=\"En 2018, cambiamos la llovizna de Londres por el calor de Espa\u00f1a. Patricia estaba embarazada de 3 meses (el momento perfecto para una gran mudanza, nadie lo ha dicho nunca) y decidimos que \u201cvida sostenible\u201d significaba \u201ccompremos una granja y esperemos que YouTube nos ense\u00f1e un poco de fontaner\u00eda\u201d. Recorrimos Espa\u00f1a como dos participantes despistados [&hellip;]\" \/>\n<meta property=\"og:url\" content=\"https:\/\/fincabravo.com\/es\/nuestra-historia\" \/>\n<meta property=\"og:site_name\" content=\"Alojamiento Rural\" \/>\n<meta property=\"article:modified_time\" content=\"2025-03-10T15:16:13+00:00\" \/>\n<meta property=\"og:image\" content=\"https:\/\/fincabravo.com\/wp-content\/uploads\/2025\/03\/photo-our-story.jpg\" \/>\n\t<meta property=\"og:image:width\" content=\"1024\" \/>\n\t<meta property=\"og:image:height\" content=\"667\" \/>\n\t<meta property=\"og:image:type\" content=\"image\/jpeg\" \/>\n<meta name=\"twitter:card\" content=\"summary_large_image\" \/>\n<meta name=\"twitter:label1\" content=\"Tiempo de lectura\" \/>\n\t<meta name=\"twitter:data1\" content=\"2 minutos\" \/>\n<script type=\"application\/ld+json\" class=\"yoast-schema-graph\">{\"@context\":\"https:\/\/schema.org\",\"@graph\":[{\"@type\":\"WebPage\",\"@id\":\"https:\/\/fincabravo.com\/es\/nuestra-historia\",\"url\":\"https:\/\/fincabravo.com\/es\/nuestra-historia\",\"name\":\"Nuestra historia - Alojamiento Rural\",\"isPartOf\":{\"@id\":\"https:\/\/fincabravo.com\/es#website\"},\"primaryImageOfPage\":{\"@id\":\"https:\/\/fincabravo.com\/es\/nuestra-historia#primaryimage\"},\"image\":{\"@id\":\"https:\/\/fincabravo.com\/es\/nuestra-historia#primaryimage\"},\"thumbnailUrl\":\"https:\/\/fincabravo.com\/wp-content\/uploads\/2025\/03\/photo-our-story.jpg\",\"datePublished\":\"2025-03-10T15:09:21+00:00\",\"dateModified\":\"2025-03-10T15:16:13+00:00\",\"breadcrumb\":{\"@id\":\"https:\/\/fincabravo.com\/es\/nuestra-historia#breadcrumb\"},\"inLanguage\":\"es\",\"potentialAction\":[{\"@type\":\"ReadAction\",\"target\":[\"https:\/\/fincabravo.com\/es\/nuestra-historia\"]}]},{\"@type\":\"ImageObject\",\"inLanguage\":\"es\",\"@id\":\"https:\/\/fincabravo.com\/es\/nuestra-historia#primaryimage\",\"url\":\"https:\/\/fincabravo.com\/wp-content\/uploads\/2025\/03\/photo-our-story.jpg\",\"contentUrl\":\"https:\/\/fincabravo.com\/wp-content\/uploads\/2025\/03\/photo-our-story.jpg\",\"width\":1024,\"height\":667},{\"@type\":\"BreadcrumbList\",\"@id\":\"https:\/\/fincabravo.com\/es\/nuestra-historia#breadcrumb\",\"itemListElement\":[{\"@type\":\"ListItem\",\"position\":1,\"name\":\"Home\",\"item\":\"https:\/\/fincabravo.com\/es\"},{\"@type\":\"ListItem\",\"position\":2,\"name\":\"Nuestra historia\"}]},{\"@type\":\"WebSite\",\"@id\":\"https:\/\/fincabravo.com\/es#website\",\"url\":\"https:\/\/fincabravo.com\/es\",\"name\":\"Alojamiento Rural\",\"description\":\"Reconnect with nature\",\"publisher\":{\"@id\":\"https:\/\/fincabravo.com\/es#organization\"},\"potentialAction\":[{\"@type\":\"SearchAction\",\"target\":{\"@type\":\"EntryPoint\",\"urlTemplate\":\"https:\/\/fincabravo.com\/es?s={search_term_string}\"},\"query-input\":{\"@type\":\"PropertyValueSpecification\",\"valueRequired\":true,\"valueName\":\"search_term_string\"}}],\"inLanguage\":\"es\"},{\"@type\":\"Organization\",\"@id\":\"https:\/\/fincabravo.com\/es#organization\",\"name\":\"Alojamiento Rural\",\"url\":\"https:\/\/fincabravo.com\/es\",\"logo\":{\"@type\":\"ImageObject\",\"inLanguage\":\"es\",\"@id\":\"https:\/\/fincabravo.com\/es#\/schema\/logo\/image\/\",\"url\":\"https:\/\/fincabravo.com\/wp-content\/uploads\/2020\/03\/cropped-cropped-DONTDELETE_LOGO_FINCA_BRAVO-circle-logo-100x100px-2.png\",\"contentUrl\":\"https:\/\/fincabravo.com\/wp-content\/uploads\/2020\/03\/cropped-cropped-DONTDELETE_LOGO_FINCA_BRAVO-circle-logo-100x100px-2.png\",\"width\":100,\"height\":100,\"caption\":\"Alojamiento Rural\\r\\n\"},\"image\":{\"@id\":\"https:\/\/fincabravo.com\/es#\/schema\/logo\/image\/\"}}]}<\/script>\n<!-- \/ Yoast SEO plugin. -->","yoast_head_json":{"title":"Nuestra historia - Alojamiento Rural","robots":{"index":"index","follow":"follow","max-snippet":"max-snippet:-1","max-image-preview":"max-image-preview:large","max-video-preview":"max-video-preview:-1"},"canonical":"https:\/\/fincabravo.com\/es\/nuestra-historia","og_locale":"es_ES","og_type":"article","og_title":"Nuestra historia - Alojamiento Rural","og_description":"En 2018, cambiamos la llovizna de Londres por el calor de Espa\u00f1a. Patricia estaba embarazada de 3 meses (el momento perfecto para una gran mudanza, nadie lo ha dicho nunca) y decidimos que \u201cvida sostenible\u201d significaba \u201ccompremos una granja y esperemos que YouTube nos ense\u00f1e un poco de fontaner\u00eda\u201d. Recorrimos Espa\u00f1a como dos participantes despistados [&hellip;]","og_url":"https:\/\/fincabravo.com\/es\/nuestra-historia","og_site_name":"Alojamiento Rural","article_modified_time":"2025-03-10T15:16:13+00:00","og_image":[{"width":1024,"height":667,"url":"https:\/\/fincabravo.com\/wp-content\/uploads\/2025\/03\/photo-our-story.jpg","type":"image\/jpeg"}],"twitter_card":"summary_large_image","twitter_misc":{"Tiempo de lectura":"2 minutos"},"schema":{"@context":"https:\/\/schema.org","@graph":[{"@type":"WebPage","@id":"https:\/\/fincabravo.com\/es\/nuestra-historia","url":"https:\/\/fincabravo.com\/es\/nuestra-historia","name":"Nuestra historia - Alojamiento Rural","isPartOf":{"@id":"https:\/\/fincabravo.com\/es#website"},"primaryImageOfPage":{"@id":"https:\/\/fincabravo.com\/es\/nuestra-historia#primaryimage"},"image":{"@id":"https:\/\/fincabravo.com\/es\/nuestra-historia#primaryimage"},"thumbnailUrl":"https:\/\/fincabravo.com\/wp-content\/uploads\/2025\/03\/photo-our-story.jpg","datePublished":"2025-03-10T15:09:21+00:00","dateModified":"2025-03-10T15:16:13+00:00","breadcrumb":{"@id":"https:\/\/fincabravo.com\/es\/nuestra-historia#breadcrumb"},"inLanguage":"es","potentialAction":[{"@type":"ReadAction","target":["https:\/\/fincabravo.com\/es\/nuestra-historia"]}]},{"@type":"ImageObject","inLanguage":"es","@id":"https:\/\/fincabravo.com\/es\/nuestra-historia#primaryimage","url":"https:\/\/fincabravo.com\/wp-content\/uploads\/2025\/03\/photo-our-story.jpg","contentUrl":"https:\/\/fincabravo.com\/wp-content\/uploads\/2025\/03\/photo-our-story.jpg","width":1024,"height":667},{"@type":"BreadcrumbList","@id":"https:\/\/fincabravo.com\/es\/nuestra-historia#breadcrumb","itemListElement":[{"@type":"ListItem","position":1,"name":"Home","item":"https:\/\/fincabravo.com\/es"},{"@type":"ListItem","position":2,"name":"Nuestra historia"}]},{"@type":"WebSite","@id":"https:\/\/fincabravo.com\/es#website","url":"https:\/\/fincabravo.com\/es","name":"Alojamiento Rural","description":"Reconnect with nature","publisher":{"@id":"https:\/\/fincabravo.com\/es#organization"},"potentialAction":[{"@type":"SearchAction","target":{"@type":"EntryPoint","urlTemplate":"https:\/\/fincabravo.com\/es?s={search_term_string}"},"query-input":{"@type":"PropertyValueSpecification","valueRequired":true,"valueName":"search_term_string"}}],"inLanguage":"es"},{"@type":"Organization","@id":"https:\/\/fincabravo.com\/es#organization","name":"Alojamiento Rural","url":"https:\/\/fincabravo.com\/es","logo":{"@type":"ImageObject","inLanguage":"es","@id":"https:\/\/fincabravo.com\/es#\/schema\/logo\/image\/","url":"https:\/\/fincabravo.com\/wp-content\/uploads\/2020\/03\/cropped-cropped-DONTDELETE_LOGO_FINCA_BRAVO-circle-logo-100x100px-2.png","contentUrl":"https:\/\/fincabravo.com\/wp-content\/uploads\/2020\/03\/cropped-cropped-DONTDELETE_LOGO_FINCA_BRAVO-circle-logo-100x100px-2.png","width":100,"height":100,"caption":"Alojamiento Rural\r\n"},"image":{"@id":"https:\/\/fincabravo.com\/es#\/schema\/logo\/image\/"}}]}},"_links":{"self":[{"href":"https:\/\/fincabravo.com\/es\/wp-json\/wp\/v2\/pages\/4010"}],"collection":[{"href":"https:\/\/fincabravo.com\/es\/wp-json\/wp\/v2\/pages"}],"about":[{"href":"https:\/\/fincabravo.com\/es\/wp-json\/wp\/v2\/types\/page"}],"author":[{"embeddable":true,"href":"https:\/\/fincabravo.com\/es\/wp-json\/wp\/v2\/users\/2"}],"replies":[{"embeddable":true,"href":"https:\/\/fincabravo.com\/es\/wp-json\/wp\/v2\/comments?post=4010"}],"version-history":[{"count":2,"href":"https:\/\/fincabravo.com\/es\/wp-json\/wp\/v2\/pages\/4010\/revisions"}],"predecessor-version":[{"id":4021,"href":"https:\/\/fincabravo.com\/es\/wp-json\/wp\/v2\/pages\/4010\/revisions\/4021"}],"wp:featuredmedia":[{"embeddable":true,"href":"https:\/\/fincabravo.com\/es\/wp-json\/wp\/v2\/media\/4015"}],"wp:attachment":[{"href":"https:\/\/fincabravo.com\/es\/wp-json\/wp\/v2\/media?parent=4010"}],"curies":[{"name":"wp","href":"https:\/\/api.w.org\/{rel}","templated":true}]}}