{"id":3901,"date":"2025-03-10T11:56:24","date_gmt":"2025-03-10T11:56:24","guid":{"rendered":"https:\/\/fincabravo.com\/?page_id=3901"},"modified":"2025-03-10T11:56:25","modified_gmt":"2025-03-10T11:56:25","slug":"fotos-antes","status":"publish","type":"page","link":"https:\/\/fincabravo.com\/es\/fotos-antes","title":{"rendered":"Fotos antes"},"content":{"rendered":"\n<p>As\u00ed luc\u00eda Finca Bravo cuando la compramos. Un peque\u00f1o viaje al pasado.<\/p>\n\n\n\n<figure class=\"wp-block-image size-full\"><img decoding=\"async\" width=\"1024\" height=\"768\" data-src=\"https:\/\/fincabravo.com\/wp-content\/uploads\/2025\/03\/casa-principal.jpg\" alt=\"\" class=\"wp-image-3860 lazyload\" data-srcset=\"https:\/\/fincabravo.com\/wp-content\/uploads\/2025\/03\/casa-principal.jpg 1024w, https:\/\/fincabravo.com\/wp-content\/uploads\/2025\/03\/casa-principal-300x225.jpg 300w, https:\/\/fincabravo.com\/wp-content\/uploads\/2025\/03\/casa-principal-768x576.jpg 768w, https:\/\/fincabravo.com\/wp-content\/uploads\/2025\/03\/casa-principal-892x669.jpg 892w\" data-sizes=\"(max-width: 1024px) 100vw, 1024px\" src=\"data:image\/svg+xml;base64,PHN2ZyB3aWR0aD0iMSIgaGVpZ2h0PSIxIiB4bWxucz0iaHR0cDovL3d3dy53My5vcmcvMjAwMC9zdmciPjwvc3ZnPg==\" style=\"--smush-placeholder-width: 1024px; --smush-placeholder-aspect-ratio: 1024\/768;\" \/><\/figure>\n\n\n\n<figure class=\"wp-block-image size-full is-resized\"><img decoding=\"async\" width=\"1024\" height=\"683\" data-src=\"https:\/\/fincabravo.com\/wp-content\/uploads\/2025\/03\/outside-area-Bohemia.jpg\" alt=\"\" class=\"wp-image-3858 lazyload\" style=\"--smush-placeholder-width: 1024px; --smush-placeholder-aspect-ratio: 1024\/683;width:841px;height:auto\" data-srcset=\"https:\/\/fincabravo.com\/wp-content\/uploads\/2025\/03\/outside-area-Bohemia.jpg 1024w, https:\/\/fincabravo.com\/wp-content\/uploads\/2025\/03\/outside-area-Bohemia-300x200.jpg 300w, https:\/\/fincabravo.com\/wp-content\/uploads\/2025\/03\/outside-area-Bohemia-768x512.jpg 768w, https:\/\/fincabravo.com\/wp-content\/uploads\/2025\/03\/outside-area-Bohemia-892x594.jpg 892w, https:\/\/fincabravo.com\/wp-content\/uploads\/2025\/03\/outside-area-Bohemia-150x100.jpg 150w\" data-sizes=\"(max-width: 1024px) 100vw, 1024px\" src=\"data:image\/svg+xml;base64,PHN2ZyB3aWR0aD0iMSIgaGVpZ2h0PSIxIiB4bWxucz0iaHR0cDovL3d3dy53My5vcmcvMjAwMC9zdmciPjwvc3ZnPg==\" \/><\/figure>\n\n\n\n<figure class=\"wp-block-image size-full\"><img decoding=\"async\" width=\"1024\" height=\"768\" data-src=\"https:\/\/fincabravo.com\/wp-content\/uploads\/2025\/03\/illegal-extension-outside.jpg\" alt=\"\" class=\"wp-image-3862 lazyload\" data-srcset=\"https:\/\/fincabravo.com\/wp-content\/uploads\/2025\/03\/illegal-extension-outside.jpg 1024w, https:\/\/fincabravo.com\/wp-content\/uploads\/2025\/03\/illegal-extension-outside-300x225.jpg 300w, https:\/\/fincabravo.com\/wp-content\/uploads\/2025\/03\/illegal-extension-outside-768x576.jpg 768w, https:\/\/fincabravo.com\/wp-content\/uploads\/2025\/03\/illegal-extension-outside-892x669.jpg 892w\" data-sizes=\"(max-width: 1024px) 100vw, 1024px\" src=\"data:image\/svg+xml;base64,PHN2ZyB3aWR0aD0iMSIgaGVpZ2h0PSIxIiB4bWxucz0iaHR0cDovL3d3dy53My5vcmcvMjAwMC9zdmciPjwvc3ZnPg==\" style=\"--smush-placeholder-width: 1024px; --smush-placeholder-aspect-ratio: 1024\/768;\" \/><\/figure>\n\n\n\n<figure class=\"wp-block-image size-full\"><img decoding=\"async\" width=\"1024\" height=\"683\" data-src=\"https:\/\/fincabravo.com\/wp-content\/uploads\/2025\/03\/outside-area-east-facing.jpg\" alt=\"\" class=\"wp-image-3864 lazyload\" data-srcset=\"https:\/\/fincabravo.com\/wp-content\/uploads\/2025\/03\/outside-area-east-facing.jpg 1024w, https:\/\/fincabravo.com\/wp-content\/uploads\/2025\/03\/outside-area-east-facing-300x200.jpg 300w, https:\/\/fincabravo.com\/wp-content\/uploads\/2025\/03\/outside-area-east-facing-768x512.jpg 768w, https:\/\/fincabravo.com\/wp-content\/uploads\/2025\/03\/outside-area-east-facing-892x594.jpg 892w, https:\/\/fincabravo.com\/wp-content\/uploads\/2025\/03\/outside-area-east-facing-150x100.jpg 150w\" data-sizes=\"(max-width: 1024px) 100vw, 1024px\" src=\"data:image\/svg+xml;base64,PHN2ZyB3aWR0aD0iMSIgaGVpZ2h0PSIxIiB4bWxucz0iaHR0cDovL3d3dy53My5vcmcvMjAwMC9zdmciPjwvc3ZnPg==\" style=\"--smush-placeholder-width: 1024px; --smush-placeholder-aspect-ratio: 1024\/683;\" \/><\/figure>\n\n\n\n<figure class=\"wp-block-image size-full\"><img decoding=\"async\" width=\"1024\" height=\"683\" data-src=\"https:\/\/fincabravo.com\/wp-content\/uploads\/2025\/03\/Pep-the-lumberjack.jpg\" alt=\"\" class=\"wp-image-3868 lazyload\" data-srcset=\"https:\/\/fincabravo.com\/wp-content\/uploads\/2025\/03\/Pep-the-lumberjack.jpg 1024w, https:\/\/fincabravo.com\/wp-content\/uploads\/2025\/03\/Pep-the-lumberjack-300x200.jpg 300w, https:\/\/fincabravo.com\/wp-content\/uploads\/2025\/03\/Pep-the-lumberjack-768x512.jpg 768w, https:\/\/fincabravo.com\/wp-content\/uploads\/2025\/03\/Pep-the-lumberjack-892x594.jpg 892w, https:\/\/fincabravo.com\/wp-content\/uploads\/2025\/03\/Pep-the-lumberjack-150x100.jpg 150w\" data-sizes=\"(max-width: 1024px) 100vw, 1024px\" src=\"data:image\/svg+xml;base64,PHN2ZyB3aWR0aD0iMSIgaGVpZ2h0PSIxIiB4bWxucz0iaHR0cDovL3d3dy53My5vcmcvMjAwMC9zdmciPjwvc3ZnPg==\" style=\"--smush-placeholder-width: 1024px; --smush-placeholder-aspect-ratio: 1024\/683;\" \/><\/figure>\n\n\n\n<figure class=\"wp-block-image size-full\"><img decoding=\"async\" width=\"768\" height=\"1024\" data-src=\"https:\/\/fincabravo.com\/wp-content\/uploads\/2025\/03\/we-have-some-electricity.jpg\" alt=\"\" class=\"wp-image-3870 lazyload\" data-srcset=\"https:\/\/fincabravo.com\/wp-content\/uploads\/2025\/03\/we-have-some-electricity.jpg 768w, https:\/\/fincabravo.com\/wp-content\/uploads\/2025\/03\/we-have-some-electricity-225x300.jpg 225w\" data-sizes=\"(max-width: 768px) 100vw, 768px\" src=\"data:image\/svg+xml;base64,PHN2ZyB3aWR0aD0iMSIgaGVpZ2h0PSIxIiB4bWxucz0iaHR0cDovL3d3dy53My5vcmcvMjAwMC9zdmciPjwvc3ZnPg==\" style=\"--smush-placeholder-width: 768px; --smush-placeholder-aspect-ratio: 768\/1024;\" \/><\/figure>\n\n\n\n<figure class=\"wp-block-image size-full\"><img decoding=\"async\" width=\"1024\" height=\"683\" data-src=\"https:\/\/fincabravo.com\/wp-content\/uploads\/2025\/03\/Patricia-taking-a-nap-with-solar-panel.jpg\" alt=\"\" class=\"wp-image-3872 lazyload\" data-srcset=\"https:\/\/fincabravo.com\/wp-content\/uploads\/2025\/03\/Patricia-taking-a-nap-with-solar-panel.jpg 1024w, https:\/\/fincabravo.com\/wp-content\/uploads\/2025\/03\/Patricia-taking-a-nap-with-solar-panel-300x200.jpg 300w, https:\/\/fincabravo.com\/wp-content\/uploads\/2025\/03\/Patricia-taking-a-nap-with-solar-panel-768x512.jpg 768w, https:\/\/fincabravo.com\/wp-content\/uploads\/2025\/03\/Patricia-taking-a-nap-with-solar-panel-892x594.jpg 892w, https:\/\/fincabravo.com\/wp-content\/uploads\/2025\/03\/Patricia-taking-a-nap-with-solar-panel-150x100.jpg 150w\" data-sizes=\"(max-width: 1024px) 100vw, 1024px\" src=\"data:image\/svg+xml;base64,PHN2ZyB3aWR0aD0iMSIgaGVpZ2h0PSIxIiB4bWxucz0iaHR0cDovL3d3dy53My5vcmcvMjAwMC9zdmciPjwvc3ZnPg==\" style=\"--smush-placeholder-width: 1024px; --smush-placeholder-aspect-ratio: 1024\/683;\" \/><\/figure>\n\n\n\n<figure class=\"wp-block-image size-full\"><img decoding=\"async\" width=\"1024\" height=\"683\" data-src=\"https:\/\/fincabravo.com\/wp-content\/uploads\/2025\/03\/bomma-doing-dished.jpg\" alt=\"\" class=\"wp-image-3874 lazyload\" data-srcset=\"https:\/\/fincabravo.com\/wp-content\/uploads\/2025\/03\/bomma-doing-dished.jpg 1024w, https:\/\/fincabravo.com\/wp-content\/uploads\/2025\/03\/bomma-doing-dished-300x200.jpg 300w, https:\/\/fincabravo.com\/wp-content\/uploads\/2025\/03\/bomma-doing-dished-768x512.jpg 768w, https:\/\/fincabravo.com\/wp-content\/uploads\/2025\/03\/bomma-doing-dished-892x594.jpg 892w, https:\/\/fincabravo.com\/wp-content\/uploads\/2025\/03\/bomma-doing-dished-150x100.jpg 150w\" data-sizes=\"(max-width: 1024px) 100vw, 1024px\" src=\"data:image\/svg+xml;base64,PHN2ZyB3aWR0aD0iMSIgaGVpZ2h0PSIxIiB4bWxucz0iaHR0cDovL3d3dy53My5vcmcvMjAwMC9zdmciPjwvc3ZnPg==\" style=\"--smush-placeholder-width: 1024px; --smush-placeholder-aspect-ratio: 1024\/683;\" \/><\/figure>\n\n\n\n<figure class=\"wp-block-image size-full\"><img decoding=\"async\" width=\"1024\" height=\"683\" data-src=\"https:\/\/fincabravo.com\/wp-content\/uploads\/2025\/03\/casa-Bohemia-before.jpg\" alt=\"\" class=\"wp-image-3876 lazyload\" data-srcset=\"https:\/\/fincabravo.com\/wp-content\/uploads\/2025\/03\/casa-Bohemia-before.jpg 1024w, https:\/\/fincabravo.com\/wp-content\/uploads\/2025\/03\/casa-Bohemia-before-300x200.jpg 300w, https:\/\/fincabravo.com\/wp-content\/uploads\/2025\/03\/casa-Bohemia-before-768x512.jpg 768w, https:\/\/fincabravo.com\/wp-content\/uploads\/2025\/03\/casa-Bohemia-before-892x594.jpg 892w, https:\/\/fincabravo.com\/wp-content\/uploads\/2025\/03\/casa-Bohemia-before-150x100.jpg 150w\" data-sizes=\"(max-width: 1024px) 100vw, 1024px\" src=\"data:image\/svg+xml;base64,PHN2ZyB3aWR0aD0iMSIgaGVpZ2h0PSIxIiB4bWxucz0iaHR0cDovL3d3dy53My5vcmcvMjAwMC9zdmciPjwvc3ZnPg==\" style=\"--smush-placeholder-width: 1024px; --smush-placeholder-aspect-ratio: 1024\/683;\" \/><\/figure>\n\n\n\n<figure class=\"wp-block-image size-full\"><img decoding=\"async\" width=\"683\" height=\"1024\" data-src=\"https:\/\/fincabravo.com\/wp-content\/uploads\/2025\/03\/casa-campo-before.jpg\" alt=\"\" class=\"wp-image-3878 lazyload\" data-srcset=\"https:\/\/fincabravo.com\/wp-content\/uploads\/2025\/03\/casa-campo-before.jpg 683w, https:\/\/fincabravo.com\/wp-content\/uploads\/2025\/03\/casa-campo-before-200x300.jpg 200w\" data-sizes=\"(max-width: 683px) 100vw, 683px\" src=\"data:image\/svg+xml;base64,PHN2ZyB3aWR0aD0iMSIgaGVpZ2h0PSIxIiB4bWxucz0iaHR0cDovL3d3dy53My5vcmcvMjAwMC9zdmciPjwvc3ZnPg==\" style=\"--smush-placeholder-width: 683px; --smush-placeholder-aspect-ratio: 683\/1024;\" \/><\/figure>\n\n\n\n<figure class=\"wp-block-image size-full\"><img decoding=\"async\" width=\"1024\" height=\"683\" data-src=\"https:\/\/fincabravo.com\/wp-content\/uploads\/2025\/03\/casa-campo-before-2.jpg\" alt=\"\" class=\"wp-image-3880 lazyload\" data-srcset=\"https:\/\/fincabravo.com\/wp-content\/uploads\/2025\/03\/casa-campo-before-2.jpg 1024w, https:\/\/fincabravo.com\/wp-content\/uploads\/2025\/03\/casa-campo-before-2-300x200.jpg 300w, https:\/\/fincabravo.com\/wp-content\/uploads\/2025\/03\/casa-campo-before-2-768x512.jpg 768w, https:\/\/fincabravo.com\/wp-content\/uploads\/2025\/03\/casa-campo-before-2-892x594.jpg 892w, https:\/\/fincabravo.com\/wp-content\/uploads\/2025\/03\/casa-campo-before-2-150x100.jpg 150w\" data-sizes=\"(max-width: 1024px) 100vw, 1024px\" src=\"data:image\/svg+xml;base64,PHN2ZyB3aWR0aD0iMSIgaGVpZ2h0PSIxIiB4bWxucz0iaHR0cDovL3d3dy53My5vcmcvMjAwMC9zdmciPjwvc3ZnPg==\" style=\"--smush-placeholder-width: 1024px; --smush-placeholder-aspect-ratio: 1024\/683;\" \/><\/figure>\n\n\n\n<figure class=\"wp-block-image size-full\"><img decoding=\"async\" width=\"1024\" height=\"683\" data-src=\"https:\/\/fincabravo.com\/wp-content\/uploads\/2025\/03\/casa-campo-before-3.jpg\" alt=\"\" class=\"wp-image-3882 lazyload\" data-srcset=\"https:\/\/fincabravo.com\/wp-content\/uploads\/2025\/03\/casa-campo-before-3.jpg 1024w, https:\/\/fincabravo.com\/wp-content\/uploads\/2025\/03\/casa-campo-before-3-300x200.jpg 300w, https:\/\/fincabravo.com\/wp-content\/uploads\/2025\/03\/casa-campo-before-3-768x512.jpg 768w, https:\/\/fincabravo.com\/wp-content\/uploads\/2025\/03\/casa-campo-before-3-892x594.jpg 892w, https:\/\/fincabravo.com\/wp-content\/uploads\/2025\/03\/casa-campo-before-3-150x100.jpg 150w\" data-sizes=\"(max-width: 1024px) 100vw, 1024px\" src=\"data:image\/svg+xml;base64,PHN2ZyB3aWR0aD0iMSIgaGVpZ2h0PSIxIiB4bWxucz0iaHR0cDovL3d3dy53My5vcmcvMjAwMC9zdmciPjwvc3ZnPg==\" style=\"--smush-placeholder-width: 1024px; --smush-placeholder-aspect-ratio: 1024\/683;\" \/><\/figure>\n\n\n\n<figure class=\"wp-block-image size-full\"><img decoding=\"async\" width=\"683\" height=\"1024\" data-src=\"https:\/\/fincabravo.com\/wp-content\/uploads\/2025\/03\/casa-campo-before-4.jpg\" alt=\"\" class=\"wp-image-3884 lazyload\" data-srcset=\"https:\/\/fincabravo.com\/wp-content\/uploads\/2025\/03\/casa-campo-before-4.jpg 683w, https:\/\/fincabravo.com\/wp-content\/uploads\/2025\/03\/casa-campo-before-4-200x300.jpg 200w\" data-sizes=\"(max-width: 683px) 100vw, 683px\" src=\"data:image\/svg+xml;base64,PHN2ZyB3aWR0aD0iMSIgaGVpZ2h0PSIxIiB4bWxucz0iaHR0cDovL3d3dy53My5vcmcvMjAwMC9zdmciPjwvc3ZnPg==\" style=\"--smush-placeholder-width: 683px; --smush-placeholder-aspect-ratio: 683\/1024;\" \/><\/figure>\n\n\n\n<figure class=\"wp-block-image size-full\"><img decoding=\"async\" width=\"1024\" height=\"683\" data-src=\"https:\/\/fincabravo.com\/wp-content\/uploads\/2025\/03\/casa-bohemia-with-Patricia-and-Pipa.jpg\" alt=\"\" class=\"wp-image-3886 lazyload\" data-srcset=\"https:\/\/fincabravo.com\/wp-content\/uploads\/2025\/03\/casa-bohemia-with-Patricia-and-Pipa.jpg 1024w, https:\/\/fincabravo.com\/wp-content\/uploads\/2025\/03\/casa-bohemia-with-Patricia-and-Pipa-300x200.jpg 300w, https:\/\/fincabravo.com\/wp-content\/uploads\/2025\/03\/casa-bohemia-with-Patricia-and-Pipa-768x512.jpg 768w, https:\/\/fincabravo.com\/wp-content\/uploads\/2025\/03\/casa-bohemia-with-Patricia-and-Pipa-892x594.jpg 892w, https:\/\/fincabravo.com\/wp-content\/uploads\/2025\/03\/casa-bohemia-with-Patricia-and-Pipa-150x100.jpg 150w\" data-sizes=\"(max-width: 1024px) 100vw, 1024px\" src=\"data:image\/svg+xml;base64,PHN2ZyB3aWR0aD0iMSIgaGVpZ2h0PSIxIiB4bWxucz0iaHR0cDovL3d3dy53My5vcmcvMjAwMC9zdmciPjwvc3ZnPg==\" style=\"--smush-placeholder-width: 1024px; --smush-placeholder-aspect-ratio: 1024\/683;\" \/><\/figure>\n\n\n\n<figure class=\"wp-block-image size-full\"><img decoding=\"async\" width=\"768\" height=\"1024\" data-src=\"https:\/\/fincabravo.com\/wp-content\/uploads\/2025\/03\/casa-Andalusa-bread-oven.jpg\" alt=\"\" class=\"wp-image-3888 lazyload\" data-srcset=\"https:\/\/fincabravo.com\/wp-content\/uploads\/2025\/03\/casa-Andalusa-bread-oven.jpg 768w, https:\/\/fincabravo.com\/wp-content\/uploads\/2025\/03\/casa-Andalusa-bread-oven-225x300.jpg 225w\" data-sizes=\"(max-width: 768px) 100vw, 768px\" src=\"data:image\/svg+xml;base64,PHN2ZyB3aWR0aD0iMSIgaGVpZ2h0PSIxIiB4bWxucz0iaHR0cDovL3d3dy53My5vcmcvMjAwMC9zdmciPjwvc3ZnPg==\" style=\"--smush-placeholder-width: 768px; --smush-placeholder-aspect-ratio: 768\/1024;\" \/><\/figure>\n\n\n\n<figure class=\"wp-block-image size-full\"><img decoding=\"async\" width=\"1024\" height=\"768\" data-src=\"https:\/\/fincabravo.com\/wp-content\/uploads\/2025\/03\/romantic-dinner.jpg\" alt=\"\" class=\"wp-image-3890 lazyload\" data-srcset=\"https:\/\/fincabravo.com\/wp-content\/uploads\/2025\/03\/romantic-dinner.jpg 1024w, https:\/\/fincabravo.com\/wp-content\/uploads\/2025\/03\/romantic-dinner-300x225.jpg 300w, https:\/\/fincabravo.com\/wp-content\/uploads\/2025\/03\/romantic-dinner-768x576.jpg 768w, https:\/\/fincabravo.com\/wp-content\/uploads\/2025\/03\/romantic-dinner-892x669.jpg 892w\" data-sizes=\"(max-width: 1024px) 100vw, 1024px\" src=\"data:image\/svg+xml;base64,PHN2ZyB3aWR0aD0iMSIgaGVpZ2h0PSIxIiB4bWxucz0iaHR0cDovL3d3dy53My5vcmcvMjAwMC9zdmciPjwvc3ZnPg==\" style=\"--smush-placeholder-width: 1024px; --smush-placeholder-aspect-ratio: 1024\/768;\" \/><\/figure>\n\n\n\n<figure class=\"wp-block-image size-full\"><img decoding=\"async\" width=\"1024\" height=\"768\" data-src=\"https:\/\/fincabravo.com\/wp-content\/uploads\/2025\/03\/living-room-casa-principal.jpg\" alt=\"\" class=\"wp-image-3892 lazyload\" data-srcset=\"https:\/\/fincabravo.com\/wp-content\/uploads\/2025\/03\/living-room-casa-principal.jpg 1024w, https:\/\/fincabravo.com\/wp-content\/uploads\/2025\/03\/living-room-casa-principal-300x225.jpg 300w, https:\/\/fincabravo.com\/wp-content\/uploads\/2025\/03\/living-room-casa-principal-768x576.jpg 768w, https:\/\/fincabravo.com\/wp-content\/uploads\/2025\/03\/living-room-casa-principal-892x669.jpg 892w\" data-sizes=\"(max-width: 1024px) 100vw, 1024px\" src=\"data:image\/svg+xml;base64,PHN2ZyB3aWR0aD0iMSIgaGVpZ2h0PSIxIiB4bWxucz0iaHR0cDovL3d3dy53My5vcmcvMjAwMC9zdmciPjwvc3ZnPg==\" style=\"--smush-placeholder-width: 1024px; --smush-placeholder-aspect-ratio: 1024\/768;\" \/><\/figure>\n\n\n\n<figure class=\"wp-block-image size-full\"><img decoding=\"async\" width=\"1024\" height=\"768\" data-src=\"https:\/\/fincabravo.com\/wp-content\/uploads\/2025\/03\/casa-Andalusa-before.jpg\" alt=\"\" class=\"wp-image-3894 lazyload\" data-srcset=\"https:\/\/fincabravo.com\/wp-content\/uploads\/2025\/03\/casa-Andalusa-before.jpg 1024w, https:\/\/fincabravo.com\/wp-content\/uploads\/2025\/03\/casa-Andalusa-before-300x225.jpg 300w, https:\/\/fincabravo.com\/wp-content\/uploads\/2025\/03\/casa-Andalusa-before-768x576.jpg 768w, https:\/\/fincabravo.com\/wp-content\/uploads\/2025\/03\/casa-Andalusa-before-892x669.jpg 892w\" data-sizes=\"(max-width: 1024px) 100vw, 1024px\" src=\"data:image\/svg+xml;base64,PHN2ZyB3aWR0aD0iMSIgaGVpZ2h0PSIxIiB4bWxucz0iaHR0cDovL3d3dy53My5vcmcvMjAwMC9zdmciPjwvc3ZnPg==\" style=\"--smush-placeholder-width: 1024px; --smush-placeholder-aspect-ratio: 1024\/768;\" \/><\/figure>\n\n\n\n<figure class=\"wp-block-image size-full\"><img decoding=\"async\" width=\"1024\" height=\"768\" data-src=\"https:\/\/fincabravo.com\/wp-content\/uploads\/2025\/03\/illegal-extension.jpg\" alt=\"\" class=\"wp-image-3896 lazyload\" data-srcset=\"https:\/\/fincabravo.com\/wp-content\/uploads\/2025\/03\/illegal-extension.jpg 1024w, https:\/\/fincabravo.com\/wp-content\/uploads\/2025\/03\/illegal-extension-300x225.jpg 300w, https:\/\/fincabravo.com\/wp-content\/uploads\/2025\/03\/illegal-extension-768x576.jpg 768w, https:\/\/fincabravo.com\/wp-content\/uploads\/2025\/03\/illegal-extension-892x669.jpg 892w\" data-sizes=\"(max-width: 1024px) 100vw, 1024px\" src=\"data:image\/svg+xml;base64,PHN2ZyB3aWR0aD0iMSIgaGVpZ2h0PSIxIiB4bWxucz0iaHR0cDovL3d3dy53My5vcmcvMjAwMC9zdmciPjwvc3ZnPg==\" style=\"--smush-placeholder-width: 1024px; --smush-placeholder-aspect-ratio: 1024\/768;\" \/><\/figure>\n","protected":false},"excerpt":{"rendered":"<p>As\u00ed luc\u00eda Finca Bravo cuando la compramos. Un peque\u00f1o viaje al pasado.<\/p>\n","protected":false},"author":2,"featured_media":3865,"parent":0,"menu_order":0,"comment_status":"closed","ping_status":"closed","template":"","meta":{"_monsterinsights_skip_tracking":false,"_monsterinsights_sitenote_active":false,"_monsterinsights_sitenote_note":"","_monsterinsights_sitenote_category":0,"footnotes":""},"class_list":["post-3901","page","type-page","status-publish","has-post-thumbnail","hentry"],"yoast_head":"<!-- This site is optimized with the Yoast SEO plugin v23.6 - https:\/\/yoast.com\/wordpress\/plugins\/seo\/ -->\n<title>Fotos antes - Alojamiento Rural<\/title>\n<meta name=\"robots\" content=\"index, follow, max-snippet:-1, max-image-preview:large, max-video-preview:-1\" \/>\n<link rel=\"canonical\" href=\"https:\/\/fincabravo.com\/es\/fotos-antes\" \/>\n<meta property=\"og:locale\" content=\"es_ES\" \/>\n<meta property=\"og:type\" content=\"article\" \/>\n<meta property=\"og:title\" content=\"Fotos antes - Alojamiento Rural\" \/>\n<meta property=\"og:description\" content=\"As\u00ed luc\u00eda Finca Bravo cuando la compramos. Un peque\u00f1o viaje al pasado.\" \/>\n<meta property=\"og:url\" content=\"https:\/\/fincabravo.com\/es\/fotos-antes\" \/>\n<meta property=\"og:site_name\" content=\"Alojamiento Rural\" \/>\n<meta property=\"article:modified_time\" content=\"2025-03-10T11:56:25+00:00\" \/>\n<meta property=\"og:image\" content=\"https:\/\/fincabravo.com\/wp-content\/uploads\/2025\/03\/casa-principal.jpg\" \/>\n\t<meta property=\"og:image:width\" content=\"1024\" \/>\n\t<meta property=\"og:image:height\" content=\"768\" \/>\n\t<meta property=\"og:image:type\" content=\"image\/jpeg\" \/>\n<meta name=\"twitter:card\" content=\"summary_large_image\" \/>\n<meta name=\"twitter:label1\" content=\"Tiempo de lectura\" \/>\n\t<meta name=\"twitter:data1\" content=\"4 minutos\" \/>\n<script type=\"application\/ld+json\" class=\"yoast-schema-graph\">{\"@context\":\"https:\/\/schema.org\",\"@graph\":[{\"@type\":\"WebPage\",\"@id\":\"https:\/\/fincabravo.com\/es\/fotos-antes\",\"url\":\"https:\/\/fincabravo.com\/es\/fotos-antes\",\"name\":\"Fotos antes - Alojamiento Rural\",\"isPartOf\":{\"@id\":\"https:\/\/fincabravo.com\/es#website\"},\"primaryImageOfPage\":{\"@id\":\"https:\/\/fincabravo.com\/es\/fotos-antes#primaryimage\"},\"image\":{\"@id\":\"https:\/\/fincabravo.com\/es\/fotos-antes#primaryimage\"},\"thumbnailUrl\":\"https:\/\/fincabravo.com\/wp-content\/uploads\/2025\/03\/outside-area-east-facing.jpg\",\"datePublished\":\"2025-03-10T11:56:24+00:00\",\"dateModified\":\"2025-03-10T11:56:25+00:00\",\"breadcrumb\":{\"@id\":\"https:\/\/fincabravo.com\/es\/fotos-antes#breadcrumb\"},\"inLanguage\":\"es\",\"potentialAction\":[{\"@type\":\"ReadAction\",\"target\":[\"https:\/\/fincabravo.com\/es\/fotos-antes\"]}]},{\"@type\":\"ImageObject\",\"inLanguage\":\"es\",\"@id\":\"https:\/\/fincabravo.com\/es\/fotos-antes#primaryimage\",\"url\":\"https:\/\/fincabravo.com\/wp-content\/uploads\/2025\/03\/outside-area-east-facing.jpg\",\"contentUrl\":\"https:\/\/fincabravo.com\/wp-content\/uploads\/2025\/03\/outside-area-east-facing.jpg\",\"width\":1024,\"height\":683},{\"@type\":\"BreadcrumbList\",\"@id\":\"https:\/\/fincabravo.com\/es\/fotos-antes#breadcrumb\",\"itemListElement\":[{\"@type\":\"ListItem\",\"position\":1,\"name\":\"Home\",\"item\":\"https:\/\/fincabravo.com\/es\"},{\"@type\":\"ListItem\",\"position\":2,\"name\":\"Fotos antes\"}]},{\"@type\":\"WebSite\",\"@id\":\"https:\/\/fincabravo.com\/es#website\",\"url\":\"https:\/\/fincabravo.com\/es\",\"name\":\"Alojamiento Rural\",\"description\":\"Reconnect with nature\",\"publisher\":{\"@id\":\"https:\/\/fincabravo.com\/es#organization\"},\"potentialAction\":[{\"@type\":\"SearchAction\",\"target\":{\"@type\":\"EntryPoint\",\"urlTemplate\":\"https:\/\/fincabravo.com\/es?s={search_term_string}\"},\"query-input\":{\"@type\":\"PropertyValueSpecification\",\"valueRequired\":true,\"valueName\":\"search_term_string\"}}],\"inLanguage\":\"es\"},{\"@type\":\"Organization\",\"@id\":\"https:\/\/fincabravo.com\/es#organization\",\"name\":\"Alojamiento Rural\",\"url\":\"https:\/\/fincabravo.com\/es\",\"logo\":{\"@type\":\"ImageObject\",\"inLanguage\":\"es\",\"@id\":\"https:\/\/fincabravo.com\/es#\/schema\/logo\/image\/\",\"url\":\"https:\/\/fincabravo.com\/wp-content\/uploads\/2020\/03\/cropped-cropped-DONTDELETE_LOGO_FINCA_BRAVO-circle-logo-100x100px-2.png\",\"contentUrl\":\"https:\/\/fincabravo.com\/wp-content\/uploads\/2020\/03\/cropped-cropped-DONTDELETE_LOGO_FINCA_BRAVO-circle-logo-100x100px-2.png\",\"width\":100,\"height\":100,\"caption\":\"Alojamiento Rural\\r\\n\"},\"image\":{\"@id\":\"https:\/\/fincabravo.com\/es#\/schema\/logo\/image\/\"}}]}<\/script>\n<!-- \/ Yoast SEO plugin. -->","yoast_head_json":{"title":"Fotos antes - Alojamiento Rural","robots":{"index":"index","follow":"follow","max-snippet":"max-snippet:-1","max-image-preview":"max-image-preview:large","max-video-preview":"max-video-preview:-1"},"canonical":"https:\/\/fincabravo.com\/es\/fotos-antes","og_locale":"es_ES","og_type":"article","og_title":"Fotos antes - Alojamiento Rural","og_description":"As\u00ed luc\u00eda Finca Bravo cuando la compramos. Un peque\u00f1o viaje al pasado.","og_url":"https:\/\/fincabravo.com\/es\/fotos-antes","og_site_name":"Alojamiento Rural","article_modified_time":"2025-03-10T11:56:25+00:00","og_image":[{"width":1024,"height":768,"url":"https:\/\/fincabravo.com\/wp-content\/uploads\/2025\/03\/casa-principal.jpg","type":"image\/jpeg"}],"twitter_card":"summary_large_image","twitter_misc":{"Tiempo de lectura":"4 minutos"},"schema":{"@context":"https:\/\/schema.org","@graph":[{"@type":"WebPage","@id":"https:\/\/fincabravo.com\/es\/fotos-antes","url":"https:\/\/fincabravo.com\/es\/fotos-antes","name":"Fotos antes - Alojamiento Rural","isPartOf":{"@id":"https:\/\/fincabravo.com\/es#website"},"primaryImageOfPage":{"@id":"https:\/\/fincabravo.com\/es\/fotos-antes#primaryimage"},"image":{"@id":"https:\/\/fincabravo.com\/es\/fotos-antes#primaryimage"},"thumbnailUrl":"https:\/\/fincabravo.com\/wp-content\/uploads\/2025\/03\/outside-area-east-facing.jpg","datePublished":"2025-03-10T11:56:24+00:00","dateModified":"2025-03-10T11:56:25+00:00","breadcrumb":{"@id":"https:\/\/fincabravo.com\/es\/fotos-antes#breadcrumb"},"inLanguage":"es","potentialAction":[{"@type":"ReadAction","target":["https:\/\/fincabravo.com\/es\/fotos-antes"]}]},{"@type":"ImageObject","inLanguage":"es","@id":"https:\/\/fincabravo.com\/es\/fotos-antes#primaryimage","url":"https:\/\/fincabravo.com\/wp-content\/uploads\/2025\/03\/outside-area-east-facing.jpg","contentUrl":"https:\/\/fincabravo.com\/wp-content\/uploads\/2025\/03\/outside-area-east-facing.jpg","width":1024,"height":683},{"@type":"BreadcrumbList","@id":"https:\/\/fincabravo.com\/es\/fotos-antes#breadcrumb","itemListElement":[{"@type":"ListItem","position":1,"name":"Home","item":"https:\/\/fincabravo.com\/es"},{"@type":"ListItem","position":2,"name":"Fotos antes"}]},{"@type":"WebSite","@id":"https:\/\/fincabravo.com\/es#website","url":"https:\/\/fincabravo.com\/es","name":"Alojamiento Rural","description":"Reconnect with nature","publisher":{"@id":"https:\/\/fincabravo.com\/es#organization"},"potentialAction":[{"@type":"SearchAction","target":{"@type":"EntryPoint","urlTemplate":"https:\/\/fincabravo.com\/es?s={search_term_string}"},"query-input":{"@type":"PropertyValueSpecification","valueRequired":true,"valueName":"search_term_string"}}],"inLanguage":"es"},{"@type":"Organization","@id":"https:\/\/fincabravo.com\/es#organization","name":"Alojamiento Rural","url":"https:\/\/fincabravo.com\/es","logo":{"@type":"ImageObject","inLanguage":"es","@id":"https:\/\/fincabravo.com\/es#\/schema\/logo\/image\/","url":"https:\/\/fincabravo.com\/wp-content\/uploads\/2020\/03\/cropped-cropped-DONTDELETE_LOGO_FINCA_BRAVO-circle-logo-100x100px-2.png","contentUrl":"https:\/\/fincabravo.com\/wp-content\/uploads\/2020\/03\/cropped-cropped-DONTDELETE_LOGO_FINCA_BRAVO-circle-logo-100x100px-2.png","width":100,"height":100,"caption":"Alojamiento Rural\r\n"},"image":{"@id":"https:\/\/fincabravo.com\/es#\/schema\/logo\/image\/"}}]}},"_links":{"self":[{"href":"https:\/\/fincabravo.com\/es\/wp-json\/wp\/v2\/pages\/3901"}],"collection":[{"href":"https:\/\/fincabravo.com\/es\/wp-json\/wp\/v2\/pages"}],"about":[{"href":"https:\/\/fincabravo.com\/es\/wp-json\/wp\/v2\/types\/page"}],"author":[{"embeddable":true,"href":"https:\/\/fincabravo.com\/es\/wp-json\/wp\/v2\/users\/2"}],"replies":[{"embeddable":true,"href":"https:\/\/fincabravo.com\/es\/wp-json\/wp\/v2\/comments?post=3901"}],"version-history":[{"count":1,"href":"https:\/\/fincabravo.com\/es\/wp-json\/wp\/v2\/pages\/3901\/revisions"}],"predecessor-version":[{"id":3903,"href":"https:\/\/fincabravo.com\/es\/wp-json\/wp\/v2\/pages\/3901\/revisions\/3903"}],"wp:featuredmedia":[{"embeddable":true,"href":"https:\/\/fincabravo.com\/es\/wp-json\/wp\/v2\/media\/3865"}],"wp:attachment":[{"href":"https:\/\/fincabravo.com\/es\/wp-json\/wp\/v2\/media?parent=3901"}],"curies":[{"name":"wp","href":"https:\/\/api.w.org\/{rel}","templated":true}]}}