{"id":3837,"date":"2025-03-05T10:55:20","date_gmt":"2025-03-05T10:55:20","guid":{"rendered":"https:\/\/fincabravo.com\/?page_id=3837"},"modified":"2025-03-05T11:18:38","modified_gmt":"2025-03-05T11:18:38","slug":"experiencias","status":"publish","type":"page","link":"https:\/\/fincabravo.com\/es\/experiencias","title":{"rendered":"Experiencias"},"content":{"rendered":"\n<p>Haz que tu estancia en Finca Bravo  sea una experiencia inolvidable. Env\u00edanos un mensaje para m\u00e1s informaci\u00f3n o para reservar una de las experiencias que aparecen a continuaci\u00f3n: T.\u00a0<a href=\"tel:+34 690 12 55 90\">+34 690 12 55 90<\/a>.<\/p>\n\n\n\n<p>Todos estos servicios son exclusivos para clientes hospedados bajo reserva previa.<\/p>\n\n\n\n<h3 class=\"wp-block-heading\">Masaje<\/h3>\n\n\n\n<p>Reserva un masaje relajante o descontracturante de 45 minutos con nuestra masajista profesional desde la comodidad de tu apartamento. \u20ac60 EUR<\/p>\n\n\n\n<div class=\"wp-block-buttons is-layout-flex wp-block-buttons-is-layout-flex\">\n<div class=\"wp-block-button\"><a class=\"wp-block-button__link wp-element-button\" href=\"https:\/\/wa.me\/+34690125590?text=I%27m%20interested%20in%20booking%20a%20massage%20\">Reserva Masaje<\/a><\/div>\n<\/div>\n\n\n\n<figure class=\"wp-block-image\"><img decoding=\"async\" width=\"999\" height=\"667\" data-src=\"https:\/\/fincabravo.com\/wp-content\/uploads\/2025\/02\/massage.png\" alt=\"\" class=\"wp-image-3768 lazyload\" data-srcset=\"https:\/\/fincabravo.com\/wp-content\/uploads\/2025\/02\/massage.png 999w, https:\/\/fincabravo.com\/wp-content\/uploads\/2025\/02\/massage-300x200.png 300w, https:\/\/fincabravo.com\/wp-content\/uploads\/2025\/02\/massage-768x513.png 768w, https:\/\/fincabravo.com\/wp-content\/uploads\/2025\/02\/massage-892x596.png 892w, https:\/\/fincabravo.com\/wp-content\/uploads\/2025\/02\/massage-150x100.png 150w\" data-sizes=\"(max-width: 999px) 100vw, 999px\" src=\"data:image\/svg+xml;base64,PHN2ZyB3aWR0aD0iMSIgaGVpZ2h0PSIxIiB4bWxucz0iaHR0cDovL3d3dy53My5vcmcvMjAwMC9zdmciPjwvc3ZnPg==\" style=\"--smush-placeholder-width: 999px; --smush-placeholder-aspect-ratio: 999\/667;\" \/><\/figure>\n\n\n\n<h3 class=\"wp-block-heading\">Yoga<\/h3>\n\n\n\n<p>Reserva una clase de yoga o pilates privada en la comodidad de tu apartamento. <\/p>\n\n\n\n<p>Yoga &#8211; \u20ac30 EUR por 60 mins <\/p>\n\n\n\n<p>Pilates &#8211; \u20ac45 EUR por 75 mins<\/p>\n\n\n\n<div class=\"wp-block-buttons is-layout-flex wp-block-buttons-is-layout-flex\">\n<div class=\"wp-block-button\"><a class=\"wp-block-button__link wp-element-button\" href=\"https:\/\/wa.me\/+34690125590?text=I%27m%20interested%20in%20booking%20a%20yoga%20session%20\">Reserva Yoga O PILATES<\/a><\/div>\n<\/div>\n\n\n\n<h3 class=\"wp-block-heading\">M<strong>ontar a caballo<\/strong><\/h3>\n\n\n\n<p>Reserva un paseo a caballo por la Sierra de Aracena en el Picadero La Suerte en Galaroza. \u20ac35 EUR por persona por paseo de 1 hora.<\/p>\n\n\n\n<div class=\"wp-block-buttons is-layout-flex wp-block-buttons-is-layout-flex\">\n<div class=\"wp-block-button\"><a class=\"wp-block-button__link wp-element-button\" href=\"https:\/\/wa.me\/+34690125590?text=I%27m%20interested%20in%20booking%20a%20horseback%20ride%20\">Reserva PASEO a caballo<\/a><\/div>\n<\/div>\n\n\n\n<h3 class=\"wp-block-heading\">Senderismo<\/h3>\n\n\n\n<p>Hemos enumerado nuestras rutas de senderismo favoritas cerca de la finca. Ven y descubre una de las muchas rutas por la cual la Sierra es tan conocida.<\/p>\n\n\n\n<div class=\"wp-block-buttons is-layout-flex wp-block-buttons-is-layout-flex\">\n<div class=\"wp-block-button\"><a class=\"wp-block-button__link wp-element-button\" href=\"https:\/\/fincabravo.com\/top-10-circular-walks-in-the-sierra-de-aracena#more-2590\">NuestrAS 10 rutas favoritas<\/a><\/div>\n<\/div>\n\n\n\n<h3 class=\"wp-block-heading\"><strong>Bicicleta el\u00e9ctrica<\/strong><\/h3>\n\n\n\n<p>Alquila una bicicleta el\u00e9ctrica en Aracena y explora la Sierra de una forma \u00fanica. \u20ac50 EUR por persona por d\u00eda.<\/p>\n\n\n\n<div class=\"wp-block-buttons is-layout-flex wp-block-buttons-is-layout-flex\">\n<div class=\"wp-block-button\"><a class=\"wp-block-button__link wp-element-button\" href=\"https:\/\/wa.me\/+34690125590?text=I%27m%20interested%20in%20renting%20an%20e-bike%20\">Reserva bicicleta El\u00e9ctrica<\/a><\/div>\n<\/div>\n\n\n\n<figure class=\"wp-block-image\"><img decoding=\"async\" width=\"750\" height=\"996\" data-src=\"https:\/\/fincabravo.com\/wp-content\/uploads\/2025\/02\/mountain-bike-1.jpg\" alt=\"\" class=\"wp-image-3777 lazyload\" data-srcset=\"https:\/\/fincabravo.com\/wp-content\/uploads\/2025\/02\/mountain-bike-1.jpg 750w, https:\/\/fincabravo.com\/wp-content\/uploads\/2025\/02\/mountain-bike-1-226x300.jpg 226w\" data-sizes=\"(max-width: 750px) 100vw, 750px\" src=\"data:image\/svg+xml;base64,PHN2ZyB3aWR0aD0iMSIgaGVpZ2h0PSIxIiB4bWxucz0iaHR0cDovL3d3dy53My5vcmcvMjAwMC9zdmciPjwvc3ZnPg==\" style=\"--smush-placeholder-width: 750px; --smush-placeholder-aspect-ratio: 750\/996;\" \/><\/figure>\n\n\n\n<h3 class=\"wp-block-heading\"><strong>Visitas Jam\u00f3n<\/strong><\/h3>\n\n\n\n<p>Visita Bodega Cinco Jotas, reconocida en toda Espa\u00f1a por su Jam\u00f3n Pata Negra. La visita dura 1 hora e incluye visita a la bodega y degustaci\u00f3n de jam\u00f3n y vino. \u20ac30 EUR por persona.<\/p>\n\n\n\n<div class=\"wp-block-buttons is-layout-flex wp-block-buttons-is-layout-flex\">\n<div class=\"wp-block-button\"><a class=\"wp-block-button__link wp-element-button\" href=\"https:\/\/wa.me\/+34690125590?text=I%27m%20interested%20in%20booking%20a%20ham%20visit%20\">Reserva visita BODEGA DE jam\u00f3n<\/a><\/div>\n<\/div>\n\n\n\n<p><\/p>\n","protected":false},"excerpt":{"rendered":"<p>Haz que tu estancia en Finca Bravo sea una experiencia inolvidable. Env\u00edanos un mensaje para m\u00e1s informaci\u00f3n o para reservar una de las experiencias que aparecen a continuaci\u00f3n: T.\u00a0+34 690 12 55 90. Todos estos servicios son exclusivos para clientes hospedados bajo reserva previa. Masaje Reserva un masaje relajante o descontracturante de 45 minutos con [&hellip;]<\/p>\n","protected":false},"author":2,"featured_media":0,"parent":0,"menu_order":0,"comment_status":"closed","ping_status":"closed","template":"","meta":{"_monsterinsights_skip_tracking":false,"_monsterinsights_sitenote_active":false,"_monsterinsights_sitenote_note":"","_monsterinsights_sitenote_category":0,"footnotes":""},"class_list":["post-3837","page","type-page","status-publish","hentry"],"yoast_head":"<!-- This site is optimized with the Yoast SEO plugin v23.6 - https:\/\/yoast.com\/wordpress\/plugins\/seo\/ -->\n<title>Experiencias - Alojamiento Rural<\/title>\n<meta name=\"robots\" content=\"index, follow, max-snippet:-1, max-image-preview:large, max-video-preview:-1\" \/>\n<link rel=\"canonical\" href=\"https:\/\/fincabravo.com\/es\/experiencias\" \/>\n<meta property=\"og:locale\" content=\"es_ES\" \/>\n<meta property=\"og:type\" content=\"article\" \/>\n<meta property=\"og:title\" content=\"Experiencias - Alojamiento Rural\" \/>\n<meta property=\"og:description\" content=\"Haz que tu estancia en Finca Bravo sea una experiencia inolvidable. Env\u00edanos un mensaje para m\u00e1s informaci\u00f3n o para reservar una de las experiencias que aparecen a continuaci\u00f3n: T.\u00a0+34 690 12 55 90. Todos estos servicios son exclusivos para clientes hospedados bajo reserva previa. Masaje Reserva un masaje relajante o descontracturante de 45 minutos con [&hellip;]\" \/>\n<meta property=\"og:url\" content=\"https:\/\/fincabravo.com\/es\/experiencias\" \/>\n<meta property=\"og:site_name\" content=\"Alojamiento Rural\" \/>\n<meta property=\"article:modified_time\" content=\"2025-03-05T11:18:38+00:00\" \/>\n<meta property=\"og:image\" content=\"https:\/\/fincabravo.com\/wp-content\/uploads\/2025\/02\/massage.png\" \/>\n\t<meta property=\"og:image:width\" content=\"999\" \/>\n\t<meta property=\"og:image:height\" content=\"667\" \/>\n\t<meta property=\"og:image:type\" content=\"image\/png\" \/>\n<meta name=\"twitter:card\" content=\"summary_large_image\" \/>\n<meta name=\"twitter:label1\" content=\"Tiempo de lectura\" \/>\n\t<meta name=\"twitter:data1\" content=\"2 minutos\" \/>\n<script type=\"application\/ld+json\" class=\"yoast-schema-graph\">{\"@context\":\"https:\/\/schema.org\",\"@graph\":[{\"@type\":\"WebPage\",\"@id\":\"https:\/\/fincabravo.com\/es\/experiencias\",\"url\":\"https:\/\/fincabravo.com\/es\/experiencias\",\"name\":\"Experiencias - Alojamiento Rural\",\"isPartOf\":{\"@id\":\"https:\/\/fincabravo.com\/es#website\"},\"primaryImageOfPage\":{\"@id\":\"https:\/\/fincabravo.com\/es\/experiencias#primaryimage\"},\"image\":{\"@id\":\"https:\/\/fincabravo.com\/es\/experiencias#primaryimage\"},\"thumbnailUrl\":\"https:\/\/fincabravo.com\/wp-content\/uploads\/2025\/02\/massage.png\",\"datePublished\":\"2025-03-05T10:55:20+00:00\",\"dateModified\":\"2025-03-05T11:18:38+00:00\",\"breadcrumb\":{\"@id\":\"https:\/\/fincabravo.com\/es\/experiencias#breadcrumb\"},\"inLanguage\":\"es\",\"potentialAction\":[{\"@type\":\"ReadAction\",\"target\":[\"https:\/\/fincabravo.com\/es\/experiencias\"]}]},{\"@type\":\"ImageObject\",\"inLanguage\":\"es\",\"@id\":\"https:\/\/fincabravo.com\/es\/experiencias#primaryimage\",\"url\":\"https:\/\/fincabravo.com\/wp-content\/uploads\/2025\/02\/massage.png\",\"contentUrl\":\"https:\/\/fincabravo.com\/wp-content\/uploads\/2025\/02\/massage.png\"},{\"@type\":\"BreadcrumbList\",\"@id\":\"https:\/\/fincabravo.com\/es\/experiencias#breadcrumb\",\"itemListElement\":[{\"@type\":\"ListItem\",\"position\":1,\"name\":\"Home\",\"item\":\"https:\/\/fincabravo.com\/es\"},{\"@type\":\"ListItem\",\"position\":2,\"name\":\"Experiencias\"}]},{\"@type\":\"WebSite\",\"@id\":\"https:\/\/fincabravo.com\/es#website\",\"url\":\"https:\/\/fincabravo.com\/es\",\"name\":\"Alojamiento Rural\",\"description\":\"Reconnect with nature\",\"publisher\":{\"@id\":\"https:\/\/fincabravo.com\/es#organization\"},\"potentialAction\":[{\"@type\":\"SearchAction\",\"target\":{\"@type\":\"EntryPoint\",\"urlTemplate\":\"https:\/\/fincabravo.com\/es?s={search_term_string}\"},\"query-input\":{\"@type\":\"PropertyValueSpecification\",\"valueRequired\":true,\"valueName\":\"search_term_string\"}}],\"inLanguage\":\"es\"},{\"@type\":\"Organization\",\"@id\":\"https:\/\/fincabravo.com\/es#organization\",\"name\":\"Alojamiento Rural\",\"url\":\"https:\/\/fincabravo.com\/es\",\"logo\":{\"@type\":\"ImageObject\",\"inLanguage\":\"es\",\"@id\":\"https:\/\/fincabravo.com\/es#\/schema\/logo\/image\/\",\"url\":\"https:\/\/fincabravo.com\/wp-content\/uploads\/2020\/03\/cropped-cropped-DONTDELETE_LOGO_FINCA_BRAVO-circle-logo-100x100px-2.png\",\"contentUrl\":\"https:\/\/fincabravo.com\/wp-content\/uploads\/2020\/03\/cropped-cropped-DONTDELETE_LOGO_FINCA_BRAVO-circle-logo-100x100px-2.png\",\"width\":100,\"height\":100,\"caption\":\"Alojamiento Rural\\r\\n\"},\"image\":{\"@id\":\"https:\/\/fincabravo.com\/es#\/schema\/logo\/image\/\"}}]}<\/script>\n<!-- \/ Yoast SEO plugin. -->","yoast_head_json":{"title":"Experiencias - Alojamiento Rural","robots":{"index":"index","follow":"follow","max-snippet":"max-snippet:-1","max-image-preview":"max-image-preview:large","max-video-preview":"max-video-preview:-1"},"canonical":"https:\/\/fincabravo.com\/es\/experiencias","og_locale":"es_ES","og_type":"article","og_title":"Experiencias - Alojamiento Rural","og_description":"Haz que tu estancia en Finca Bravo sea una experiencia inolvidable. Env\u00edanos un mensaje para m\u00e1s informaci\u00f3n o para reservar una de las experiencias que aparecen a continuaci\u00f3n: T.\u00a0+34 690 12 55 90. Todos estos servicios son exclusivos para clientes hospedados bajo reserva previa. Masaje Reserva un masaje relajante o descontracturante de 45 minutos con [&hellip;]","og_url":"https:\/\/fincabravo.com\/es\/experiencias","og_site_name":"Alojamiento Rural","article_modified_time":"2025-03-05T11:18:38+00:00","og_image":[{"width":999,"height":667,"url":"https:\/\/fincabravo.com\/wp-content\/uploads\/2025\/02\/massage.png","type":"image\/png"}],"twitter_card":"summary_large_image","twitter_misc":{"Tiempo de lectura":"2 minutos"},"schema":{"@context":"https:\/\/schema.org","@graph":[{"@type":"WebPage","@id":"https:\/\/fincabravo.com\/es\/experiencias","url":"https:\/\/fincabravo.com\/es\/experiencias","name":"Experiencias - Alojamiento Rural","isPartOf":{"@id":"https:\/\/fincabravo.com\/es#website"},"primaryImageOfPage":{"@id":"https:\/\/fincabravo.com\/es\/experiencias#primaryimage"},"image":{"@id":"https:\/\/fincabravo.com\/es\/experiencias#primaryimage"},"thumbnailUrl":"https:\/\/fincabravo.com\/wp-content\/uploads\/2025\/02\/massage.png","datePublished":"2025-03-05T10:55:20+00:00","dateModified":"2025-03-05T11:18:38+00:00","breadcrumb":{"@id":"https:\/\/fincabravo.com\/es\/experiencias#breadcrumb"},"inLanguage":"es","potentialAction":[{"@type":"ReadAction","target":["https:\/\/fincabravo.com\/es\/experiencias"]}]},{"@type":"ImageObject","inLanguage":"es","@id":"https:\/\/fincabravo.com\/es\/experiencias#primaryimage","url":"https:\/\/fincabravo.com\/wp-content\/uploads\/2025\/02\/massage.png","contentUrl":"https:\/\/fincabravo.com\/wp-content\/uploads\/2025\/02\/massage.png"},{"@type":"BreadcrumbList","@id":"https:\/\/fincabravo.com\/es\/experiencias#breadcrumb","itemListElement":[{"@type":"ListItem","position":1,"name":"Home","item":"https:\/\/fincabravo.com\/es"},{"@type":"ListItem","position":2,"name":"Experiencias"}]},{"@type":"WebSite","@id":"https:\/\/fincabravo.com\/es#website","url":"https:\/\/fincabravo.com\/es","name":"Alojamiento Rural","description":"Reconnect with nature","publisher":{"@id":"https:\/\/fincabravo.com\/es#organization"},"potentialAction":[{"@type":"SearchAction","target":{"@type":"EntryPoint","urlTemplate":"https:\/\/fincabravo.com\/es?s={search_term_string}"},"query-input":{"@type":"PropertyValueSpecification","valueRequired":true,"valueName":"search_term_string"}}],"inLanguage":"es"},{"@type":"Organization","@id":"https:\/\/fincabravo.com\/es#organization","name":"Alojamiento Rural","url":"https:\/\/fincabravo.com\/es","logo":{"@type":"ImageObject","inLanguage":"es","@id":"https:\/\/fincabravo.com\/es#\/schema\/logo\/image\/","url":"https:\/\/fincabravo.com\/wp-content\/uploads\/2020\/03\/cropped-cropped-DONTDELETE_LOGO_FINCA_BRAVO-circle-logo-100x100px-2.png","contentUrl":"https:\/\/fincabravo.com\/wp-content\/uploads\/2020\/03\/cropped-cropped-DONTDELETE_LOGO_FINCA_BRAVO-circle-logo-100x100px-2.png","width":100,"height":100,"caption":"Alojamiento Rural\r\n"},"image":{"@id":"https:\/\/fincabravo.com\/es#\/schema\/logo\/image\/"}}]}},"_links":{"self":[{"href":"https:\/\/fincabravo.com\/es\/wp-json\/wp\/v2\/pages\/3837"}],"collection":[{"href":"https:\/\/fincabravo.com\/es\/wp-json\/wp\/v2\/pages"}],"about":[{"href":"https:\/\/fincabravo.com\/es\/wp-json\/wp\/v2\/types\/page"}],"author":[{"embeddable":true,"href":"https:\/\/fincabravo.com\/es\/wp-json\/wp\/v2\/users\/2"}],"replies":[{"embeddable":true,"href":"https:\/\/fincabravo.com\/es\/wp-json\/wp\/v2\/comments?post=3837"}],"version-history":[{"count":8,"href":"https:\/\/fincabravo.com\/es\/wp-json\/wp\/v2\/pages\/3837\/revisions"}],"predecessor-version":[{"id":3850,"href":"https:\/\/fincabravo.com\/es\/wp-json\/wp\/v2\/pages\/3837\/revisions\/3850"}],"wp:attachment":[{"href":"https:\/\/fincabravo.com\/es\/wp-json\/wp\/v2\/media?parent=3837"}],"curies":[{"name":"wp","href":"https:\/\/api.w.org\/{rel}","templated":true}]}}