{"id":3833,"date":"2025-03-05T10:43:05","date_gmt":"2025-03-05T10:43:05","guid":{"rendered":"https:\/\/fincabravo.com\/?page_id=3833"},"modified":"2025-03-05T10:44:55","modified_gmt":"2025-03-05T10:44:55","slug":"packs","status":"publish","type":"page","link":"https:\/\/fincabravo.com\/es\/packs","title":{"rendered":"Packs"},"content":{"rendered":"\n<p>Reg\u00e1late uno de nuestros packs:<\/p>\n\n\n\n<h3 class=\"wp-block-heading\">Pack Rom\u00e1ntico \u2013 40 EUR<\/h3>\n\n\n\n<p>Haz que tu estancia sea a\u00fan m\u00e1s rom\u00e1ntica con nuestro Pack Rom\u00e1ntico. Incluye: botella de cava Anna de Codorniu, fruta fresca, chocolates, p\u00e9talos de flores y una tarjeta personalizada.<\/p>\n\n\n\n<div class=\"wp-block-buttons is-layout-flex wp-block-buttons-is-layout-flex\">\n<div class=\"wp-block-button\"><a class=\"wp-block-button__link wp-element-button\" href=\"https:\/\/wa.me\/+34690125590?text=Quiero%20reservar%20un%20Pack%20Rom\u00e1ntico%20\">Reserva Un Pack Rom\u00e1ntico<\/a><\/div>\n<\/div>\n\n\n\n<h3 class=\"wp-block-heading\">Pack Gourmet \u2013 60 EUR<\/h3>\n\n\n\n<p>Saborea la Sierra con nuestro pack Gourmet. Incluye: botella de vino tinto de la zona (Bemoles), pack de 4 cervezas locales, tableta de chocolate, jam\u00f3n pata negra de la zona y queso de cabra de la zona.<\/p>\n\n\n\n<div class=\"wp-block-buttons is-layout-flex wp-block-buttons-is-layout-flex\">\n<div class=\"wp-block-button\"><a class=\"wp-block-button__link wp-element-button\" href=\"https:\/\/wa.me\/+34690125590?text=Quiero%20reservar%20un%20Pack%20Gourmet%20\">Reserva Un Pack Gourmet<\/a><\/div>\n<\/div>\n\n\n\n<h3 class=\"wp-block-heading\">Pack Date Un Mimo \u2013 75 EUR<\/h3>\n\n\n\n<p>Reg\u00e1late un masaje de 45 minutos en la comodidad de tu propio apartamento. Este pack incluye adem\u00e1s una botella de cava Anna de Codorniu y chocolates.<\/p>\n\n\n\n<div class=\"wp-block-buttons is-layout-flex wp-block-buttons-is-layout-flex\">\n<div class=\"wp-block-button\"><a class=\"wp-block-button__link wp-element-button\" href=\"https:\/\/wa.me\/+34690125590?text=Quiero%20reservar%20un%20Pack%20Date%20Un%20Mimo%20\">Reserva Date un mimo<\/a><\/div>\n<\/div>\n","protected":false},"excerpt":{"rendered":"<p>Reg\u00e1late uno de nuestros packs: Pack Rom\u00e1ntico \u2013 40 EUR Haz que tu estancia sea a\u00fan m\u00e1s rom\u00e1ntica con nuestro Pack Rom\u00e1ntico. Incluye: botella de cava Anna de Codorniu, fruta fresca, chocolates, p\u00e9talos de flores y una tarjeta personalizada. Pack Gourmet \u2013 60 EUR Saborea la Sierra con nuestro pack Gourmet. Incluye: botella de vino [&hellip;]<\/p>\n","protected":false},"author":2,"featured_media":3769,"parent":0,"menu_order":0,"comment_status":"closed","ping_status":"closed","template":"","meta":{"_monsterinsights_skip_tracking":false,"_monsterinsights_sitenote_active":false,"_monsterinsights_sitenote_note":"","_monsterinsights_sitenote_category":0,"footnotes":""},"class_list":["post-3833","page","type-page","status-publish","has-post-thumbnail","hentry"],"yoast_head":"<!-- This site is optimized with the Yoast SEO plugin v23.6 - https:\/\/yoast.com\/wordpress\/plugins\/seo\/ -->\n<title>Packs - Alojamiento Rural<\/title>\n<meta name=\"robots\" content=\"index, follow, max-snippet:-1, max-image-preview:large, max-video-preview:-1\" \/>\n<link rel=\"canonical\" href=\"https:\/\/fincabravo.com\/es\/packs\" \/>\n<meta property=\"og:locale\" content=\"es_ES\" \/>\n<meta property=\"og:type\" content=\"article\" \/>\n<meta property=\"og:title\" content=\"Packs - Alojamiento Rural\" \/>\n<meta property=\"og:description\" content=\"Reg\u00e1late uno de nuestros packs: Pack Rom\u00e1ntico \u2013 40 EUR Haz que tu estancia sea a\u00fan m\u00e1s rom\u00e1ntica con nuestro Pack Rom\u00e1ntico. Incluye: botella de cava Anna de Codorniu, fruta fresca, chocolates, p\u00e9talos de flores y una tarjeta personalizada. Pack Gourmet \u2013 60 EUR Saborea la Sierra con nuestro pack Gourmet. Incluye: botella de vino [&hellip;]\" \/>\n<meta property=\"og:url\" content=\"https:\/\/fincabravo.com\/es\/packs\" \/>\n<meta property=\"og:site_name\" content=\"Alojamiento Rural\" \/>\n<meta property=\"article:modified_time\" content=\"2025-03-05T10:44:55+00:00\" \/>\n<meta name=\"twitter:card\" content=\"summary_large_image\" \/>\n<meta name=\"twitter:label1\" content=\"Tiempo de lectura\" \/>\n\t<meta name=\"twitter:data1\" content=\"1 minuto\" \/>\n<script type=\"application\/ld+json\" class=\"yoast-schema-graph\">{\"@context\":\"https:\/\/schema.org\",\"@graph\":[{\"@type\":\"WebPage\",\"@id\":\"https:\/\/fincabravo.com\/es\/packs\",\"url\":\"https:\/\/fincabravo.com\/es\/packs\",\"name\":\"Packs - Alojamiento Rural\",\"isPartOf\":{\"@id\":\"https:\/\/fincabravo.com\/es#website\"},\"primaryImageOfPage\":{\"@id\":\"https:\/\/fincabravo.com\/es\/packs#primaryimage\"},\"image\":{\"@id\":\"https:\/\/fincabravo.com\/es\/packs#primaryimage\"},\"thumbnailUrl\":\"https:\/\/fincabravo.com\/wp-content\/uploads\/2025\/02\/massage.png\",\"datePublished\":\"2025-03-05T10:43:05+00:00\",\"dateModified\":\"2025-03-05T10:44:55+00:00\",\"breadcrumb\":{\"@id\":\"https:\/\/fincabravo.com\/es\/packs#breadcrumb\"},\"inLanguage\":\"es\",\"potentialAction\":[{\"@type\":\"ReadAction\",\"target\":[\"https:\/\/fincabravo.com\/es\/packs\"]}]},{\"@type\":\"ImageObject\",\"inLanguage\":\"es\",\"@id\":\"https:\/\/fincabravo.com\/es\/packs#primaryimage\",\"url\":\"https:\/\/fincabravo.com\/wp-content\/uploads\/2025\/02\/massage.png\",\"contentUrl\":\"https:\/\/fincabravo.com\/wp-content\/uploads\/2025\/02\/massage.png\",\"width\":999,\"height\":667},{\"@type\":\"BreadcrumbList\",\"@id\":\"https:\/\/fincabravo.com\/es\/packs#breadcrumb\",\"itemListElement\":[{\"@type\":\"ListItem\",\"position\":1,\"name\":\"Home\",\"item\":\"https:\/\/fincabravo.com\/es\"},{\"@type\":\"ListItem\",\"position\":2,\"name\":\"Packs\"}]},{\"@type\":\"WebSite\",\"@id\":\"https:\/\/fincabravo.com\/es#website\",\"url\":\"https:\/\/fincabravo.com\/es\",\"name\":\"Alojamiento Rural\",\"description\":\"Reconnect with nature\",\"publisher\":{\"@id\":\"https:\/\/fincabravo.com\/es#organization\"},\"potentialAction\":[{\"@type\":\"SearchAction\",\"target\":{\"@type\":\"EntryPoint\",\"urlTemplate\":\"https:\/\/fincabravo.com\/es?s={search_term_string}\"},\"query-input\":{\"@type\":\"PropertyValueSpecification\",\"valueRequired\":true,\"valueName\":\"search_term_string\"}}],\"inLanguage\":\"es\"},{\"@type\":\"Organization\",\"@id\":\"https:\/\/fincabravo.com\/es#organization\",\"name\":\"Alojamiento Rural\",\"url\":\"https:\/\/fincabravo.com\/es\",\"logo\":{\"@type\":\"ImageObject\",\"inLanguage\":\"es\",\"@id\":\"https:\/\/fincabravo.com\/es#\/schema\/logo\/image\/\",\"url\":\"https:\/\/fincabravo.com\/wp-content\/uploads\/2020\/03\/cropped-cropped-DONTDELETE_LOGO_FINCA_BRAVO-circle-logo-100x100px-2.png\",\"contentUrl\":\"https:\/\/fincabravo.com\/wp-content\/uploads\/2020\/03\/cropped-cropped-DONTDELETE_LOGO_FINCA_BRAVO-circle-logo-100x100px-2.png\",\"width\":100,\"height\":100,\"caption\":\"Alojamiento Rural\\r\\n\"},\"image\":{\"@id\":\"https:\/\/fincabravo.com\/es#\/schema\/logo\/image\/\"}}]}<\/script>\n<!-- \/ Yoast SEO plugin. -->","yoast_head_json":{"title":"Packs - Alojamiento Rural","robots":{"index":"index","follow":"follow","max-snippet":"max-snippet:-1","max-image-preview":"max-image-preview:large","max-video-preview":"max-video-preview:-1"},"canonical":"https:\/\/fincabravo.com\/es\/packs","og_locale":"es_ES","og_type":"article","og_title":"Packs - Alojamiento Rural","og_description":"Reg\u00e1late uno de nuestros packs: Pack Rom\u00e1ntico \u2013 40 EUR Haz que tu estancia sea a\u00fan m\u00e1s rom\u00e1ntica con nuestro Pack Rom\u00e1ntico. Incluye: botella de cava Anna de Codorniu, fruta fresca, chocolates, p\u00e9talos de flores y una tarjeta personalizada. Pack Gourmet \u2013 60 EUR Saborea la Sierra con nuestro pack Gourmet. Incluye: botella de vino [&hellip;]","og_url":"https:\/\/fincabravo.com\/es\/packs","og_site_name":"Alojamiento Rural","article_modified_time":"2025-03-05T10:44:55+00:00","twitter_card":"summary_large_image","twitter_misc":{"Tiempo de lectura":"1 minuto"},"schema":{"@context":"https:\/\/schema.org","@graph":[{"@type":"WebPage","@id":"https:\/\/fincabravo.com\/es\/packs","url":"https:\/\/fincabravo.com\/es\/packs","name":"Packs - Alojamiento Rural","isPartOf":{"@id":"https:\/\/fincabravo.com\/es#website"},"primaryImageOfPage":{"@id":"https:\/\/fincabravo.com\/es\/packs#primaryimage"},"image":{"@id":"https:\/\/fincabravo.com\/es\/packs#primaryimage"},"thumbnailUrl":"https:\/\/fincabravo.com\/wp-content\/uploads\/2025\/02\/massage.png","datePublished":"2025-03-05T10:43:05+00:00","dateModified":"2025-03-05T10:44:55+00:00","breadcrumb":{"@id":"https:\/\/fincabravo.com\/es\/packs#breadcrumb"},"inLanguage":"es","potentialAction":[{"@type":"ReadAction","target":["https:\/\/fincabravo.com\/es\/packs"]}]},{"@type":"ImageObject","inLanguage":"es","@id":"https:\/\/fincabravo.com\/es\/packs#primaryimage","url":"https:\/\/fincabravo.com\/wp-content\/uploads\/2025\/02\/massage.png","contentUrl":"https:\/\/fincabravo.com\/wp-content\/uploads\/2025\/02\/massage.png","width":999,"height":667},{"@type":"BreadcrumbList","@id":"https:\/\/fincabravo.com\/es\/packs#breadcrumb","itemListElement":[{"@type":"ListItem","position":1,"name":"Home","item":"https:\/\/fincabravo.com\/es"},{"@type":"ListItem","position":2,"name":"Packs"}]},{"@type":"WebSite","@id":"https:\/\/fincabravo.com\/es#website","url":"https:\/\/fincabravo.com\/es","name":"Alojamiento Rural","description":"Reconnect with nature","publisher":{"@id":"https:\/\/fincabravo.com\/es#organization"},"potentialAction":[{"@type":"SearchAction","target":{"@type":"EntryPoint","urlTemplate":"https:\/\/fincabravo.com\/es?s={search_term_string}"},"query-input":{"@type":"PropertyValueSpecification","valueRequired":true,"valueName":"search_term_string"}}],"inLanguage":"es"},{"@type":"Organization","@id":"https:\/\/fincabravo.com\/es#organization","name":"Alojamiento Rural","url":"https:\/\/fincabravo.com\/es","logo":{"@type":"ImageObject","inLanguage":"es","@id":"https:\/\/fincabravo.com\/es#\/schema\/logo\/image\/","url":"https:\/\/fincabravo.com\/wp-content\/uploads\/2020\/03\/cropped-cropped-DONTDELETE_LOGO_FINCA_BRAVO-circle-logo-100x100px-2.png","contentUrl":"https:\/\/fincabravo.com\/wp-content\/uploads\/2020\/03\/cropped-cropped-DONTDELETE_LOGO_FINCA_BRAVO-circle-logo-100x100px-2.png","width":100,"height":100,"caption":"Alojamiento Rural\r\n"},"image":{"@id":"https:\/\/fincabravo.com\/es#\/schema\/logo\/image\/"}}]}},"_links":{"self":[{"href":"https:\/\/fincabravo.com\/es\/wp-json\/wp\/v2\/pages\/3833"}],"collection":[{"href":"https:\/\/fincabravo.com\/es\/wp-json\/wp\/v2\/pages"}],"about":[{"href":"https:\/\/fincabravo.com\/es\/wp-json\/wp\/v2\/types\/page"}],"author":[{"embeddable":true,"href":"https:\/\/fincabravo.com\/es\/wp-json\/wp\/v2\/users\/2"}],"replies":[{"embeddable":true,"href":"https:\/\/fincabravo.com\/es\/wp-json\/wp\/v2\/comments?post=3833"}],"version-history":[{"count":3,"href":"https:\/\/fincabravo.com\/es\/wp-json\/wp\/v2\/pages\/3833\/revisions"}],"predecessor-version":[{"id":3836,"href":"https:\/\/fincabravo.com\/es\/wp-json\/wp\/v2\/pages\/3833\/revisions\/3836"}],"wp:featuredmedia":[{"embeddable":true,"href":"https:\/\/fincabravo.com\/es\/wp-json\/wp\/v2\/media\/3769"}],"wp:attachment":[{"href":"https:\/\/fincabravo.com\/es\/wp-json\/wp\/v2\/media?parent=3833"}],"curies":[{"name":"wp","href":"https:\/\/api.w.org\/{rel}","templated":true}]}}