{"id":2006,"date":"2020-08-25T14:04:53","date_gmt":"2020-08-25T14:04:53","guid":{"rendered":"https:\/\/fincabravo.com\/?page_id=2006"},"modified":"2020-08-27T14:03:34","modified_gmt":"2020-08-27T14:03:34","slug":"privacy-policy-2","status":"publish","type":"page","link":"https:\/\/fincabravo.com\/es\/privacy-policy-2","title":{"rendered":"Pol\u00edtica de Privacidad"},"content":{"rendered":"\n<h2 class=\"wp-block-heading\">Contacto<\/h2>\n\n\n\n<p>Direcci\u00f3n: Finca Bravo<br>Carr. El Repilado \u2013 La Corte Km 4.7<br>El Repilado, Huelva, Andaluc\u00eda, Espa\u00f1a<\/p>\n\n\n\n<p>Tel.&nbsp;<a href=\"tel:+34 690 12 55 90\">+34 690 12 55 90<\/a><\/p>\n\n\n\n<p>Correo electr\u00f3nico: <a href=\"mailto:info@fincabravo.com\">info@fincabravo.com<\/a><\/p>\n\n\n\n<h2 class=\"wp-block-heading\">\u00bfQu\u00e9 datos personales recopilamos y por qu\u00e9 los recopilamos?<\/h2>\n\n\n\n<h3 class=\"wp-block-heading\">Formularios de contacto y comentarios<\/h3>\n\n\n\n<p>Cuando los visitantes dejan comentarios en la p\u00e1gina web, recopilamos los datos que se muestran en el formulario de comentarios y tambi\u00e9n la direcci\u00f3n IP del visitante y la cadena del agente de usuario del navegador para ayudar a la detecci\u00f3n de spam.<\/p>\n\n\n\n<p>Se puede proporcionar una cadena an\u00f3nima creada a partir de su direcci\u00f3n de correo electr\u00f3nico (tambi\u00e9n llamada hash) al servicio Gravatar para ver si la est\u00e1 utilizando. La pol\u00edtica de privacidad del servicio Gravatar est\u00e1 disponible aqu\u00ed: https:\/\/automattic.com\/privacy\/. Despu\u00e9s de la aprobaci\u00f3n de su comentario, su foto de perfil es visible para el p\u00fablico en el contexto de su comentario.<\/p>\n\n\n\n<h3 class=\"wp-block-heading\">Cookies (Galleta Inform\u00e1tica)<\/h3>\n\n\n\n<p>Si deja un comentario en nuestro p\u00e1gina web o utiliza nuestro formulario de contacto (<a href=\"https:\/\/fincabravo.com\/es\/bienvenido-a-finca-bravo\/contactanos\">https:\/\/fincabravo.com\/es\/bienvenido-a-finca-bravo\/contactanos<\/a>), puede optar por guardar su nombre, direcci\u00f3n de correo electr\u00f3nico y sitio web en cookies. Estas cookies durar\u00e1n por un a\u00f1o.<\/p>\n\n\n\n<h3 class=\"wp-block-heading\">Suscr\u00edbete a nuestro bolet\u00edn<\/h3>\n\n\n\n<p>Al dejar comentarios, utilizar nuestros formularios de contacto o reservar a trav\u00e9s de nuestra p\u00e1gina web, se suscribir\u00e1 a nuestro bolet\u00edn de temporada y podr\u00e1 recibir correos electr\u00f3nicos de Finca Bravo sobre nuevos proyectos, noticias y promociones de temporada. No compartiremos su direcci\u00f3n de correo electr\u00f3nico con terceros.<\/p>\n\n\n\n<h3 class=\"wp-block-heading\">Contenido incrustado de otros sitios web<\/h3>\n\n\n\n<p>Los art\u00edculos de nuestra p\u00e1gina web pueden incluir contenido incrustado de otros sitios (por ejemplo, videos, im\u00e1genes, art\u00edculos, etc.). El contenido incrustado de otras p\u00e1ginas web se comporta exactamente de la misma manera que si el visitante hubiera visitado la otra p\u00e1gina.<\/p>\n\n\n\n<p>Estas p\u00e1ginas web pueden recopilar datos sobre usted, utilizar cookies, incrustar un seguimiento adicional de terceros y supervisar su interacci\u00f3n con ese contenido incrustado, incluido el seguimiento de su interacci\u00f3n con el contenido incrustado si tiene una cuenta y ha iniciado sesi\u00f3n en ese sitio web.<\/p>\n\n\n\n<h3 class=\"wp-block-heading\">Anal\u00edtica<\/h3>\n\n\n\n<p>Google Analytics es un servicio de an\u00e1lisis web proporcionado por Google Ireland Limited (\u00abGoogle\u00bb). Google utiliza los datos recopilados para rastrear y examinar el uso de este sitio web, para preparar informes sobre sus actividades y compartirlos con otros servicios de Google.<\/p>\n\n\n\n<p>Google puede utilizar los datos recopilados para contextualizar y personalizar los anuncios de su propia red publicitaria.<\/p>\n\n\n\n<p>Datos personales recopilados: cookies y datos de uso.<\/p>\n\n\n\n<p>Lugar de procesamiento: Irlanda. <a href=\"https:\/\/policies.google.com\/privacy\">Pol\u00edtica de privacidad<\/a>. Miembro del Privacy Shield<\/p>\n\n\n\n<h3 class=\"wp-block-heading\">Administrar y enviar correos electr\u00f3nicos<\/h3>\n\n\n\n<p>Este tipo de servicio permite gestionar una base de datos de contactos de correo electr\u00f3nico, contactos telef\u00f3nicos o cualquier otra informaci\u00f3n de contacto para comunicarse con el Usuario.<\/p>\n\n\n\n<p>Estos servicios tambi\u00e9n pueden recopilar datos sobre la fecha y hora en que el usuario vio el mensaje, as\u00ed como cuando el usuario interactu\u00f3 con \u00e9l, como al hacer clic en los enlaces incluidos en el mensaje.<\/p>\n\n\n\n<h5 class=\"wp-block-heading\">Mailchimp (The Rocket Science Group LLC)<\/h5>\n\n\n\n<p>Mailchimp es un servicio de gesti\u00f3n de direcciones de correo electr\u00f3nico y env\u00edo de mensajes proporcionado por The Rocket Science Group LLC.<\/p>\n\n\n\n<p>Datos personales recopilados: direcci\u00f3n de correo electr\u00f3nico, nombre y apellido.<\/p>\n\n\n\n<p>Lugar de procesamiento: Estados Unidos. <a href=\"https:\/\/mailchimp.com\/legal\/privacy\/\">Pol\u00edtica de privacidad<\/a>. Miembro de Privacy Shield<\/p>\n\n\n\n<h2 class=\"wp-block-heading\">Por cu\u00e1nto tiempo conservamos sus datos<\/h2>\n\n\n\n<p>Si deja un comentario, el comentario y sus metadatos se conservan indefinidamente. Esto es para que podamos reconocer y aprobar cualquier comentario de seguimiento autom\u00e1ticamente en lugar de mantenerlos en una cola de moderaci\u00f3n.<\/p>\n\n\n\n<p>Para los usuarios que se registran en nuestro sitio web (si corresponde), tambi\u00e9n almacenamos la informaci\u00f3n personal que proporcionan en su perfil de usuario. Todos los usuarios pueden ver, editar o eliminar su informaci\u00f3n personal en cualquier momento (excepto que no pueden cambiar su nombre de usuario). Los administradores del sitio web tambi\u00e9n pueden ver y editar esa informaci\u00f3n.<\/p>\n\n\n\n<h2 class=\"wp-block-heading\">Que derechos tienes sobre tus datos<\/h2>\n\n\n\n<p>Si ha dejado comentarios en nuestro sitio web o se ha suscrito a nuestro bolet\u00edn, puede solicitar recibir un archivo exportado de los datos personales que tenemos sobre usted, incluidos los datos que nos haya proporcionado. Tambi\u00e9n puede solicitar que borremos cualquier dato personal que tengamos sobre usted. Esto no incluye ning\u00fan dato que estemos obligados a conservar con fines administrativos, legales o de seguridad.<\/p>\n\n\n\n<h2 class=\"wp-block-heading\">Cambios a esta pol\u00edtica de privacidad<\/h2>\n\n\n\n<p>Finca Bravo se reserva el derecho de realizar cambios en esta pol\u00edtica de privacidad en cualquier momento notificando a sus usuarios en esta p\u00e1gina y posiblemente dentro de este sitio web y \/ o, en la medida en que sea t\u00e9cnica y legalmente posible, enviando un aviso a los usuarios a trav\u00e9s de cualquier informaci\u00f3n de contacto. Se recomienda encarecidamente consultar esta p\u00e1gina con frecuencia.<\/p>\n","protected":false},"excerpt":{"rendered":"<p>Contacto Direcci\u00f3n: Finca BravoCarr. El Repilado \u2013 La Corte Km 4.7El Repilado, Huelva, Andaluc\u00eda, Espa\u00f1a Tel.&nbsp;+34 690 12 55 90 Correo electr\u00f3nico: info@fincabravo.com \u00bfQu\u00e9 datos personales recopilamos y por qu\u00e9 los recopilamos? Formularios de contacto y comentarios Cuando los visitantes dejan comentarios en la p\u00e1gina web, recopilamos los datos que se muestran en el formulario [&hellip;]<\/p>\n","protected":false},"author":1,"featured_media":0,"parent":0,"menu_order":0,"comment_status":"closed","ping_status":"open","template":"","meta":{"_monsterinsights_skip_tracking":false,"_monsterinsights_sitenote_active":false,"_monsterinsights_sitenote_note":"","_monsterinsights_sitenote_category":0,"footnotes":""},"class_list":["post-2006","page","type-page","status-publish","hentry"],"yoast_head":"<!-- This site is optimized with the Yoast SEO plugin v23.6 - https:\/\/yoast.com\/wordpress\/plugins\/seo\/ -->\n<title>Pol\u00edtica de Privacidad - Alojamiento Rural<\/title>\n<meta name=\"robots\" content=\"index, follow, max-snippet:-1, max-image-preview:large, max-video-preview:-1\" \/>\n<link rel=\"canonical\" href=\"https:\/\/fincabravo.com\/es\/privacy-policy-2\" \/>\n<meta property=\"og:locale\" content=\"es_ES\" \/>\n<meta property=\"og:type\" content=\"article\" \/>\n<meta property=\"og:title\" content=\"Pol\u00edtica de Privacidad - Alojamiento Rural\" \/>\n<meta property=\"og:description\" content=\"Contacto Direcci\u00f3n: Finca BravoCarr. El Repilado \u2013 La Corte Km 4.7El Repilado, Huelva, Andaluc\u00eda, Espa\u00f1a Tel.&nbsp;+34 690 12 55 90 Correo electr\u00f3nico: info@fincabravo.com \u00bfQu\u00e9 datos personales recopilamos y por qu\u00e9 los recopilamos? Formularios de contacto y comentarios Cuando los visitantes dejan comentarios en la p\u00e1gina web, recopilamos los datos que se muestran en el formulario [&hellip;]\" \/>\n<meta property=\"og:url\" content=\"https:\/\/fincabravo.com\/es\/privacy-policy-2\" \/>\n<meta property=\"og:site_name\" content=\"Alojamiento Rural\" \/>\n<meta property=\"article:modified_time\" content=\"2020-08-27T14:03:34+00:00\" \/>\n<meta name=\"twitter:card\" content=\"summary_large_image\" \/>\n<meta name=\"twitter:label1\" content=\"Tiempo de lectura\" \/>\n\t<meta name=\"twitter:data1\" content=\"4 minutos\" \/>\n<script type=\"application\/ld+json\" class=\"yoast-schema-graph\">{\"@context\":\"https:\/\/schema.org\",\"@graph\":[{\"@type\":\"WebPage\",\"@id\":\"https:\/\/fincabravo.com\/es\/privacy-policy-2\",\"url\":\"https:\/\/fincabravo.com\/es\/privacy-policy-2\",\"name\":\"Pol\u00edtica de Privacidad - Alojamiento Rural\",\"isPartOf\":{\"@id\":\"https:\/\/fincabravo.com\/es#website\"},\"datePublished\":\"2020-08-25T14:04:53+00:00\",\"dateModified\":\"2020-08-27T14:03:34+00:00\",\"breadcrumb\":{\"@id\":\"https:\/\/fincabravo.com\/es\/privacy-policy-2#breadcrumb\"},\"inLanguage\":\"es\",\"potentialAction\":[{\"@type\":\"ReadAction\",\"target\":[\"https:\/\/fincabravo.com\/es\/privacy-policy-2\"]}]},{\"@type\":\"BreadcrumbList\",\"@id\":\"https:\/\/fincabravo.com\/es\/privacy-policy-2#breadcrumb\",\"itemListElement\":[{\"@type\":\"ListItem\",\"position\":1,\"name\":\"Home\",\"item\":\"https:\/\/fincabravo.com\/es\"},{\"@type\":\"ListItem\",\"position\":2,\"name\":\"Pol\u00edtica de Privacidad\"}]},{\"@type\":\"WebSite\",\"@id\":\"https:\/\/fincabravo.com\/es#website\",\"url\":\"https:\/\/fincabravo.com\/es\",\"name\":\"Alojamiento Rural\",\"description\":\"Reconnect with nature\",\"publisher\":{\"@id\":\"https:\/\/fincabravo.com\/es#organization\"},\"potentialAction\":[{\"@type\":\"SearchAction\",\"target\":{\"@type\":\"EntryPoint\",\"urlTemplate\":\"https:\/\/fincabravo.com\/es?s={search_term_string}\"},\"query-input\":{\"@type\":\"PropertyValueSpecification\",\"valueRequired\":true,\"valueName\":\"search_term_string\"}}],\"inLanguage\":\"es\"},{\"@type\":\"Organization\",\"@id\":\"https:\/\/fincabravo.com\/es#organization\",\"name\":\"Alojamiento Rural\",\"url\":\"https:\/\/fincabravo.com\/es\",\"logo\":{\"@type\":\"ImageObject\",\"inLanguage\":\"es\",\"@id\":\"https:\/\/fincabravo.com\/es#\/schema\/logo\/image\/\",\"url\":\"https:\/\/fincabravo.com\/wp-content\/uploads\/2020\/03\/cropped-cropped-DONTDELETE_LOGO_FINCA_BRAVO-circle-logo-100x100px-2.png\",\"contentUrl\":\"https:\/\/fincabravo.com\/wp-content\/uploads\/2020\/03\/cropped-cropped-DONTDELETE_LOGO_FINCA_BRAVO-circle-logo-100x100px-2.png\",\"width\":100,\"height\":100,\"caption\":\"Alojamiento Rural\\r\\n\"},\"image\":{\"@id\":\"https:\/\/fincabravo.com\/es#\/schema\/logo\/image\/\"}}]}<\/script>\n<!-- \/ Yoast SEO plugin. -->","yoast_head_json":{"title":"Pol\u00edtica de Privacidad - Alojamiento Rural","robots":{"index":"index","follow":"follow","max-snippet":"max-snippet:-1","max-image-preview":"max-image-preview:large","max-video-preview":"max-video-preview:-1"},"canonical":"https:\/\/fincabravo.com\/es\/privacy-policy-2","og_locale":"es_ES","og_type":"article","og_title":"Pol\u00edtica de Privacidad - Alojamiento Rural","og_description":"Contacto Direcci\u00f3n: Finca BravoCarr. El Repilado \u2013 La Corte Km 4.7El Repilado, Huelva, Andaluc\u00eda, Espa\u00f1a Tel.&nbsp;+34 690 12 55 90 Correo electr\u00f3nico: info@fincabravo.com \u00bfQu\u00e9 datos personales recopilamos y por qu\u00e9 los recopilamos? Formularios de contacto y comentarios Cuando los visitantes dejan comentarios en la p\u00e1gina web, recopilamos los datos que se muestran en el formulario [&hellip;]","og_url":"https:\/\/fincabravo.com\/es\/privacy-policy-2","og_site_name":"Alojamiento Rural","article_modified_time":"2020-08-27T14:03:34+00:00","twitter_card":"summary_large_image","twitter_misc":{"Tiempo de lectura":"4 minutos"},"schema":{"@context":"https:\/\/schema.org","@graph":[{"@type":"WebPage","@id":"https:\/\/fincabravo.com\/es\/privacy-policy-2","url":"https:\/\/fincabravo.com\/es\/privacy-policy-2","name":"Pol\u00edtica de Privacidad - Alojamiento Rural","isPartOf":{"@id":"https:\/\/fincabravo.com\/es#website"},"datePublished":"2020-08-25T14:04:53+00:00","dateModified":"2020-08-27T14:03:34+00:00","breadcrumb":{"@id":"https:\/\/fincabravo.com\/es\/privacy-policy-2#breadcrumb"},"inLanguage":"es","potentialAction":[{"@type":"ReadAction","target":["https:\/\/fincabravo.com\/es\/privacy-policy-2"]}]},{"@type":"BreadcrumbList","@id":"https:\/\/fincabravo.com\/es\/privacy-policy-2#breadcrumb","itemListElement":[{"@type":"ListItem","position":1,"name":"Home","item":"https:\/\/fincabravo.com\/es"},{"@type":"ListItem","position":2,"name":"Pol\u00edtica de Privacidad"}]},{"@type":"WebSite","@id":"https:\/\/fincabravo.com\/es#website","url":"https:\/\/fincabravo.com\/es","name":"Alojamiento Rural","description":"Reconnect with nature","publisher":{"@id":"https:\/\/fincabravo.com\/es#organization"},"potentialAction":[{"@type":"SearchAction","target":{"@type":"EntryPoint","urlTemplate":"https:\/\/fincabravo.com\/es?s={search_term_string}"},"query-input":{"@type":"PropertyValueSpecification","valueRequired":true,"valueName":"search_term_string"}}],"inLanguage":"es"},{"@type":"Organization","@id":"https:\/\/fincabravo.com\/es#organization","name":"Alojamiento Rural","url":"https:\/\/fincabravo.com\/es","logo":{"@type":"ImageObject","inLanguage":"es","@id":"https:\/\/fincabravo.com\/es#\/schema\/logo\/image\/","url":"https:\/\/fincabravo.com\/wp-content\/uploads\/2020\/03\/cropped-cropped-DONTDELETE_LOGO_FINCA_BRAVO-circle-logo-100x100px-2.png","contentUrl":"https:\/\/fincabravo.com\/wp-content\/uploads\/2020\/03\/cropped-cropped-DONTDELETE_LOGO_FINCA_BRAVO-circle-logo-100x100px-2.png","width":100,"height":100,"caption":"Alojamiento Rural\r\n"},"image":{"@id":"https:\/\/fincabravo.com\/es#\/schema\/logo\/image\/"}}]}},"_links":{"self":[{"href":"https:\/\/fincabravo.com\/es\/wp-json\/wp\/v2\/pages\/2006"}],"collection":[{"href":"https:\/\/fincabravo.com\/es\/wp-json\/wp\/v2\/pages"}],"about":[{"href":"https:\/\/fincabravo.com\/es\/wp-json\/wp\/v2\/types\/page"}],"author":[{"embeddable":true,"href":"https:\/\/fincabravo.com\/es\/wp-json\/wp\/v2\/users\/1"}],"replies":[{"embeddable":true,"href":"https:\/\/fincabravo.com\/es\/wp-json\/wp\/v2\/comments?post=2006"}],"version-history":[{"count":2,"href":"https:\/\/fincabravo.com\/es\/wp-json\/wp\/v2\/pages\/2006\/revisions"}],"predecessor-version":[{"id":2017,"href":"https:\/\/fincabravo.com\/es\/wp-json\/wp\/v2\/pages\/2006\/revisions\/2017"}],"wp:attachment":[{"href":"https:\/\/fincabravo.com\/es\/wp-json\/wp\/v2\/media?parent=2006"}],"curies":[{"name":"wp","href":"https:\/\/api.w.org\/{rel}","templated":true}]}}