{"id":2004,"date":"2020-08-25T14:03:41","date_gmt":"2020-08-25T14:03:41","guid":{"rendered":"https:\/\/fincabravo.com\/?page_id=2004"},"modified":"2025-11-28T12:57:05","modified_gmt":"2025-11-28T12:57:05","slug":"terminos-y-condiciones","status":"publish","type":"page","link":"https:\/\/fincabravo.com\/es\/terminos-y-condiciones","title":{"rendered":"T\u00e9rminos y Condiciones"},"content":{"rendered":"\n<h2 class=\"wp-block-heading\">Tarifas<\/h2>\n\n\n\n<ul class=\"wp-block-list\">\n<li>Las tarifas que se muestran son por apartamento, por noche y no incluyen desayuno, pero s\u00ed incluyen IVA.<\/li>\n\n\n\n<li>Las tarifas mostradas no incluyen el costo de la cancelaci\u00f3n y el seguro de viaje.\u00a0Recomendamos tomar un seguro de cancelaci\u00f3n y de viaje.<\/li>\n\n\n\n<li>Las tarifas mostradas est\u00e1n sujetas a cambios.<\/li>\n<\/ul>\n\n\n\n<h2 class=\"wp-block-heading\">Confirmaci\u00f3n de reserva<\/h2>\n\n\n\n<ul class=\"wp-block-list\">\n<li>Una solicitud de reserva o reserva se puede hacer por tel\u00e9fono, por correo electr\u00f3nico, a trav\u00e9s de nuestro sitio web o de sitios de reserva de terceros. <\/li>\n\n\n\n<li>Las pol\u00edticas de pago y cancelaciones diferir\u00e1n en los sitios de reserva de terceros, consulte sus t\u00e9rminos y condiciones con respecto a la pol\u00edtica de cancelaci\u00f3n para su reserva espec\u00edfica.<\/li>\n\n\n\n<li>Para hacer una reserva con nosotros, el hu\u00e9sped principal debe tener al menos 18 a\u00f1os de edad.<\/li>\n\n\n\n<li>El n\u00famero m\u00e1ximo de hu\u00e9spedes alojados por apartamento se muestra en el sitio web, esto no se puede exceder.<\/li>\n\n\n\n<li>La estancia m\u00ednima en Finca Bravo es de 2 noches.<\/li>\n\n\n\n<li>Despu\u00e9s de recibir su solicitud de reserva y la confirmaci\u00f3n enviada por Finca Bravo, est\u00e1 obligado a pagar el dep\u00f3sito del 50% del total pendiente. La reserva solo es v\u00e1lida si el dep\u00f3sito ha sido pagado y usted recibi\u00f3 una confirmaci\u00f3n de nuestra parte.<\/li>\n<\/ul>\n\n\n\n<h2 class=\"wp-block-heading\">Normas de la finca<\/h2>\n\n\n\n<ul class=\"wp-block-list\">\n<li><strong>No se admiten mascotas<\/strong>.<\/li>\n\n\n\n<li><strong>Solo se pueden alojar ni\u00f1os a partir de 3 a\u00f1os.<\/strong><\/li>\n\n\n\n<li>El hu\u00e9sped debe respetar los horarios de llegada y salida expuestos en la pol\u00edtica de reserva.<\/li>\n\n\n\n<li>Est\u00e1 estrictamente prohibido fumar en los apartamentos.<\/li>\n\n\n\n<li>No se pueden celebrar fiestas o eventos en la propiedad.<\/li>\n\n\n\n<li>Solo el invitado principal y la parte reservada nombrada pueden usar la propiedad y sus instalaciones, a los visitantes de terceros solo se les permite el acceso con nuestro permiso expl\u00edcito.<\/li>\n\n\n\n<li>Todos los hu\u00e9spedes aceptan respetar la privacidad y la paz de todos los dem\u00e1s hu\u00e9spedes, vecinos y propietarios en todo momento. Nos reservamos el derecho de cancelar una reserva con efecto inmediato si los hu\u00e9spedes no cumplen con este acuerdo o causan molestias \/ molestias a otros hu\u00e9spedes, vecinos o propietarios.<\/li>\n\n\n\n<li>Los hu\u00e9spedes deben respetar el horario de descanso y minimizar el ruido de 22:00 a 08:00<\/li>\n<\/ul>\n\n\n\n<h2 class=\"wp-block-heading\">Pago<\/h2>\n\n\n\n<ul class=\"wp-block-list\">\n<li>El dep\u00f3sito es del 50% del monto total pendiente y puede pagarse mediante transferencia bancaria directa.<\/li>\n\n\n\n<li>El hu\u00e9sped principal debe reembolsar los cargos que nuestro banco nos haya presentado por aceptar el pago dentro de los siete (7) d\u00edas posteriores a cualquier solicitud para hacerlo.<\/li>\n<\/ul>\n\n\n\n<h2 class=\"wp-block-heading\">Cancelaci\u00f3n<\/h2>\n\n\n\n<p>Las cancelaciones solo se aceptar\u00e1n por escrito o por correo electr\u00f3nico indicando su n\u00famero de reserva. Si se cancela el acuerdo de reserva, se cobrar\u00e1n las siguientes tarifas de cancelaci\u00f3n:<\/p>\n\n\n\n<ul class=\"wp-block-list\">\n<li>ANTES DE 2 SEMANAS:<br>Se reembolsar\u00e1 el 100% del dep\u00f3sito pagado si cancela antes de 2 semanas (14 d\u00edas) de la fecha de llegada programada.<\/li>\n\n\n\n<li>MENOS DE 2 SEMANAS:<br>No se emite ning\u00fan reembolso del dep\u00f3sito pagado.<\/li>\n\n\n\n<li>NO SHOW:<br>No se emite ning\u00fan reembolso del dep\u00f3sito pagado.<\/li>\n<\/ul>\n\n\n\n<p>Recomendamos comprar un buen seguro de cancelaci\u00f3n y viaje.<\/p>\n\n\n\n<h2 class=\"wp-block-heading\">Llegada y Salida<\/h2>\n\n\n\n<p>Los hu\u00e9spedes deben realizar el check-in y el check-out durante las horas indicadas a continuaci\u00f3n:<\/p>\n\n\n\n<ul class=\"wp-block-list\">\n<li>Llegada a partir de las 15:00 y antes de las 21:00 del d\u00eda de llegada<\/li>\n\n\n\n<li>Salida antes de las 12:00 del d\u00eda de salida<\/li>\n<\/ul>\n\n\n\n<h2 class=\"wp-block-heading\">Pol\u00edtica de datos<\/h2>\n\n\n\n<p>Tratamos tus datos de forma confidencial y no compartimos ning\u00fan dato con terceros. Al realizar una solicitud de reserva, te suscribes autom\u00e1ticamente a nuestro bolet\u00edn de temporada. <\/p>\n\n\n\n<p>Puedes darte de baja de estos correos electr\u00f3nicos en cualquier momento cancelando la suscripci\u00f3n o poni\u00e9ndote en contacto con nosotros (info@fincabravo.com).<\/p>\n","protected":false},"excerpt":{"rendered":"<p>Tarifas Confirmaci\u00f3n de reserva Normas de la finca Pago Cancelaci\u00f3n Las cancelaciones solo se aceptar\u00e1n por escrito o por correo electr\u00f3nico indicando su n\u00famero de reserva. Si se cancela el acuerdo de reserva, se cobrar\u00e1n las siguientes tarifas de cancelaci\u00f3n: Recomendamos comprar un buen seguro de cancelaci\u00f3n y viaje. Llegada y Salida Los hu\u00e9spedes deben [&hellip;]<\/p>\n","protected":false},"author":1,"featured_media":0,"parent":0,"menu_order":0,"comment_status":"closed","ping_status":"closed","template":"template-wide-page.php","meta":{"_monsterinsights_skip_tracking":false,"_monsterinsights_sitenote_active":false,"_monsterinsights_sitenote_note":"","_monsterinsights_sitenote_category":0,"footnotes":""},"class_list":["post-2004","page","type-page","status-publish","hentry"],"yoast_head":"<!-- This site is optimized with the Yoast SEO plugin v23.6 - https:\/\/yoast.com\/wordpress\/plugins\/seo\/ -->\n<title>T\u00e9rminos y Condiciones - Alojamiento Rural<\/title>\n<meta name=\"robots\" content=\"index, follow, max-snippet:-1, max-image-preview:large, max-video-preview:-1\" \/>\n<link rel=\"canonical\" href=\"https:\/\/fincabravo.com\/es\/terminos-y-condiciones\" \/>\n<meta property=\"og:locale\" content=\"es_ES\" \/>\n<meta property=\"og:type\" content=\"article\" \/>\n<meta property=\"og:title\" content=\"T\u00e9rminos y Condiciones - Alojamiento Rural\" \/>\n<meta property=\"og:description\" content=\"Tarifas Confirmaci\u00f3n de reserva Normas de la finca Pago Cancelaci\u00f3n Las cancelaciones solo se aceptar\u00e1n por escrito o por correo electr\u00f3nico indicando su n\u00famero de reserva. Si se cancela el acuerdo de reserva, se cobrar\u00e1n las siguientes tarifas de cancelaci\u00f3n: Recomendamos comprar un buen seguro de cancelaci\u00f3n y viaje. Llegada y Salida Los hu\u00e9spedes deben [&hellip;]\" \/>\n<meta property=\"og:url\" content=\"https:\/\/fincabravo.com\/es\/terminos-y-condiciones\" \/>\n<meta property=\"og:site_name\" content=\"Alojamiento Rural\" \/>\n<meta property=\"article:modified_time\" content=\"2025-11-28T12:57:05+00:00\" \/>\n<meta name=\"twitter:card\" content=\"summary_large_image\" \/>\n<meta name=\"twitter:label1\" content=\"Tiempo de lectura\" \/>\n\t<meta name=\"twitter:data1\" content=\"3 minutos\" \/>\n<script type=\"application\/ld+json\" class=\"yoast-schema-graph\">{\"@context\":\"https:\/\/schema.org\",\"@graph\":[{\"@type\":\"WebPage\",\"@id\":\"https:\/\/fincabravo.com\/es\/terminos-y-condiciones\",\"url\":\"https:\/\/fincabravo.com\/es\/terminos-y-condiciones\",\"name\":\"T\u00e9rminos y Condiciones - Alojamiento Rural\",\"isPartOf\":{\"@id\":\"https:\/\/fincabravo.com\/es#website\"},\"datePublished\":\"2020-08-25T14:03:41+00:00\",\"dateModified\":\"2025-11-28T12:57:05+00:00\",\"breadcrumb\":{\"@id\":\"https:\/\/fincabravo.com\/es\/terminos-y-condiciones#breadcrumb\"},\"inLanguage\":\"es\",\"potentialAction\":[{\"@type\":\"ReadAction\",\"target\":[\"https:\/\/fincabravo.com\/es\/terminos-y-condiciones\"]}]},{\"@type\":\"BreadcrumbList\",\"@id\":\"https:\/\/fincabravo.com\/es\/terminos-y-condiciones#breadcrumb\",\"itemListElement\":[{\"@type\":\"ListItem\",\"position\":1,\"name\":\"Home\",\"item\":\"https:\/\/fincabravo.com\/es\"},{\"@type\":\"ListItem\",\"position\":2,\"name\":\"T\u00e9rminos y Condiciones\"}]},{\"@type\":\"WebSite\",\"@id\":\"https:\/\/fincabravo.com\/es#website\",\"url\":\"https:\/\/fincabravo.com\/es\",\"name\":\"Alojamiento Rural\",\"description\":\"Reconnect with nature\",\"publisher\":{\"@id\":\"https:\/\/fincabravo.com\/es#organization\"},\"potentialAction\":[{\"@type\":\"SearchAction\",\"target\":{\"@type\":\"EntryPoint\",\"urlTemplate\":\"https:\/\/fincabravo.com\/es?s={search_term_string}\"},\"query-input\":{\"@type\":\"PropertyValueSpecification\",\"valueRequired\":true,\"valueName\":\"search_term_string\"}}],\"inLanguage\":\"es\"},{\"@type\":\"Organization\",\"@id\":\"https:\/\/fincabravo.com\/es#organization\",\"name\":\"Alojamiento Rural\",\"url\":\"https:\/\/fincabravo.com\/es\",\"logo\":{\"@type\":\"ImageObject\",\"inLanguage\":\"es\",\"@id\":\"https:\/\/fincabravo.com\/es#\/schema\/logo\/image\/\",\"url\":\"https:\/\/fincabravo.com\/wp-content\/uploads\/2020\/03\/cropped-cropped-DONTDELETE_LOGO_FINCA_BRAVO-circle-logo-100x100px-2.png\",\"contentUrl\":\"https:\/\/fincabravo.com\/wp-content\/uploads\/2020\/03\/cropped-cropped-DONTDELETE_LOGO_FINCA_BRAVO-circle-logo-100x100px-2.png\",\"width\":100,\"height\":100,\"caption\":\"Alojamiento Rural\\r\\n\"},\"image\":{\"@id\":\"https:\/\/fincabravo.com\/es#\/schema\/logo\/image\/\"}}]}<\/script>\n<!-- \/ Yoast SEO plugin. -->","yoast_head_json":{"title":"T\u00e9rminos y Condiciones - Alojamiento Rural","robots":{"index":"index","follow":"follow","max-snippet":"max-snippet:-1","max-image-preview":"max-image-preview:large","max-video-preview":"max-video-preview:-1"},"canonical":"https:\/\/fincabravo.com\/es\/terminos-y-condiciones","og_locale":"es_ES","og_type":"article","og_title":"T\u00e9rminos y Condiciones - Alojamiento Rural","og_description":"Tarifas Confirmaci\u00f3n de reserva Normas de la finca Pago Cancelaci\u00f3n Las cancelaciones solo se aceptar\u00e1n por escrito o por correo electr\u00f3nico indicando su n\u00famero de reserva. Si se cancela el acuerdo de reserva, se cobrar\u00e1n las siguientes tarifas de cancelaci\u00f3n: Recomendamos comprar un buen seguro de cancelaci\u00f3n y viaje. Llegada y Salida Los hu\u00e9spedes deben [&hellip;]","og_url":"https:\/\/fincabravo.com\/es\/terminos-y-condiciones","og_site_name":"Alojamiento Rural","article_modified_time":"2025-11-28T12:57:05+00:00","twitter_card":"summary_large_image","twitter_misc":{"Tiempo de lectura":"3 minutos"},"schema":{"@context":"https:\/\/schema.org","@graph":[{"@type":"WebPage","@id":"https:\/\/fincabravo.com\/es\/terminos-y-condiciones","url":"https:\/\/fincabravo.com\/es\/terminos-y-condiciones","name":"T\u00e9rminos y Condiciones - Alojamiento Rural","isPartOf":{"@id":"https:\/\/fincabravo.com\/es#website"},"datePublished":"2020-08-25T14:03:41+00:00","dateModified":"2025-11-28T12:57:05+00:00","breadcrumb":{"@id":"https:\/\/fincabravo.com\/es\/terminos-y-condiciones#breadcrumb"},"inLanguage":"es","potentialAction":[{"@type":"ReadAction","target":["https:\/\/fincabravo.com\/es\/terminos-y-condiciones"]}]},{"@type":"BreadcrumbList","@id":"https:\/\/fincabravo.com\/es\/terminos-y-condiciones#breadcrumb","itemListElement":[{"@type":"ListItem","position":1,"name":"Home","item":"https:\/\/fincabravo.com\/es"},{"@type":"ListItem","position":2,"name":"T\u00e9rminos y Condiciones"}]},{"@type":"WebSite","@id":"https:\/\/fincabravo.com\/es#website","url":"https:\/\/fincabravo.com\/es","name":"Alojamiento Rural","description":"Reconnect with nature","publisher":{"@id":"https:\/\/fincabravo.com\/es#organization"},"potentialAction":[{"@type":"SearchAction","target":{"@type":"EntryPoint","urlTemplate":"https:\/\/fincabravo.com\/es?s={search_term_string}"},"query-input":{"@type":"PropertyValueSpecification","valueRequired":true,"valueName":"search_term_string"}}],"inLanguage":"es"},{"@type":"Organization","@id":"https:\/\/fincabravo.com\/es#organization","name":"Alojamiento Rural","url":"https:\/\/fincabravo.com\/es","logo":{"@type":"ImageObject","inLanguage":"es","@id":"https:\/\/fincabravo.com\/es#\/schema\/logo\/image\/","url":"https:\/\/fincabravo.com\/wp-content\/uploads\/2020\/03\/cropped-cropped-DONTDELETE_LOGO_FINCA_BRAVO-circle-logo-100x100px-2.png","contentUrl":"https:\/\/fincabravo.com\/wp-content\/uploads\/2020\/03\/cropped-cropped-DONTDELETE_LOGO_FINCA_BRAVO-circle-logo-100x100px-2.png","width":100,"height":100,"caption":"Alojamiento Rural\r\n"},"image":{"@id":"https:\/\/fincabravo.com\/es#\/schema\/logo\/image\/"}}]}},"_links":{"self":[{"href":"https:\/\/fincabravo.com\/es\/wp-json\/wp\/v2\/pages\/2004"}],"collection":[{"href":"https:\/\/fincabravo.com\/es\/wp-json\/wp\/v2\/pages"}],"about":[{"href":"https:\/\/fincabravo.com\/es\/wp-json\/wp\/v2\/types\/page"}],"author":[{"embeddable":true,"href":"https:\/\/fincabravo.com\/es\/wp-json\/wp\/v2\/users\/1"}],"replies":[{"embeddable":true,"href":"https:\/\/fincabravo.com\/es\/wp-json\/wp\/v2\/comments?post=2004"}],"version-history":[{"count":11,"href":"https:\/\/fincabravo.com\/es\/wp-json\/wp\/v2\/pages\/2004\/revisions"}],"predecessor-version":[{"id":4396,"href":"https:\/\/fincabravo.com\/es\/wp-json\/wp\/v2\/pages\/2004\/revisions\/4396"}],"wp:attachment":[{"href":"https:\/\/fincabravo.com\/es\/wp-json\/wp\/v2\/media?parent=2004"}],"curies":[{"name":"wp","href":"https:\/\/api.w.org\/{rel}","templated":true}]}}