{"id":1947,"date":"2020-08-10T14:22:18","date_gmt":"2020-08-10T14:22:18","guid":{"rendered":"https:\/\/fincabravo.com\/?page_id=1947"},"modified":"2020-08-10T14:22:22","modified_gmt":"2020-08-10T14:22:22","slug":"transaction-failed-2","status":"publish","type":"page","link":"https:\/\/fincabravo.com\/es\/confirmacion-de-reserva\/transaction-failed-2","title":{"rendered":"Transaction Failed"},"content":{"rendered":"<p>Desafortunadamente, su transacci\u00f3n no se puede completar en este momento. Int\u00e9ntelo de nuevo o cont\u00e1ctenos.<\/p>\n","protected":false},"excerpt":{"rendered":"<p>Desafortunadamente, su transacci\u00f3n no se puede completar en este momento. Int\u00e9ntelo de nuevo o cont\u00e1ctenos.<\/p>\n","protected":false},"author":1,"featured_media":0,"parent":1935,"menu_order":0,"comment_status":"closed","ping_status":"closed","template":"","meta":{"_monsterinsights_skip_tracking":false,"_monsterinsights_sitenote_active":false,"_monsterinsights_sitenote_note":"","_monsterinsights_sitenote_category":0,"footnotes":""},"class_list":["post-1947","page","type-page","status-publish","hentry"],"yoast_head":"<!-- This site is optimized with the Yoast SEO plugin v23.6 - https:\/\/yoast.com\/wordpress\/plugins\/seo\/ -->\n<title>Transaction Failed - Alojamiento Rural<\/title>\n<meta name=\"robots\" content=\"index, follow, max-snippet:-1, max-image-preview:large, max-video-preview:-1\" \/>\n<link rel=\"canonical\" href=\"https:\/\/fincabravo.com\/es\/confirmacion-de-reserva\/transaction-failed-2\" \/>\n<meta property=\"og:locale\" content=\"es_ES\" \/>\n<meta property=\"og:type\" content=\"article\" \/>\n<meta property=\"og:title\" content=\"Transaction Failed - Alojamiento Rural\" \/>\n<meta property=\"og:description\" content=\"Desafortunadamente, su transacci\u00f3n no se puede completar en este momento. Int\u00e9ntelo de nuevo o cont\u00e1ctenos.\" \/>\n<meta property=\"og:url\" content=\"https:\/\/fincabravo.com\/es\/confirmacion-de-reserva\/transaction-failed-2\" \/>\n<meta property=\"og:site_name\" content=\"Alojamiento Rural\" \/>\n<meta property=\"article:modified_time\" content=\"2020-08-10T14:22:22+00:00\" \/>\n<meta name=\"twitter:card\" content=\"summary_large_image\" \/>\n<script type=\"application\/ld+json\" class=\"yoast-schema-graph\">{\"@context\":\"https:\/\/schema.org\",\"@graph\":[{\"@type\":\"WebPage\",\"@id\":\"https:\/\/fincabravo.com\/es\/confirmacion-de-reserva\/transaction-failed-2\",\"url\":\"https:\/\/fincabravo.com\/es\/confirmacion-de-reserva\/transaction-failed-2\",\"name\":\"Transaction Failed - Alojamiento Rural\",\"isPartOf\":{\"@id\":\"https:\/\/fincabravo.com\/es#website\"},\"datePublished\":\"2020-08-10T14:22:18+00:00\",\"dateModified\":\"2020-08-10T14:22:22+00:00\",\"breadcrumb\":{\"@id\":\"https:\/\/fincabravo.com\/es\/confirmacion-de-reserva\/transaction-failed-2#breadcrumb\"},\"inLanguage\":\"es\",\"potentialAction\":[{\"@type\":\"ReadAction\",\"target\":[\"https:\/\/fincabravo.com\/es\/confirmacion-de-reserva\/transaction-failed-2\"]}]},{\"@type\":\"BreadcrumbList\",\"@id\":\"https:\/\/fincabravo.com\/es\/confirmacion-de-reserva\/transaction-failed-2#breadcrumb\",\"itemListElement\":[{\"@type\":\"ListItem\",\"position\":1,\"name\":\"Home\",\"item\":\"https:\/\/fincabravo.com\/es\"},{\"@type\":\"ListItem\",\"position\":2,\"name\":\"Confirmaci\u00f3n de Reserva\",\"item\":\"https:\/\/fincabravo.com\/es\/booking-confirmation\"},{\"@type\":\"ListItem\",\"position\":3,\"name\":\"Transaction Failed\"}]},{\"@type\":\"WebSite\",\"@id\":\"https:\/\/fincabravo.com\/es#website\",\"url\":\"https:\/\/fincabravo.com\/es\",\"name\":\"Alojamiento Rural\",\"description\":\"Reconnect with nature\",\"publisher\":{\"@id\":\"https:\/\/fincabravo.com\/es#organization\"},\"potentialAction\":[{\"@type\":\"SearchAction\",\"target\":{\"@type\":\"EntryPoint\",\"urlTemplate\":\"https:\/\/fincabravo.com\/es?s={search_term_string}\"},\"query-input\":{\"@type\":\"PropertyValueSpecification\",\"valueRequired\":true,\"valueName\":\"search_term_string\"}}],\"inLanguage\":\"es\"},{\"@type\":\"Organization\",\"@id\":\"https:\/\/fincabravo.com\/es#organization\",\"name\":\"Alojamiento Rural\",\"url\":\"https:\/\/fincabravo.com\/es\",\"logo\":{\"@type\":\"ImageObject\",\"inLanguage\":\"es\",\"@id\":\"https:\/\/fincabravo.com\/es#\/schema\/logo\/image\/\",\"url\":\"https:\/\/fincabravo.com\/wp-content\/uploads\/2020\/03\/cropped-cropped-DONTDELETE_LOGO_FINCA_BRAVO-circle-logo-100x100px-2.png\",\"contentUrl\":\"https:\/\/fincabravo.com\/wp-content\/uploads\/2020\/03\/cropped-cropped-DONTDELETE_LOGO_FINCA_BRAVO-circle-logo-100x100px-2.png\",\"width\":100,\"height\":100,\"caption\":\"Alojamiento Rural\\r\\n\"},\"image\":{\"@id\":\"https:\/\/fincabravo.com\/es#\/schema\/logo\/image\/\"}}]}<\/script>\n<!-- \/ Yoast SEO plugin. -->","yoast_head_json":{"title":"Transaction Failed - Alojamiento Rural","robots":{"index":"index","follow":"follow","max-snippet":"max-snippet:-1","max-image-preview":"max-image-preview:large","max-video-preview":"max-video-preview:-1"},"canonical":"https:\/\/fincabravo.com\/es\/confirmacion-de-reserva\/transaction-failed-2","og_locale":"es_ES","og_type":"article","og_title":"Transaction Failed - Alojamiento Rural","og_description":"Desafortunadamente, su transacci\u00f3n no se puede completar en este momento. Int\u00e9ntelo de nuevo o cont\u00e1ctenos.","og_url":"https:\/\/fincabravo.com\/es\/confirmacion-de-reserva\/transaction-failed-2","og_site_name":"Alojamiento Rural","article_modified_time":"2020-08-10T14:22:22+00:00","twitter_card":"summary_large_image","schema":{"@context":"https:\/\/schema.org","@graph":[{"@type":"WebPage","@id":"https:\/\/fincabravo.com\/es\/confirmacion-de-reserva\/transaction-failed-2","url":"https:\/\/fincabravo.com\/es\/confirmacion-de-reserva\/transaction-failed-2","name":"Transaction Failed - Alojamiento Rural","isPartOf":{"@id":"https:\/\/fincabravo.com\/es#website"},"datePublished":"2020-08-10T14:22:18+00:00","dateModified":"2020-08-10T14:22:22+00:00","breadcrumb":{"@id":"https:\/\/fincabravo.com\/es\/confirmacion-de-reserva\/transaction-failed-2#breadcrumb"},"inLanguage":"es","potentialAction":[{"@type":"ReadAction","target":["https:\/\/fincabravo.com\/es\/confirmacion-de-reserva\/transaction-failed-2"]}]},{"@type":"BreadcrumbList","@id":"https:\/\/fincabravo.com\/es\/confirmacion-de-reserva\/transaction-failed-2#breadcrumb","itemListElement":[{"@type":"ListItem","position":1,"name":"Home","item":"https:\/\/fincabravo.com\/es"},{"@type":"ListItem","position":2,"name":"Confirmaci\u00f3n de Reserva","item":"https:\/\/fincabravo.com\/es\/booking-confirmation"},{"@type":"ListItem","position":3,"name":"Transaction Failed"}]},{"@type":"WebSite","@id":"https:\/\/fincabravo.com\/es#website","url":"https:\/\/fincabravo.com\/es","name":"Alojamiento Rural","description":"Reconnect with nature","publisher":{"@id":"https:\/\/fincabravo.com\/es#organization"},"potentialAction":[{"@type":"SearchAction","target":{"@type":"EntryPoint","urlTemplate":"https:\/\/fincabravo.com\/es?s={search_term_string}"},"query-input":{"@type":"PropertyValueSpecification","valueRequired":true,"valueName":"search_term_string"}}],"inLanguage":"es"},{"@type":"Organization","@id":"https:\/\/fincabravo.com\/es#organization","name":"Alojamiento Rural","url":"https:\/\/fincabravo.com\/es","logo":{"@type":"ImageObject","inLanguage":"es","@id":"https:\/\/fincabravo.com\/es#\/schema\/logo\/image\/","url":"https:\/\/fincabravo.com\/wp-content\/uploads\/2020\/03\/cropped-cropped-DONTDELETE_LOGO_FINCA_BRAVO-circle-logo-100x100px-2.png","contentUrl":"https:\/\/fincabravo.com\/wp-content\/uploads\/2020\/03\/cropped-cropped-DONTDELETE_LOGO_FINCA_BRAVO-circle-logo-100x100px-2.png","width":100,"height":100,"caption":"Alojamiento Rural\r\n"},"image":{"@id":"https:\/\/fincabravo.com\/es#\/schema\/logo\/image\/"}}]}},"_links":{"self":[{"href":"https:\/\/fincabravo.com\/es\/wp-json\/wp\/v2\/pages\/1947"}],"collection":[{"href":"https:\/\/fincabravo.com\/es\/wp-json\/wp\/v2\/pages"}],"about":[{"href":"https:\/\/fincabravo.com\/es\/wp-json\/wp\/v2\/types\/page"}],"author":[{"embeddable":true,"href":"https:\/\/fincabravo.com\/es\/wp-json\/wp\/v2\/users\/1"}],"replies":[{"embeddable":true,"href":"https:\/\/fincabravo.com\/es\/wp-json\/wp\/v2\/comments?post=1947"}],"version-history":[{"count":1,"href":"https:\/\/fincabravo.com\/es\/wp-json\/wp\/v2\/pages\/1947\/revisions"}],"predecessor-version":[{"id":1948,"href":"https:\/\/fincabravo.com\/es\/wp-json\/wp\/v2\/pages\/1947\/revisions\/1948"}],"up":[{"embeddable":true,"href":"https:\/\/fincabravo.com\/es\/wp-json\/wp\/v2\/pages\/1935"}],"wp:attachment":[{"href":"https:\/\/fincabravo.com\/es\/wp-json\/wp\/v2\/media?parent=1947"}],"curies":[{"name":"wp","href":"https:\/\/api.w.org\/{rel}","templated":true}]}}