{"id":1913,"date":"2020-08-10T13:20:39","date_gmt":"2020-08-10T13:20:39","guid":{"rendered":"https:\/\/fincabravo.com\/?page_id=1913"},"modified":"2025-03-10T15:35:23","modified_gmt":"2025-03-10T15:35:23","slug":"sobre-la-finca","status":"publish","type":"page","link":"https:\/\/fincabravo.com\/es\/sobre-la-finca","title":{"rendered":"Sobre la finca"},"content":{"rendered":"\n<p><a href=\"https:\/\/fincabravo.com\/donde-esta-finca-bravo?lang=es\">Ubicada entre los pueblos de El Repilado y La Corte<\/a>, dentro de los paisajes protegidos del Parque Nacional Sierra de Aracena, Finca Bravo es una hist\u00f3rica casa de campo de 100 a\u00f1os de antig\u00fcedad ubicada en la cima de una colina en una tranquila parcela de 6,3 hect\u00e1reas. Esta encantadora propiedad ofrece vistas panor\u00e1micas de la ondulada campi\u00f1a, con su orientaci\u00f3n sur y suroeste que garantiza d\u00edas soleados y atardeceres dorados.<\/p>\n\n\n\n<p>La finca consta de una casa principal de dos pisos, tres apartamentos y una casita independiente. Cada alojamiento cuenta con su propia entrada y terraza, combinando la autenticidad r\u00fastica con la comodidad moderna y garantizando al mismo tiempo la privacidad de los hu\u00e9spedes. Ubicada en terrenos elevados, cada \u00e1ngulo de la finca enmarca el exuberante entorno virgen: un tapiz de valles y dehesa boscosa.<\/p>\n\n\n\n<h2 class=\"wp-block-heading\">Tu Escapada \u00abVerde\u00bb<\/h2>\n\n\n\n<p>Finca Bravo form\u00f3 parte en su d\u00eda de una finca de 36 hect\u00e1reas dedicada a la cr\u00eda de cerdos ib\u00e9ricos. Hoy la tierra sigue estando marcada por siglos de agricultura tradicional y muestra el emblem\u00e1tico ecosistema de la dehesa, una mezcla armoniosa de alcornoques y encinas espaciados uniformemente a lo largo del terreno ondulado. Estos gigantes de hoja perenne proporcionan un santuario durante todo el a\u00f1o para una fauna diversa, en particular para aves que hacen de la zona un para\u00edso para los amantes de la naturaleza.<\/p>\n\n\n\n<figure class=\"wp-block-image size-large\"><img decoding=\"async\" width=\"1024\" height=\"683\" data-src=\"https:\/\/fincabravo.com\/wp-content\/uploads\/2020\/04\/dehesa-landscape-views-at-Finca-Bravo-with-cork-and-holm-oaks-1024x683.jpg\" alt=\"dehesa landscape views at Finca Bravo with cork and holm oaks\" class=\"wp-image-1304 lazyload\" data-srcset=\"https:\/\/fincabravo.com\/wp-content\/uploads\/2020\/04\/dehesa-landscape-views-at-Finca-Bravo-with-cork-and-holm-oaks-1024x683.jpg 1024w, https:\/\/fincabravo.com\/wp-content\/uploads\/2020\/04\/dehesa-landscape-views-at-Finca-Bravo-with-cork-and-holm-oaks-300x200.jpg 300w, https:\/\/fincabravo.com\/wp-content\/uploads\/2020\/04\/dehesa-landscape-views-at-Finca-Bravo-with-cork-and-holm-oaks-768x512.jpg 768w, https:\/\/fincabravo.com\/wp-content\/uploads\/2020\/04\/dehesa-landscape-views-at-Finca-Bravo-with-cork-and-holm-oaks-892x594.jpg 892w, https:\/\/fincabravo.com\/wp-content\/uploads\/2020\/04\/dehesa-landscape-views-at-Finca-Bravo-with-cork-and-holm-oaks-150x100.jpg 150w, https:\/\/fincabravo.com\/wp-content\/uploads\/2020\/04\/dehesa-landscape-views-at-Finca-Bravo-with-cork-and-holm-oaks.jpg 1200w\" data-sizes=\"(max-width: 1024px) 100vw, 1024px\" src=\"data:image\/svg+xml;base64,PHN2ZyB3aWR0aD0iMSIgaGVpZ2h0PSIxIiB4bWxucz0iaHR0cDovL3d3dy53My5vcmcvMjAwMC9zdmciPjwvc3ZnPg==\" style=\"--smush-placeholder-width: 1024px; --smush-placeholder-aspect-ratio: 1024\/683;\" \/><\/figure>\n\n\n\n<p>Estos \u00e1rboles de hoja perenne brindan refugio durante todo el a\u00f1o a la vida silvestre, especialmente a las aves, por las cual el \u00e1rea es especialmente conocida.<\/p>\n\n\n\n<figure class=\"wp-block-image size-large\"><img decoding=\"async\" width=\"1000\" height=\"667\" data-src=\"https:\/\/fincabravo.com\/wp-content\/uploads\/2020\/04\/Lavendar-flowers-with-Finca-Bravo-in-the-background-small.jpg\" alt=\"wild Lavender flowers with Finca Bravo in the background - small\" class=\"wp-image-1266 lazyload\" data-srcset=\"https:\/\/fincabravo.com\/wp-content\/uploads\/2020\/04\/Lavendar-flowers-with-Finca-Bravo-in-the-background-small.jpg 1000w, https:\/\/fincabravo.com\/wp-content\/uploads\/2020\/04\/Lavendar-flowers-with-Finca-Bravo-in-the-background-small-300x200.jpg 300w, https:\/\/fincabravo.com\/wp-content\/uploads\/2020\/04\/Lavendar-flowers-with-Finca-Bravo-in-the-background-small-768x512.jpg 768w, https:\/\/fincabravo.com\/wp-content\/uploads\/2020\/04\/Lavendar-flowers-with-Finca-Bravo-in-the-background-small-892x594.jpg 892w, https:\/\/fincabravo.com\/wp-content\/uploads\/2020\/04\/Lavendar-flowers-with-Finca-Bravo-in-the-background-small-150x100.jpg 150w\" data-sizes=\"(max-width: 1000px) 100vw, 1000px\" src=\"data:image\/svg+xml;base64,PHN2ZyB3aWR0aD0iMSIgaGVpZ2h0PSIxIiB4bWxucz0iaHR0cDovL3d3dy53My5vcmcvMjAwMC9zdmciPjwvc3ZnPg==\" style=\"--smush-placeholder-width: 1000px; --smush-placeholder-aspect-ratio: 1000\/667;\" \/><\/figure>\n\n\n\n<p>Al contrario de la mayor\u00eda de las \u00e1reas en el sur de Espa\u00f1a, nuestra Finca es inusualmente exuberante y verde gracias a la influencia del Oc\u00e9ano Atl\u00e1ntico. De marzo a junio, la Finca est\u00e1 cubierta de flores silvestres de todos los colores.<\/p>\n\n\n\n<figure class=\"wp-block-image size-large\"><img decoding=\"async\" width=\"1024\" height=\"683\" data-src=\"https:\/\/fincabravo.com\/wp-content\/uploads\/2020\/04\/carpet-of-yellow-flowers-at-Finca-Bravo-1024x683.jpg\" alt=\"a carpet of yellow flowers at Finca Bravo\" class=\"wp-image-1309 lazyload\" data-srcset=\"https:\/\/fincabravo.com\/wp-content\/uploads\/2020\/04\/carpet-of-yellow-flowers-at-Finca-Bravo-1024x683.jpg 1024w, https:\/\/fincabravo.com\/wp-content\/uploads\/2020\/04\/carpet-of-yellow-flowers-at-Finca-Bravo-300x200.jpg 300w, https:\/\/fincabravo.com\/wp-content\/uploads\/2020\/04\/carpet-of-yellow-flowers-at-Finca-Bravo-768x512.jpg 768w, https:\/\/fincabravo.com\/wp-content\/uploads\/2020\/04\/carpet-of-yellow-flowers-at-Finca-Bravo-892x594.jpg 892w, https:\/\/fincabravo.com\/wp-content\/uploads\/2020\/04\/carpet-of-yellow-flowers-at-Finca-Bravo-150x100.jpg 150w, https:\/\/fincabravo.com\/wp-content\/uploads\/2020\/04\/carpet-of-yellow-flowers-at-Finca-Bravo.jpg 1200w\" data-sizes=\"(max-width: 1024px) 100vw, 1024px\" src=\"data:image\/svg+xml;base64,PHN2ZyB3aWR0aD0iMSIgaGVpZ2h0PSIxIiB4bWxucz0iaHR0cDovL3d3dy53My5vcmcvMjAwMC9zdmciPjwvc3ZnPg==\" style=\"--smush-placeholder-width: 1024px; --smush-placeholder-aspect-ratio: 1024\/683;\" \/><\/figure>\n\n\n\n<p>Nuestra parcela tambi\u00e9n contiene un jard\u00edn de flores, un huerto donde producimos vegetales durante todo el a\u00f1o y varios \u00e1rboles frutales: naranjas, higos, manzanas, membrillos, ciruelas, olivas, peras, limones, etc.<\/p>\n\n\n\n<div class=\"wp-block-getwid-image-box has-text-center has-mobile-layout-default has-mobile-alignment-default\"><div class=\"wp-block-getwid-image-box__image-container is-position-top\"><div class=\"wp-block-getwid-image-box__image-wrapper\"><img decoding=\"async\" width=\"1000\" height=\"667\" data-src=\"https:\/\/fincabravo.com\/wp-content\/uploads\/2020\/04\/Orange-tree-at-Finca-Bravo.jpg\" alt=\"Orange tree at Finca Bravo\" class=\"wp-block-getwid-image-box__image wp-image-1293 lazyload\" data-srcset=\"https:\/\/fincabravo.com\/wp-content\/uploads\/2020\/04\/Orange-tree-at-Finca-Bravo.jpg 1000w, https:\/\/fincabravo.com\/wp-content\/uploads\/2020\/04\/Orange-tree-at-Finca-Bravo-300x200.jpg 300w, https:\/\/fincabravo.com\/wp-content\/uploads\/2020\/04\/Orange-tree-at-Finca-Bravo-768x512.jpg 768w, https:\/\/fincabravo.com\/wp-content\/uploads\/2020\/04\/Orange-tree-at-Finca-Bravo-892x594.jpg 892w, https:\/\/fincabravo.com\/wp-content\/uploads\/2020\/04\/Orange-tree-at-Finca-Bravo-150x100.jpg 150w\" data-sizes=\"(max-width: 1000px) 100vw, 1000px\" src=\"data:image\/svg+xml;base64,PHN2ZyB3aWR0aD0iMSIgaGVpZ2h0PSIxIiB4bWxucz0iaHR0cDovL3d3dy53My5vcmcvMjAwMC9zdmciPjwvc3ZnPg==\" style=\"--smush-placeholder-width: 1000px; --smush-placeholder-aspect-ratio: 1000\/667;\" \/><\/div><\/div><div class=\"wp-block-getwid-image-box__content\">\n<p><\/p>\n<\/div><\/div>\n\n\n\n<h2 class=\"wp-block-heading\" id=\"off-grid-living\">Vivir fuera de la red<\/h2>\n\n\n\n<p>Lo que hace que Finca Bravo sea un poco m\u00e1s \u00abverde\u00bb es nuestro compromiso con la sostenibilidad y el respeto y cuidado por nuestro medio ambiente aqu\u00ed en la Sierra. Es por eso que la Finca est\u00e1 completamente fuera de la red. Por esta raz\u00f3n, hemos adoptado las siguientes medidas: <\/p>\n\n\n\n<p>\u25c6 basamos nuestro suministro de energ\u00eda en energ\u00edas renovables <\/p>\n\n\n\n<p>\u25c6 utilizamos iluminaci\u00f3n de bajo consumo <\/p>\n\n\n\n<p>\u25c6 consumimos nuestra propia agua de manantial <\/p>\n\n\n\n<p>\u25c6 proveemos dispensadores de jab\u00f3n reutilizables en lugar de art\u00edculos de ba\u00f1o de un solo uso <\/p>\n\n\n\n<p>\u25c6 servimos productos locales y de temporada en nuestras canastas de desayuno<\/p>\n\n\n\n<figure class=\"wp-block-image size-large\"><img decoding=\"async\" width=\"1024\" height=\"683\" data-src=\"https:\/\/fincabravo.com\/wp-content\/uploads\/2020\/05\/solar-panels-at-Finca-Bravo-1024x683.jpg\" alt=\"solar panels at Finca Bravo\" class=\"wp-image-1434 lazyload\" data-srcset=\"https:\/\/fincabravo.com\/wp-content\/uploads\/2020\/05\/solar-panels-at-Finca-Bravo-1024x683.jpg 1024w, https:\/\/fincabravo.com\/wp-content\/uploads\/2020\/05\/solar-panels-at-Finca-Bravo-300x200.jpg 300w, https:\/\/fincabravo.com\/wp-content\/uploads\/2020\/05\/solar-panels-at-Finca-Bravo-768x512.jpg 768w, https:\/\/fincabravo.com\/wp-content\/uploads\/2020\/05\/solar-panels-at-Finca-Bravo-892x594.jpg 892w, https:\/\/fincabravo.com\/wp-content\/uploads\/2020\/05\/solar-panels-at-Finca-Bravo-150x100.jpg 150w, https:\/\/fincabravo.com\/wp-content\/uploads\/2020\/05\/solar-panels-at-Finca-Bravo.jpg 1500w\" data-sizes=\"(max-width: 1024px) 100vw, 1024px\" src=\"data:image\/svg+xml;base64,PHN2ZyB3aWR0aD0iMSIgaGVpZ2h0PSIxIiB4bWxucz0iaHR0cDovL3d3dy53My5vcmcvMjAwMC9zdmciPjwvc3ZnPg==\" style=\"--smush-placeholder-width: 1024px; --smush-placeholder-aspect-ratio: 1024\/683;\" \/><\/figure>\n\n\n\n<h2 class=\"wp-block-heading\">La fauna en la finca<\/h2>\n\n\n\n<p>Frecuentemete tenemos a algunos visitantes en la Finca tales como: <\/p>\n\n\n\n<ul class=\"wp-block-list\">\n<li>ciervos<\/li>\n\n\n\n<li>jabal\u00edes<\/li>\n\n\n\n<li>variedad de p\u00e1jaros<\/li>\n\n\n\n<li>zorros<\/li>\n\n\n\n<li>mangostas egipcias<\/li>\n<\/ul>\n\n\n\n<div class=\"wp-block-getwid-image-box has-text-center has-mobile-layout-default has-mobile-alignment-default\"><div class=\"wp-block-getwid-image-box__image-container is-position-top\"><div class=\"wp-block-getwid-image-box__image-wrapper\"><img decoding=\"async\" width=\"1024\" height=\"475\" data-src=\"https:\/\/fincabravo.com\/wp-content\/uploads\/2020\/03\/egyptian-mongoose.jpg\" alt=\"Egyptian Mongoose \" class=\"wp-block-getwid-image-box__image wp-image-1114 lazyload\" data-srcset=\"https:\/\/fincabravo.com\/wp-content\/uploads\/2020\/03\/egyptian-mongoose.jpg 1024w, https:\/\/fincabravo.com\/wp-content\/uploads\/2020\/03\/egyptian-mongoose-300x139.jpg 300w, https:\/\/fincabravo.com\/wp-content\/uploads\/2020\/03\/egyptian-mongoose-768x356.jpg 768w, https:\/\/fincabravo.com\/wp-content\/uploads\/2020\/03\/egyptian-mongoose-892x414.jpg 892w\" data-sizes=\"(max-width: 1024px) 100vw, 1024px\" src=\"data:image\/svg+xml;base64,PHN2ZyB3aWR0aD0iMSIgaGVpZ2h0PSIxIiB4bWxucz0iaHR0cDovL3d3dy53My5vcmcvMjAwMC9zdmciPjwvc3ZnPg==\" style=\"--smush-placeholder-width: 1024px; --smush-placeholder-aspect-ratio: 1024\/475;\" \/><\/div><\/div><div class=\"wp-block-getwid-image-box__content\">\n<h3 class=\"wp-block-heading\"><\/h3>\n\n\n\n<p>las mangostas egipcias suelen visitar frecuentemente la finca.<\/p>\n<\/div><\/div>\n\n\n\n<p><\/p>\n","protected":false},"excerpt":{"rendered":"<p>Ubicada entre los pueblos de El Repilado y La Corte, dentro de los paisajes protegidos del Parque Nacional Sierra de Aracena, Finca Bravo es una hist\u00f3rica casa de campo de 100 a\u00f1os de antig\u00fcedad ubicada en la cima de una colina en una tranquila parcela de 6,3 hect\u00e1reas. Esta encantadora propiedad ofrece vistas panor\u00e1micas de [&hellip;]<\/p>\n","protected":false},"author":1,"featured_media":1069,"parent":0,"menu_order":0,"comment_status":"closed","ping_status":"closed","template":"template-wide-page.php","meta":{"_monsterinsights_skip_tracking":false,"_monsterinsights_sitenote_active":false,"_monsterinsights_sitenote_note":"","_monsterinsights_sitenote_category":0,"footnotes":""},"class_list":["post-1913","page","type-page","status-publish","has-post-thumbnail","hentry"],"yoast_head":"<!-- This site is optimized with the Yoast SEO plugin v23.6 - https:\/\/yoast.com\/wordpress\/plugins\/seo\/ -->\n<title>Finca Bravo - Sobre La Finca<\/title>\n<meta name=\"description\" content=\"Finca Bravo es una granja de 100 a\u00f1os de antig\u00fcedad en una parcela de 6,3 hect\u00e1reas (15,5 acres) ubicada entre los pueblos de El Repilado y La Corte de Cortegana en la Sierra de Aracena.\" \/>\n<meta name=\"robots\" content=\"index, follow, max-snippet:-1, max-image-preview:large, max-video-preview:-1\" \/>\n<link rel=\"canonical\" href=\"https:\/\/fincabravo.com\/es\/sobre-la-finca\" \/>\n<meta property=\"og:locale\" content=\"es_ES\" \/>\n<meta property=\"og:type\" content=\"article\" \/>\n<meta property=\"og:title\" content=\"Finca Bravo - Sobre La Finca\" \/>\n<meta property=\"og:description\" content=\"Finca Bravo es una granja de 100 a\u00f1os de antig\u00fcedad en una parcela de 6,3 hect\u00e1reas (15,5 acres) ubicada entre los pueblos de El Repilado y La Corte de Cortegana en la Sierra de Aracena.\" \/>\n<meta property=\"og:url\" content=\"https:\/\/fincabravo.com\/es\/sobre-la-finca\" \/>\n<meta property=\"og:site_name\" content=\"Alojamiento Rural\" \/>\n<meta property=\"article:modified_time\" content=\"2025-03-10T15:35:23+00:00\" \/>\n<meta property=\"og:image\" content=\"https:\/\/fincabravo.com\/wp-content\/uploads\/2020\/03\/Finca-bravo-and-surrounding-land-small.png\" \/>\n\t<meta property=\"og:image:width\" content=\"1194\" \/>\n\t<meta property=\"og:image:height\" content=\"526\" \/>\n\t<meta property=\"og:image:type\" content=\"image\/png\" \/>\n<meta name=\"twitter:card\" content=\"summary_large_image\" \/>\n<meta name=\"twitter:label1\" content=\"Tiempo de lectura\" \/>\n\t<meta name=\"twitter:data1\" content=\"4 minutos\" \/>\n<script type=\"application\/ld+json\" class=\"yoast-schema-graph\">{\"@context\":\"https:\/\/schema.org\",\"@graph\":[{\"@type\":\"WebPage\",\"@id\":\"https:\/\/fincabravo.com\/es\/sobre-la-finca\",\"url\":\"https:\/\/fincabravo.com\/es\/sobre-la-finca\",\"name\":\"Finca Bravo - Sobre La Finca\",\"isPartOf\":{\"@id\":\"https:\/\/fincabravo.com\/es#website\"},\"primaryImageOfPage\":{\"@id\":\"https:\/\/fincabravo.com\/es\/sobre-la-finca#primaryimage\"},\"image\":{\"@id\":\"https:\/\/fincabravo.com\/es\/sobre-la-finca#primaryimage\"},\"thumbnailUrl\":\"https:\/\/fincabravo.com\/wp-content\/uploads\/2020\/03\/Finca-bravo-and-surrounding-land-small.png\",\"datePublished\":\"2020-08-10T13:20:39+00:00\",\"dateModified\":\"2025-03-10T15:35:23+00:00\",\"description\":\"Finca Bravo es una granja de 100 a\u00f1os de antig\u00fcedad en una parcela de 6,3 hect\u00e1reas (15,5 acres) ubicada entre los pueblos de El Repilado y La Corte de Cortegana en la Sierra de Aracena.\",\"breadcrumb\":{\"@id\":\"https:\/\/fincabravo.com\/es\/sobre-la-finca#breadcrumb\"},\"inLanguage\":\"es\",\"potentialAction\":[{\"@type\":\"ReadAction\",\"target\":[\"https:\/\/fincabravo.com\/es\/sobre-la-finca\"]}]},{\"@type\":\"ImageObject\",\"inLanguage\":\"es\",\"@id\":\"https:\/\/fincabravo.com\/es\/sobre-la-finca#primaryimage\",\"url\":\"https:\/\/fincabravo.com\/wp-content\/uploads\/2020\/03\/Finca-bravo-and-surrounding-land-small.png\",\"contentUrl\":\"https:\/\/fincabravo.com\/wp-content\/uploads\/2020\/03\/Finca-bravo-and-surrounding-land-small.png\",\"width\":1194,\"height\":526,\"caption\":\"Finca bravo and surrounding land\"},{\"@type\":\"BreadcrumbList\",\"@id\":\"https:\/\/fincabravo.com\/es\/sobre-la-finca#breadcrumb\",\"itemListElement\":[{\"@type\":\"ListItem\",\"position\":1,\"name\":\"Home\",\"item\":\"https:\/\/fincabravo.com\/es\"},{\"@type\":\"ListItem\",\"position\":2,\"name\":\"Sobre la finca\"}]},{\"@type\":\"WebSite\",\"@id\":\"https:\/\/fincabravo.com\/es#website\",\"url\":\"https:\/\/fincabravo.com\/es\",\"name\":\"Alojamiento Rural\",\"description\":\"Reconnect with nature\",\"publisher\":{\"@id\":\"https:\/\/fincabravo.com\/es#organization\"},\"potentialAction\":[{\"@type\":\"SearchAction\",\"target\":{\"@type\":\"EntryPoint\",\"urlTemplate\":\"https:\/\/fincabravo.com\/es?s={search_term_string}\"},\"query-input\":{\"@type\":\"PropertyValueSpecification\",\"valueRequired\":true,\"valueName\":\"search_term_string\"}}],\"inLanguage\":\"es\"},{\"@type\":\"Organization\",\"@id\":\"https:\/\/fincabravo.com\/es#organization\",\"name\":\"Alojamiento Rural\",\"url\":\"https:\/\/fincabravo.com\/es\",\"logo\":{\"@type\":\"ImageObject\",\"inLanguage\":\"es\",\"@id\":\"https:\/\/fincabravo.com\/es#\/schema\/logo\/image\/\",\"url\":\"https:\/\/fincabravo.com\/wp-content\/uploads\/2020\/03\/cropped-cropped-DONTDELETE_LOGO_FINCA_BRAVO-circle-logo-100x100px-2.png\",\"contentUrl\":\"https:\/\/fincabravo.com\/wp-content\/uploads\/2020\/03\/cropped-cropped-DONTDELETE_LOGO_FINCA_BRAVO-circle-logo-100x100px-2.png\",\"width\":100,\"height\":100,\"caption\":\"Alojamiento Rural\\r\\n\"},\"image\":{\"@id\":\"https:\/\/fincabravo.com\/es#\/schema\/logo\/image\/\"}}]}<\/script>\n<!-- \/ Yoast SEO plugin. -->","yoast_head_json":{"title":"Finca Bravo - Sobre La Finca","description":"Finca Bravo es una granja de 100 a\u00f1os de antig\u00fcedad en una parcela de 6,3 hect\u00e1reas (15,5 acres) ubicada entre los pueblos de El Repilado y La Corte de Cortegana en la Sierra de Aracena.","robots":{"index":"index","follow":"follow","max-snippet":"max-snippet:-1","max-image-preview":"max-image-preview:large","max-video-preview":"max-video-preview:-1"},"canonical":"https:\/\/fincabravo.com\/es\/sobre-la-finca","og_locale":"es_ES","og_type":"article","og_title":"Finca Bravo - Sobre La Finca","og_description":"Finca Bravo es una granja de 100 a\u00f1os de antig\u00fcedad en una parcela de 6,3 hect\u00e1reas (15,5 acres) ubicada entre los pueblos de El Repilado y La Corte de Cortegana en la Sierra de Aracena.","og_url":"https:\/\/fincabravo.com\/es\/sobre-la-finca","og_site_name":"Alojamiento Rural","article_modified_time":"2025-03-10T15:35:23+00:00","og_image":[{"width":1194,"height":526,"url":"https:\/\/fincabravo.com\/wp-content\/uploads\/2020\/03\/Finca-bravo-and-surrounding-land-small.png","type":"image\/png"}],"twitter_card":"summary_large_image","twitter_misc":{"Tiempo de lectura":"4 minutos"},"schema":{"@context":"https:\/\/schema.org","@graph":[{"@type":"WebPage","@id":"https:\/\/fincabravo.com\/es\/sobre-la-finca","url":"https:\/\/fincabravo.com\/es\/sobre-la-finca","name":"Finca Bravo - Sobre La Finca","isPartOf":{"@id":"https:\/\/fincabravo.com\/es#website"},"primaryImageOfPage":{"@id":"https:\/\/fincabravo.com\/es\/sobre-la-finca#primaryimage"},"image":{"@id":"https:\/\/fincabravo.com\/es\/sobre-la-finca#primaryimage"},"thumbnailUrl":"https:\/\/fincabravo.com\/wp-content\/uploads\/2020\/03\/Finca-bravo-and-surrounding-land-small.png","datePublished":"2020-08-10T13:20:39+00:00","dateModified":"2025-03-10T15:35:23+00:00","description":"Finca Bravo es una granja de 100 a\u00f1os de antig\u00fcedad en una parcela de 6,3 hect\u00e1reas (15,5 acres) ubicada entre los pueblos de El Repilado y La Corte de Cortegana en la Sierra de Aracena.","breadcrumb":{"@id":"https:\/\/fincabravo.com\/es\/sobre-la-finca#breadcrumb"},"inLanguage":"es","potentialAction":[{"@type":"ReadAction","target":["https:\/\/fincabravo.com\/es\/sobre-la-finca"]}]},{"@type":"ImageObject","inLanguage":"es","@id":"https:\/\/fincabravo.com\/es\/sobre-la-finca#primaryimage","url":"https:\/\/fincabravo.com\/wp-content\/uploads\/2020\/03\/Finca-bravo-and-surrounding-land-small.png","contentUrl":"https:\/\/fincabravo.com\/wp-content\/uploads\/2020\/03\/Finca-bravo-and-surrounding-land-small.png","width":1194,"height":526,"caption":"Finca bravo and surrounding land"},{"@type":"BreadcrumbList","@id":"https:\/\/fincabravo.com\/es\/sobre-la-finca#breadcrumb","itemListElement":[{"@type":"ListItem","position":1,"name":"Home","item":"https:\/\/fincabravo.com\/es"},{"@type":"ListItem","position":2,"name":"Sobre la finca"}]},{"@type":"WebSite","@id":"https:\/\/fincabravo.com\/es#website","url":"https:\/\/fincabravo.com\/es","name":"Alojamiento Rural","description":"Reconnect with nature","publisher":{"@id":"https:\/\/fincabravo.com\/es#organization"},"potentialAction":[{"@type":"SearchAction","target":{"@type":"EntryPoint","urlTemplate":"https:\/\/fincabravo.com\/es?s={search_term_string}"},"query-input":{"@type":"PropertyValueSpecification","valueRequired":true,"valueName":"search_term_string"}}],"inLanguage":"es"},{"@type":"Organization","@id":"https:\/\/fincabravo.com\/es#organization","name":"Alojamiento Rural","url":"https:\/\/fincabravo.com\/es","logo":{"@type":"ImageObject","inLanguage":"es","@id":"https:\/\/fincabravo.com\/es#\/schema\/logo\/image\/","url":"https:\/\/fincabravo.com\/wp-content\/uploads\/2020\/03\/cropped-cropped-DONTDELETE_LOGO_FINCA_BRAVO-circle-logo-100x100px-2.png","contentUrl":"https:\/\/fincabravo.com\/wp-content\/uploads\/2020\/03\/cropped-cropped-DONTDELETE_LOGO_FINCA_BRAVO-circle-logo-100x100px-2.png","width":100,"height":100,"caption":"Alojamiento Rural\r\n"},"image":{"@id":"https:\/\/fincabravo.com\/es#\/schema\/logo\/image\/"}}]}},"_links":{"self":[{"href":"https:\/\/fincabravo.com\/es\/wp-json\/wp\/v2\/pages\/1913"}],"collection":[{"href":"https:\/\/fincabravo.com\/es\/wp-json\/wp\/v2\/pages"}],"about":[{"href":"https:\/\/fincabravo.com\/es\/wp-json\/wp\/v2\/types\/page"}],"author":[{"embeddable":true,"href":"https:\/\/fincabravo.com\/es\/wp-json\/wp\/v2\/users\/1"}],"replies":[{"embeddable":true,"href":"https:\/\/fincabravo.com\/es\/wp-json\/wp\/v2\/comments?post=1913"}],"version-history":[{"count":2,"href":"https:\/\/fincabravo.com\/es\/wp-json\/wp\/v2\/pages\/1913\/revisions"}],"predecessor-version":[{"id":4029,"href":"https:\/\/fincabravo.com\/es\/wp-json\/wp\/v2\/pages\/1913\/revisions\/4029"}],"wp:featuredmedia":[{"embeddable":true,"href":"https:\/\/fincabravo.com\/es\/wp-json\/wp\/v2\/media\/1069"}],"wp:attachment":[{"href":"https:\/\/fincabravo.com\/es\/wp-json\/wp\/v2\/media?parent=1913"}],"curies":[{"name":"wp","href":"https:\/\/api.w.org\/{rel}","templated":true}]}}