{"id":1911,"date":"2020-08-10T13:11:32","date_gmt":"2020-08-10T13:11:32","guid":{"rendered":"https:\/\/fincabravo.com\/?page_id=1911"},"modified":"2020-08-25T07:42:48","modified_gmt":"2020-08-25T07:42:48","slug":"como-llegar-a-finca-bravo","status":"publish","type":"page","link":"https:\/\/fincabravo.com\/es\/como-llegar-a-finca-bravo","title":{"rendered":"\u00bfC\u00f3mo llegar a Finca Bravo?"},"content":{"rendered":"\n<h2 class=\"wp-block-heading\">Ubicaci\u00f3n<\/h2>\n\n\n\n<p>Finca Bravo se encuentra aproximadamente a 1 hora y 30 minutos en coche del noroeste de Sevilla en la regi\u00f3n andaluza en Espa\u00f1a. La Finca est\u00e1 ubicada entre los pueblos de El Repilado y La Corte. Si deseas obtener m\u00e1s informaci\u00f3n sobre la zona alrededor de Finca Bravo y su clima, haz clic <a href=\"https:\/\/www.fincabravo.com\/where-is-finca-bravo?lang=es\">aqu\u00ed<\/a>.<\/p>\n\n\n\n<p>Puede encontrar instrucciones detalladas a continuaci\u00f3n sobre c\u00f3mo llegar a Finca Bravo en coche, autob\u00fas y tren.<\/p>\n\n\n\n<center><figure><iframe style=\"border: 0;\" data-src=\"https:\/\/www.google.com\/maps\/embed?pb=!1m18!1m12!1m3!1d2833.0817712450234!2d-6.8167784491256596!3d37.94684896821701!2m3!1f0!2f0!3f0!3m2!1i1024!2i768!4f13.1!3m3!1m2!1s0xd110df4ce1b6e6f%3A0xda489119aabc74e!2sFinca+Bravo!5e1!3m2!1sen!2suk!4v1520333540175\" width=\"600\" height=\"450\" frameborder=\"0\" allowfullscreen=\"allowfullscreen\" src=\"data:image\/svg+xml;base64,PHN2ZyB3aWR0aD0iMSIgaGVpZ2h0PSIxIiB4bWxucz0iaHR0cDovL3d3dy53My5vcmcvMjAwMC9zdmciPjwvc3ZnPg==\" class=\"lazyload\" data-load-mode=\"1\"><\/iframe><\/figure><\/center>\n\n\n\n<h2 class=\"wp-block-heading\">Conducir hasta Finca Bravo<\/h2>\n\n\n\n<p>Conducir hasta la finca es muy f\u00e1cil. La carretera N-433 que conecta con la autopista A-66 desde Sevilla te llevar\u00e1 a trav\u00e9s de la Sierra. Al llegar al pueblo El Repilado, gira a la derecha despu\u00e9s de cruzar las v\u00edas del tren. Desde all\u00ed son unos 5 km por una carretera asfaltada hasta llegar a la finca. <\/p>\n\n\n\n<p>Haz clic en los enlaces a continuaci\u00f3n para encontrar instrucciones detalladas para llegar a Finca Bravo desde los principales aeropuertos:<\/p>\n\n\n\n<div class=\"wp-block-buttons is-layout-flex wp-block-buttons-is-layout-flex\">\n<div class=\"wp-block-button\"><a class=\"wp-block-button__link\" href=\"https:\/\/goo.gl\/maps\/qikGqYS389hHhvbX9\">Instrucciones desde Aeropuerto de SEVILLa<\/a><\/div>\n\n\n\n<div class=\"wp-block-button\"><a class=\"wp-block-button__link\" href=\"https:\/\/goo.gl\/maps\/XzFhpEYBfCCt3szw5\">instrucciones desde AEROPUERTO DE FARO<\/a><\/div>\n\n\n\n<div class=\"wp-block-button\"><a class=\"wp-block-button__link\" href=\"https:\/\/goo.gl\/maps\/oTz4GDoQbPLTYDAZA\">instrucciones desde AEROPUERTO DE Lisboa<\/a><\/div>\n<\/div>\n\n\n\n<h2 class=\"wp-block-heading\">Autob\u00fas hacia Finca Bravo<\/h2>\n\n\n\n<p>Hay una opci\u00f3n de autob\u00fas que te lleva desde Sevilla hasta El Repilado (a 5 min de Finca Bravo) donde podemos recogerte. Por favor ponte en contacto con nosotros para <a href=\"http:\/\/www.damas-sa.es\/\">m\u00e1s informaci\u00f3n sobre esta opci\u00f3n<\/a>. <\/p>\n\n\n\n<h2 class=\"wp-block-heading\">Tren a Finca Bravo<\/h2>\n\n\n\n<p>Hay un tren entre la ciudad de Huelva y el pueblo de El Repilado, que est\u00e1 a menos de 5 km de la Finca. <\/p>\n\n\n\n<p>Los horarios detallados se pueden encontrar en <a href=\"https:\/\/www.renfe.com\/\">el sitio web de Renfe<\/a>. Lamentablemente, hasta el momento no hay un tren directo desde Sevilla o Lisboa.<\/p>\n","protected":false},"excerpt":{"rendered":"<p>Ubicaci\u00f3n Finca Bravo se encuentra aproximadamente a 1 hora y 30 minutos en coche del noroeste de Sevilla en la regi\u00f3n andaluza en Espa\u00f1a. La Finca est\u00e1 ubicada entre los pueblos de El Repilado y La Corte. Si deseas obtener m\u00e1s informaci\u00f3n sobre la zona alrededor de Finca Bravo y su clima, haz clic aqu\u00ed. [&hellip;]<\/p>\n","protected":false},"author":1,"featured_media":1070,"parent":0,"menu_order":0,"comment_status":"closed","ping_status":"closed","template":"template-wide-page.php","meta":{"_monsterinsights_skip_tracking":false,"_monsterinsights_sitenote_active":false,"_monsterinsights_sitenote_note":"","_monsterinsights_sitenote_category":0,"footnotes":""},"class_list":["post-1911","page","type-page","status-publish","has-post-thumbnail","hentry"],"yoast_head":"<!-- This site is optimized with the Yoast SEO plugin v23.6 - https:\/\/yoast.com\/wordpress\/plugins\/seo\/ -->\n<title>\u00bfC\u00f3mo llegar a Finca Bravo?<\/title>\n<meta name=\"description\" content=\"Conducir hasta la finca es muy f\u00e1cil. La carretera N-433 que conecta con la autopista A-66 desde Sevilla te llevar\u00e1 a trav\u00e9s de la Sierra. Al llegar al pueblo El Repilado, gira a la derecha despu\u00e9s de cruzar las v\u00edas del tren. Desde all\u00ed son unos 5 km por una carretera asfaltada hasta llegar a la finca.\" \/>\n<meta name=\"robots\" content=\"index, follow, max-snippet:-1, max-image-preview:large, max-video-preview:-1\" \/>\n<link rel=\"canonical\" href=\"https:\/\/fincabravo.com\/es\/como-llegar-a-finca-bravo\" \/>\n<meta property=\"og:locale\" content=\"es_ES\" \/>\n<meta property=\"og:type\" content=\"article\" \/>\n<meta property=\"og:title\" content=\"\u00bfC\u00f3mo llegar a Finca Bravo?\" \/>\n<meta property=\"og:description\" content=\"Conducir hasta la finca es muy f\u00e1cil. La carretera N-433 que conecta con la autopista A-66 desde Sevilla te llevar\u00e1 a trav\u00e9s de la Sierra. Al llegar al pueblo El Repilado, gira a la derecha despu\u00e9s de cruzar las v\u00edas del tren. Desde all\u00ed son unos 5 km por una carretera asfaltada hasta llegar a la finca.\" \/>\n<meta property=\"og:url\" content=\"https:\/\/fincabravo.com\/es\/como-llegar-a-finca-bravo\" \/>\n<meta property=\"og:site_name\" content=\"Alojamiento Rural\" \/>\n<meta property=\"article:modified_time\" content=\"2020-08-25T07:42:48+00:00\" \/>\n<meta property=\"og:image\" content=\"https:\/\/fincabravo.com\/wp-content\/uploads\/2020\/03\/Screen-Shot-2020-03-29-at-16.28.20.png\" \/>\n\t<meta property=\"og:image:width\" content=\"1000\" \/>\n\t<meta property=\"og:image:height\" content=\"388\" \/>\n\t<meta property=\"og:image:type\" content=\"image\/png\" \/>\n<meta name=\"twitter:card\" content=\"summary_large_image\" \/>\n<meta name=\"twitter:label1\" content=\"Tiempo de lectura\" \/>\n\t<meta name=\"twitter:data1\" content=\"1 minuto\" \/>\n<script type=\"application\/ld+json\" class=\"yoast-schema-graph\">{\"@context\":\"https:\/\/schema.org\",\"@graph\":[{\"@type\":\"WebPage\",\"@id\":\"https:\/\/fincabravo.com\/es\/como-llegar-a-finca-bravo\",\"url\":\"https:\/\/fincabravo.com\/es\/como-llegar-a-finca-bravo\",\"name\":\"\u00bfC\u00f3mo llegar a Finca Bravo?\",\"isPartOf\":{\"@id\":\"https:\/\/fincabravo.com\/es#website\"},\"primaryImageOfPage\":{\"@id\":\"https:\/\/fincabravo.com\/es\/como-llegar-a-finca-bravo#primaryimage\"},\"image\":{\"@id\":\"https:\/\/fincabravo.com\/es\/como-llegar-a-finca-bravo#primaryimage\"},\"thumbnailUrl\":\"https:\/\/fincabravo.com\/wp-content\/uploads\/2020\/03\/Screen-Shot-2020-03-29-at-16.28.20.png\",\"datePublished\":\"2020-08-10T13:11:32+00:00\",\"dateModified\":\"2020-08-25T07:42:48+00:00\",\"description\":\"Conducir hasta la finca es muy f\u00e1cil. La carretera N-433 que conecta con la autopista A-66 desde Sevilla te llevar\u00e1 a trav\u00e9s de la Sierra. Al llegar al pueblo El Repilado, gira a la derecha despu\u00e9s de cruzar las v\u00edas del tren. Desde all\u00ed son unos 5 km por una carretera asfaltada hasta llegar a la finca.\",\"breadcrumb\":{\"@id\":\"https:\/\/fincabravo.com\/es\/como-llegar-a-finca-bravo#breadcrumb\"},\"inLanguage\":\"es\",\"potentialAction\":[{\"@type\":\"ReadAction\",\"target\":[\"https:\/\/fincabravo.com\/es\/como-llegar-a-finca-bravo\"]}]},{\"@type\":\"ImageObject\",\"inLanguage\":\"es\",\"@id\":\"https:\/\/fincabravo.com\/es\/como-llegar-a-finca-bravo#primaryimage\",\"url\":\"https:\/\/fincabravo.com\/wp-content\/uploads\/2020\/03\/Screen-Shot-2020-03-29-at-16.28.20.png\",\"contentUrl\":\"https:\/\/fincabravo.com\/wp-content\/uploads\/2020\/03\/Screen-Shot-2020-03-29-at-16.28.20.png\",\"width\":1000,\"height\":388,\"caption\":\"map of area around Finca Bravo\"},{\"@type\":\"BreadcrumbList\",\"@id\":\"https:\/\/fincabravo.com\/es\/como-llegar-a-finca-bravo#breadcrumb\",\"itemListElement\":[{\"@type\":\"ListItem\",\"position\":1,\"name\":\"Home\",\"item\":\"https:\/\/fincabravo.com\/es\"},{\"@type\":\"ListItem\",\"position\":2,\"name\":\"\u00bfC\u00f3mo llegar a Finca Bravo?\"}]},{\"@type\":\"WebSite\",\"@id\":\"https:\/\/fincabravo.com\/es#website\",\"url\":\"https:\/\/fincabravo.com\/es\",\"name\":\"Alojamiento Rural\",\"description\":\"Reconnect with nature\",\"publisher\":{\"@id\":\"https:\/\/fincabravo.com\/es#organization\"},\"potentialAction\":[{\"@type\":\"SearchAction\",\"target\":{\"@type\":\"EntryPoint\",\"urlTemplate\":\"https:\/\/fincabravo.com\/es?s={search_term_string}\"},\"query-input\":{\"@type\":\"PropertyValueSpecification\",\"valueRequired\":true,\"valueName\":\"search_term_string\"}}],\"inLanguage\":\"es\"},{\"@type\":\"Organization\",\"@id\":\"https:\/\/fincabravo.com\/es#organization\",\"name\":\"Alojamiento Rural\",\"url\":\"https:\/\/fincabravo.com\/es\",\"logo\":{\"@type\":\"ImageObject\",\"inLanguage\":\"es\",\"@id\":\"https:\/\/fincabravo.com\/es#\/schema\/logo\/image\/\",\"url\":\"https:\/\/fincabravo.com\/wp-content\/uploads\/2020\/03\/cropped-cropped-DONTDELETE_LOGO_FINCA_BRAVO-circle-logo-100x100px-2.png\",\"contentUrl\":\"https:\/\/fincabravo.com\/wp-content\/uploads\/2020\/03\/cropped-cropped-DONTDELETE_LOGO_FINCA_BRAVO-circle-logo-100x100px-2.png\",\"width\":100,\"height\":100,\"caption\":\"Alojamiento Rural\\r\\n\"},\"image\":{\"@id\":\"https:\/\/fincabravo.com\/es#\/schema\/logo\/image\/\"}}]}<\/script>\n<!-- \/ Yoast SEO plugin. -->","yoast_head_json":{"title":"\u00bfC\u00f3mo llegar a Finca Bravo?","description":"Conducir hasta la finca es muy f\u00e1cil. La carretera N-433 que conecta con la autopista A-66 desde Sevilla te llevar\u00e1 a trav\u00e9s de la Sierra. Al llegar al pueblo El Repilado, gira a la derecha despu\u00e9s de cruzar las v\u00edas del tren. Desde all\u00ed son unos 5 km por una carretera asfaltada hasta llegar a la finca.","robots":{"index":"index","follow":"follow","max-snippet":"max-snippet:-1","max-image-preview":"max-image-preview:large","max-video-preview":"max-video-preview:-1"},"canonical":"https:\/\/fincabravo.com\/es\/como-llegar-a-finca-bravo","og_locale":"es_ES","og_type":"article","og_title":"\u00bfC\u00f3mo llegar a Finca Bravo?","og_description":"Conducir hasta la finca es muy f\u00e1cil. La carretera N-433 que conecta con la autopista A-66 desde Sevilla te llevar\u00e1 a trav\u00e9s de la Sierra. Al llegar al pueblo El Repilado, gira a la derecha despu\u00e9s de cruzar las v\u00edas del tren. Desde all\u00ed son unos 5 km por una carretera asfaltada hasta llegar a la finca.","og_url":"https:\/\/fincabravo.com\/es\/como-llegar-a-finca-bravo","og_site_name":"Alojamiento Rural","article_modified_time":"2020-08-25T07:42:48+00:00","og_image":[{"width":1000,"height":388,"url":"https:\/\/fincabravo.com\/wp-content\/uploads\/2020\/03\/Screen-Shot-2020-03-29-at-16.28.20.png","type":"image\/png"}],"twitter_card":"summary_large_image","twitter_misc":{"Tiempo de lectura":"1 minuto"},"schema":{"@context":"https:\/\/schema.org","@graph":[{"@type":"WebPage","@id":"https:\/\/fincabravo.com\/es\/como-llegar-a-finca-bravo","url":"https:\/\/fincabravo.com\/es\/como-llegar-a-finca-bravo","name":"\u00bfC\u00f3mo llegar a Finca Bravo?","isPartOf":{"@id":"https:\/\/fincabravo.com\/es#website"},"primaryImageOfPage":{"@id":"https:\/\/fincabravo.com\/es\/como-llegar-a-finca-bravo#primaryimage"},"image":{"@id":"https:\/\/fincabravo.com\/es\/como-llegar-a-finca-bravo#primaryimage"},"thumbnailUrl":"https:\/\/fincabravo.com\/wp-content\/uploads\/2020\/03\/Screen-Shot-2020-03-29-at-16.28.20.png","datePublished":"2020-08-10T13:11:32+00:00","dateModified":"2020-08-25T07:42:48+00:00","description":"Conducir hasta la finca es muy f\u00e1cil. La carretera N-433 que conecta con la autopista A-66 desde Sevilla te llevar\u00e1 a trav\u00e9s de la Sierra. Al llegar al pueblo El Repilado, gira a la derecha despu\u00e9s de cruzar las v\u00edas del tren. Desde all\u00ed son unos 5 km por una carretera asfaltada hasta llegar a la finca.","breadcrumb":{"@id":"https:\/\/fincabravo.com\/es\/como-llegar-a-finca-bravo#breadcrumb"},"inLanguage":"es","potentialAction":[{"@type":"ReadAction","target":["https:\/\/fincabravo.com\/es\/como-llegar-a-finca-bravo"]}]},{"@type":"ImageObject","inLanguage":"es","@id":"https:\/\/fincabravo.com\/es\/como-llegar-a-finca-bravo#primaryimage","url":"https:\/\/fincabravo.com\/wp-content\/uploads\/2020\/03\/Screen-Shot-2020-03-29-at-16.28.20.png","contentUrl":"https:\/\/fincabravo.com\/wp-content\/uploads\/2020\/03\/Screen-Shot-2020-03-29-at-16.28.20.png","width":1000,"height":388,"caption":"map of area around Finca Bravo"},{"@type":"BreadcrumbList","@id":"https:\/\/fincabravo.com\/es\/como-llegar-a-finca-bravo#breadcrumb","itemListElement":[{"@type":"ListItem","position":1,"name":"Home","item":"https:\/\/fincabravo.com\/es"},{"@type":"ListItem","position":2,"name":"\u00bfC\u00f3mo llegar a Finca Bravo?"}]},{"@type":"WebSite","@id":"https:\/\/fincabravo.com\/es#website","url":"https:\/\/fincabravo.com\/es","name":"Alojamiento Rural","description":"Reconnect with nature","publisher":{"@id":"https:\/\/fincabravo.com\/es#organization"},"potentialAction":[{"@type":"SearchAction","target":{"@type":"EntryPoint","urlTemplate":"https:\/\/fincabravo.com\/es?s={search_term_string}"},"query-input":{"@type":"PropertyValueSpecification","valueRequired":true,"valueName":"search_term_string"}}],"inLanguage":"es"},{"@type":"Organization","@id":"https:\/\/fincabravo.com\/es#organization","name":"Alojamiento Rural","url":"https:\/\/fincabravo.com\/es","logo":{"@type":"ImageObject","inLanguage":"es","@id":"https:\/\/fincabravo.com\/es#\/schema\/logo\/image\/","url":"https:\/\/fincabravo.com\/wp-content\/uploads\/2020\/03\/cropped-cropped-DONTDELETE_LOGO_FINCA_BRAVO-circle-logo-100x100px-2.png","contentUrl":"https:\/\/fincabravo.com\/wp-content\/uploads\/2020\/03\/cropped-cropped-DONTDELETE_LOGO_FINCA_BRAVO-circle-logo-100x100px-2.png","width":100,"height":100,"caption":"Alojamiento Rural\r\n"},"image":{"@id":"https:\/\/fincabravo.com\/es#\/schema\/logo\/image\/"}}]}},"_links":{"self":[{"href":"https:\/\/fincabravo.com\/es\/wp-json\/wp\/v2\/pages\/1911"}],"collection":[{"href":"https:\/\/fincabravo.com\/es\/wp-json\/wp\/v2\/pages"}],"about":[{"href":"https:\/\/fincabravo.com\/es\/wp-json\/wp\/v2\/types\/page"}],"author":[{"embeddable":true,"href":"https:\/\/fincabravo.com\/es\/wp-json\/wp\/v2\/users\/1"}],"replies":[{"embeddable":true,"href":"https:\/\/fincabravo.com\/es\/wp-json\/wp\/v2\/comments?post=1911"}],"version-history":[{"count":1,"href":"https:\/\/fincabravo.com\/es\/wp-json\/wp\/v2\/pages\/1911\/revisions"}],"predecessor-version":[{"id":1912,"href":"https:\/\/fincabravo.com\/es\/wp-json\/wp\/v2\/pages\/1911\/revisions\/1912"}],"wp:featuredmedia":[{"embeddable":true,"href":"https:\/\/fincabravo.com\/es\/wp-json\/wp\/v2\/media\/1070"}],"wp:attachment":[{"href":"https:\/\/fincabravo.com\/es\/wp-json\/wp\/v2\/media?parent=1911"}],"curies":[{"name":"wp","href":"https:\/\/api.w.org\/{rel}","templated":true}]}}