{"id":1908,"date":"2020-08-10T12:59:03","date_gmt":"2020-08-10T12:59:03","guid":{"rendered":"https:\/\/fincabravo.com\/?page_id=1908"},"modified":"2025-03-10T15:28:56","modified_gmt":"2025-03-10T15:28:56","slug":"donde-esta-finca-bravo","status":"publish","type":"page","link":"https:\/\/fincabravo.com\/es\/donde-esta-finca-bravo","title":{"rendered":"\u00bfD\u00f3nde est\u00e1 Finca Bravo?"},"content":{"rendered":"\n<p>Finca Bravo se encuentra aproximadamente a 1 hora y 30 minutos en coche del noroeste de Sevilla en la comunidad andaluza de Espa\u00f1a. La Finca est\u00e1 ubicada entre los pueblos de El Repilado y La Corte de Cortegana y forma parte del municipio de Cortegana (poblaci\u00f3n: 4,853). <\/p>\n\n\n\n<p>Para obtener instrucciones detalladas de c\u00f3mo llegar a Finca Bravo en coche, autob\u00fas o tren, haz clic en el siguiente enlace:<\/p>\n\n\n\n<div class=\"wp-block-buttons is-layout-flex wp-block-buttons-is-layout-flex\">\n<div class=\"wp-block-button\"><a class=\"wp-block-button__link wp-element-button\" href=\"https:\/\/fincabravo.com\/getting-to-finca-bravo\">C\u00f3mo llegar a Finca Bravo<\/a><\/div>\n<\/div>\n\n\n\n<h2 class=\"wp-block-heading\">Sierra de Aracena<\/h2>\n\n\n\n<p>Cortegana se encuentra en el coraz\u00f3n de la Sierra de Aracena y Picos de Aroche, un parque protegido y reserva de la biosfera de la UNESCO ubicado en la provincia de Huelva (por lo tanto, la Sierra a veces tambi\u00e9n se conoce como la Sierra de Huelva). La ciudad m\u00e1s grande de la zona es Aracena (poblaci\u00f3n: 8.040), que est\u00e1 a 20 minutos de nuestra Finca.<\/p>\n\n\n\n<p>Si buscas una Espa\u00f1a m\u00e1s tranquila, con rutas sinuosas, pueblos atemporales y paisajes exuberantes, la has encontrado. <strong>La Sierra de Aracena y Picos de Aroche<\/strong> es una joya escondida enclavada entre Sevilla (a 1 hora al sur) y la frontera portuguesa (a 45 km de Finca Bravo). Las lluvias de invierno roc\u00edan estas onduladas colinas, pint\u00e1ndolas del verde m\u00e1s intenso de Andaluc\u00eda, un tel\u00f3n de fondo para m\u00e1s de 40 pueblos encalados donde la tradici\u00f3n prospera.<\/p>\n\n\n\n<div class=\"wp-block-getwid-image-box has-text-center has-mobile-layout-default has-mobile-alignment-default\"><div class=\"wp-block-getwid-image-box__image-container is-position-top\"><div class=\"wp-block-getwid-image-box__image-wrapper\"><img decoding=\"async\" width=\"833\" height=\"647\" data-src=\"https:\/\/fincabravo.com\/wp-content\/uploads\/2020\/03\/Map-of-Sierra-de-Aracena-and-Spain.png\" alt=\"Map of Sierra de Aracena and Spain\" class=\"wp-block-getwid-image-box__image wp-image-1059 lazyload\" data-srcset=\"https:\/\/fincabravo.com\/wp-content\/uploads\/2020\/03\/Map-of-Sierra-de-Aracena-and-Spain.png 833w, https:\/\/fincabravo.com\/wp-content\/uploads\/2020\/03\/Map-of-Sierra-de-Aracena-and-Spain-300x233.png 300w, https:\/\/fincabravo.com\/wp-content\/uploads\/2020\/03\/Map-of-Sierra-de-Aracena-and-Spain-768x597.png 768w\" data-sizes=\"(max-width: 833px) 100vw, 833px\" src=\"data:image\/svg+xml;base64,PHN2ZyB3aWR0aD0iMSIgaGVpZ2h0PSIxIiB4bWxucz0iaHR0cDovL3d3dy53My5vcmcvMjAwMC9zdmciPjwvc3ZnPg==\" style=\"--smush-placeholder-width: 833px; --smush-placeholder-aspect-ratio: 833\/647;\" \/><\/div><\/div><div class=\"wp-block-getwid-image-box__content\">\n<h3 class=\"wp-block-heading\"><\/h3>\n\n\n\n<p><\/p>\n<\/div><\/div>\n\n\n\n<p>La Sierra es famosa por sus cerdos ib\u00e9ricos, que deambulan libremente bajo encinas y alcornoques centenarios, d\u00e1ndose un fest\u00edn de bellotas para producir el famoso jam\u00f3n ib\u00e9rico de bellota, tambi\u00e9n conocido como pata negra. Pero aqu\u00ed hay mucho m\u00e1s que un jam\u00f3n excepcional:<\/p>\n\n\n\n<p><strong>Para\u00edso para los senderistas: <\/strong>los senderos serpentean entre bosques de casta\u00f1os, olivares y pueblos como Aracena, Almonaster, Al\u00e1jar y Cortegana.<\/p>\n\n\n\n<p><strong>Ritmos de fin de semana: <\/strong>los sevillanos acuden aqu\u00ed en busca de escapadas r\u00fasticas: los s\u00e1bados hay plazas animadas y los domingos hay tranquilidad.<\/p>\n\n\n\n<p><strong>Cocina serrana: <\/strong>saborea platos como carrilleras, revuelto de gurumelos o las mejores croquetas de jam\u00f3n del mundo.<\/p>\n\n\n\n<h2 class=\"wp-block-heading\">El clima<\/h2>\n\n\n\n<p>Como en la mayor parte del sur de Espa\u00f1a, nuestro clima mediterr\u00e1neo presenta inviernos suaves y cortos y veranos largos y c\u00e1lidos. Sin embargo, la Sierra de Aracena tiene un microclima particular. <\/p>\n\n\n\n<p>Debido a su ubicaci\u00f3n cerca del Oc\u00e9ano Atl\u00e1ntico y su terreno monta\u00f1oso, los veranos tienden a ser bastante m\u00e1s fr\u00edos (aproximadamente 30 \u00b0 C) que el resto de Andaluc\u00eda con temperaturas que rondan los 30 \u00b0 C durante el d\u00eda y 20 \u00b0 C por la noche. <\/p>\n\n\n\n<p>No inclu\u00edmos gr\u00e1ficas del clima o temperatura aqu\u00ed, ya que la mayor\u00eda de esta informaci\u00f3n se basa en datos de los \u00faltimos 30-40 a\u00f1os y sentimos que ignoran el cambio significativo que nuestro clima ha visto en la \u00faltima d\u00e9cada. <\/p>\n\n\n\n<p>En los \u00faltimos a\u00f1os, las lluvias que en el pasado eran tan abundantes se han reducido en 1\/3 y las temperaturas de invierno han aumentado; ahora son mucho m\u00e1s comunes per\u00edodos m\u00e1s largos de tiempo seco y despejado que llegan desde el continente africano y los per\u00edodos de fr\u00edo \/ humedad son m\u00e1s escasos. Sin embargo, todav\u00eda hay suficientes precipitaciones para que crezca una gran cantidad de vegetaci\u00f3n y flores desde el oto\u00f1o hasta principios del verano. Esto en contraste con gran parte del resto de Andaluc\u00eda, que tiende a tener un clima bastante \u00e1rido.<\/p>\n\n\n\n<h2 class=\"wp-block-heading\"><strong>La vegetaci\u00f3n<\/strong><\/h2>\n\n\n\n<p>Toda la zona del parque es muy verde gracias a la influencia del Oc\u00e9ano Atl\u00e1ntico. El paisaje est\u00e1 dominado por colinas cubiertas de la t\u00edpica dehesa, un sistema natural hecho por el hombre compuesto por alcornoques y encinas espaciados de forma uniforme durante los siglos de producci\u00f3n del famoso jam\u00f3n ib\u00e9rico (Pata Negra).<\/p>\n\n\n\n<figure class=\"wp-block-image size-large\"><img decoding=\"async\" width=\"1000\" height=\"667\" data-src=\"https:\/\/fincabravo.com\/wp-content\/uploads\/2020\/04\/typical-dehesa-landscape-around-Finca-Bravo.jpg\" alt=\"typical dehesa landscape around Finca Bravo\" class=\"wp-image-1277 lazyload\" data-srcset=\"https:\/\/fincabravo.com\/wp-content\/uploads\/2020\/04\/typical-dehesa-landscape-around-Finca-Bravo.jpg 1000w, https:\/\/fincabravo.com\/wp-content\/uploads\/2020\/04\/typical-dehesa-landscape-around-Finca-Bravo-300x200.jpg 300w, https:\/\/fincabravo.com\/wp-content\/uploads\/2020\/04\/typical-dehesa-landscape-around-Finca-Bravo-768x512.jpg 768w, https:\/\/fincabravo.com\/wp-content\/uploads\/2020\/04\/typical-dehesa-landscape-around-Finca-Bravo-892x594.jpg 892w, https:\/\/fincabravo.com\/wp-content\/uploads\/2020\/04\/typical-dehesa-landscape-around-Finca-Bravo-150x100.jpg 150w\" data-sizes=\"(max-width: 1000px) 100vw, 1000px\" src=\"data:image\/svg+xml;base64,PHN2ZyB3aWR0aD0iMSIgaGVpZ2h0PSIxIiB4bWxucz0iaHR0cDovL3d3dy53My5vcmcvMjAwMC9zdmciPjwvc3ZnPg==\" style=\"--smush-placeholder-width: 1000px; --smush-placeholder-aspect-ratio: 1000\/667;\" \/><figcaption class=\"wp-element-caption\">Un paisaje t\u00edpico de la dehesa de nuestros vecinos aqu\u00ed en Finca Bravo<\/figcaption><\/figure>\n\n\n\n<p>La maleza en la finca no es pastoreada por animales y, por lo tanto, est\u00e1 llena de flores silvestres, arbustos, hongos y pastos. Los serranos generalmente prefieren el aspecto limpio que queda despu\u00e9s de que los animales pastorean eliminando toda la vegetaci\u00f3n, pero aqu\u00ed en Finca Bravo nos encanta el aspecto natural y disfrutamos de toda la vida silvestre que esto trae a nuestra Finca.<\/p>\n\n\n\n<figure class=\"wp-block-image size-large\"><img decoding=\"async\" width=\"1024\" height=\"683\" data-src=\"https:\/\/fincabravo.com\/wp-content\/uploads\/2020\/05\/Jaras-at-Finca-Bravo-1024x683.jpg\" alt=\"local Jaras at Finca Bravo\" class=\"wp-image-1425 lazyload\" data-srcset=\"https:\/\/fincabravo.com\/wp-content\/uploads\/2020\/05\/Jaras-at-Finca-Bravo-1024x683.jpg 1024w, https:\/\/fincabravo.com\/wp-content\/uploads\/2020\/05\/Jaras-at-Finca-Bravo-300x200.jpg 300w, https:\/\/fincabravo.com\/wp-content\/uploads\/2020\/05\/Jaras-at-Finca-Bravo-768x512.jpg 768w, https:\/\/fincabravo.com\/wp-content\/uploads\/2020\/05\/Jaras-at-Finca-Bravo-892x594.jpg 892w, https:\/\/fincabravo.com\/wp-content\/uploads\/2020\/05\/Jaras-at-Finca-Bravo-150x100.jpg 150w, https:\/\/fincabravo.com\/wp-content\/uploads\/2020\/05\/Jaras-at-Finca-Bravo.jpg 1500w\" data-sizes=\"(max-width: 1024px) 100vw, 1024px\" src=\"data:image\/svg+xml;base64,PHN2ZyB3aWR0aD0iMSIgaGVpZ2h0PSIxIiB4bWxucz0iaHR0cDovL3d3dy53My5vcmcvMjAwMC9zdmciPjwvc3ZnPg==\" style=\"--smush-placeholder-width: 1024px; --smush-placeholder-aspect-ratio: 1024\/683;\" \/><figcaption class=\"wp-element-caption\">Jaras locales en Finca Bravo<\/figcaption><\/figure>\n\n\n\n<p>Flores silvestres como estas jaras cubren la Finca desde principios de primavera hasta el verano. Conoce m\u00e1s informaci\u00f3n sobre la finca y las tierras que rodean Finca Bravo <a href=\"https:\/\/fincabravo.com\/sobre-la-finca?lang=es\">aqu\u00ed<\/a>.<\/p>\n","protected":false},"excerpt":{"rendered":"<p>Finca Bravo se encuentra aproximadamente a 1 hora y 30 minutos en coche del noroeste de Sevilla en la comunidad andaluza de Espa\u00f1a. La Finca est\u00e1 ubicada entre los pueblos de El Repilado y La Corte de Cortegana y forma parte del municipio de Cortegana (poblaci\u00f3n: 4,853). Para obtener instrucciones detalladas de c\u00f3mo llegar a [&hellip;]<\/p>\n","protected":false},"author":1,"featured_media":1831,"parent":0,"menu_order":0,"comment_status":"closed","ping_status":"closed","template":"","meta":{"_monsterinsights_skip_tracking":false,"_monsterinsights_sitenote_active":false,"_monsterinsights_sitenote_note":"","_monsterinsights_sitenote_category":0,"footnotes":""},"class_list":["post-1908","page","type-page","status-publish","has-post-thumbnail","hentry"],"yoast_head":"<!-- This site is optimized with the Yoast SEO plugin v23.6 - https:\/\/yoast.com\/wordpress\/plugins\/seo\/ -->\n<title>\u00bfD\u00f3nde est\u00e1 Finca Bravo?<\/title>\n<meta name=\"description\" content=\"Finca Bravo se encuentra a 1.5h en coche de Sevilla en el Parque de La Sierra de Aracena en Huelva. La Finca est\u00e1 ubicada en la carretera entre los pueblos de El Repilado y La Corte de Cortegana y forma parte del municipio de Cortegana.\" \/>\n<meta name=\"robots\" content=\"index, follow, max-snippet:-1, max-image-preview:large, max-video-preview:-1\" \/>\n<link rel=\"canonical\" href=\"https:\/\/fincabravo.com\/es\/donde-esta-finca-bravo\" \/>\n<meta property=\"og:locale\" content=\"es_ES\" \/>\n<meta property=\"og:type\" content=\"article\" \/>\n<meta property=\"og:title\" content=\"\u00bfD\u00f3nde est\u00e1 Finca Bravo?\" \/>\n<meta property=\"og:description\" content=\"Finca Bravo se encuentra a 1.5h en coche de Sevilla en el Parque de La Sierra de Aracena en Huelva. La Finca est\u00e1 ubicada en la carretera entre los pueblos de El Repilado y La Corte de Cortegana y forma parte del municipio de Cortegana.\" \/>\n<meta property=\"og:url\" content=\"https:\/\/fincabravo.com\/es\/donde-esta-finca-bravo\" \/>\n<meta property=\"og:site_name\" content=\"Alojamiento Rural\" \/>\n<meta property=\"article:modified_time\" content=\"2025-03-10T15:28:56+00:00\" \/>\n<meta property=\"og:image\" content=\"https:\/\/fincabravo.com\/wp-content\/uploads\/2020\/04\/carpet-of-yellow-flowers-at-Finca-Bravo.jpg\" \/>\n\t<meta property=\"og:image:width\" content=\"1200\" \/>\n\t<meta property=\"og:image:height\" content=\"800\" \/>\n\t<meta property=\"og:image:type\" content=\"image\/jpeg\" \/>\n<meta name=\"twitter:card\" content=\"summary_large_image\" \/>\n<meta name=\"twitter:label1\" content=\"Tiempo de lectura\" \/>\n\t<meta name=\"twitter:data1\" content=\"4 minutos\" \/>\n<script type=\"application\/ld+json\" class=\"yoast-schema-graph\">{\"@context\":\"https:\/\/schema.org\",\"@graph\":[{\"@type\":\"WebPage\",\"@id\":\"https:\/\/fincabravo.com\/es\/donde-esta-finca-bravo\",\"url\":\"https:\/\/fincabravo.com\/es\/donde-esta-finca-bravo\",\"name\":\"\u00bfD\u00f3nde est\u00e1 Finca Bravo?\",\"isPartOf\":{\"@id\":\"https:\/\/fincabravo.com\/es#website\"},\"primaryImageOfPage\":{\"@id\":\"https:\/\/fincabravo.com\/es\/donde-esta-finca-bravo#primaryimage\"},\"image\":{\"@id\":\"https:\/\/fincabravo.com\/es\/donde-esta-finca-bravo#primaryimage\"},\"thumbnailUrl\":\"https:\/\/fincabravo.com\/wp-content\/uploads\/2020\/04\/carpet-of-yellow-flowers-at-Finca-Bravo.jpg\",\"datePublished\":\"2020-08-10T12:59:03+00:00\",\"dateModified\":\"2025-03-10T15:28:56+00:00\",\"description\":\"Finca Bravo se encuentra a 1.5h en coche de Sevilla en el Parque de La Sierra de Aracena en Huelva. La Finca est\u00e1 ubicada en la carretera entre los pueblos de El Repilado y La Corte de Cortegana y forma parte del municipio de Cortegana.\",\"breadcrumb\":{\"@id\":\"https:\/\/fincabravo.com\/es\/donde-esta-finca-bravo#breadcrumb\"},\"inLanguage\":\"es\",\"potentialAction\":[{\"@type\":\"ReadAction\",\"target\":[\"https:\/\/fincabravo.com\/es\/donde-esta-finca-bravo\"]}]},{\"@type\":\"ImageObject\",\"inLanguage\":\"es\",\"@id\":\"https:\/\/fincabravo.com\/es\/donde-esta-finca-bravo#primaryimage\",\"url\":\"https:\/\/fincabravo.com\/wp-content\/uploads\/2020\/04\/carpet-of-yellow-flowers-at-Finca-Bravo.jpg\",\"contentUrl\":\"https:\/\/fincabravo.com\/wp-content\/uploads\/2020\/04\/carpet-of-yellow-flowers-at-Finca-Bravo.jpg\",\"width\":1200,\"height\":800},{\"@type\":\"BreadcrumbList\",\"@id\":\"https:\/\/fincabravo.com\/es\/donde-esta-finca-bravo#breadcrumb\",\"itemListElement\":[{\"@type\":\"ListItem\",\"position\":1,\"name\":\"Home\",\"item\":\"https:\/\/fincabravo.com\/es\"},{\"@type\":\"ListItem\",\"position\":2,\"name\":\"\u00bfD\u00f3nde est\u00e1 Finca Bravo?\"}]},{\"@type\":\"WebSite\",\"@id\":\"https:\/\/fincabravo.com\/es#website\",\"url\":\"https:\/\/fincabravo.com\/es\",\"name\":\"Alojamiento Rural\",\"description\":\"Reconnect with nature\",\"publisher\":{\"@id\":\"https:\/\/fincabravo.com\/es#organization\"},\"potentialAction\":[{\"@type\":\"SearchAction\",\"target\":{\"@type\":\"EntryPoint\",\"urlTemplate\":\"https:\/\/fincabravo.com\/es?s={search_term_string}\"},\"query-input\":{\"@type\":\"PropertyValueSpecification\",\"valueRequired\":true,\"valueName\":\"search_term_string\"}}],\"inLanguage\":\"es\"},{\"@type\":\"Organization\",\"@id\":\"https:\/\/fincabravo.com\/es#organization\",\"name\":\"Alojamiento Rural\",\"url\":\"https:\/\/fincabravo.com\/es\",\"logo\":{\"@type\":\"ImageObject\",\"inLanguage\":\"es\",\"@id\":\"https:\/\/fincabravo.com\/es#\/schema\/logo\/image\/\",\"url\":\"https:\/\/fincabravo.com\/wp-content\/uploads\/2020\/03\/cropped-cropped-DONTDELETE_LOGO_FINCA_BRAVO-circle-logo-100x100px-2.png\",\"contentUrl\":\"https:\/\/fincabravo.com\/wp-content\/uploads\/2020\/03\/cropped-cropped-DONTDELETE_LOGO_FINCA_BRAVO-circle-logo-100x100px-2.png\",\"width\":100,\"height\":100,\"caption\":\"Alojamiento Rural\\r\\n\"},\"image\":{\"@id\":\"https:\/\/fincabravo.com\/es#\/schema\/logo\/image\/\"}}]}<\/script>\n<!-- \/ Yoast SEO plugin. -->","yoast_head_json":{"title":"\u00bfD\u00f3nde est\u00e1 Finca Bravo?","description":"Finca Bravo se encuentra a 1.5h en coche de Sevilla en el Parque de La Sierra de Aracena en Huelva. La Finca est\u00e1 ubicada en la carretera entre los pueblos de El Repilado y La Corte de Cortegana y forma parte del municipio de Cortegana.","robots":{"index":"index","follow":"follow","max-snippet":"max-snippet:-1","max-image-preview":"max-image-preview:large","max-video-preview":"max-video-preview:-1"},"canonical":"https:\/\/fincabravo.com\/es\/donde-esta-finca-bravo","og_locale":"es_ES","og_type":"article","og_title":"\u00bfD\u00f3nde est\u00e1 Finca Bravo?","og_description":"Finca Bravo se encuentra a 1.5h en coche de Sevilla en el Parque de La Sierra de Aracena en Huelva. La Finca est\u00e1 ubicada en la carretera entre los pueblos de El Repilado y La Corte de Cortegana y forma parte del municipio de Cortegana.","og_url":"https:\/\/fincabravo.com\/es\/donde-esta-finca-bravo","og_site_name":"Alojamiento Rural","article_modified_time":"2025-03-10T15:28:56+00:00","og_image":[{"width":1200,"height":800,"url":"https:\/\/fincabravo.com\/wp-content\/uploads\/2020\/04\/carpet-of-yellow-flowers-at-Finca-Bravo.jpg","type":"image\/jpeg"}],"twitter_card":"summary_large_image","twitter_misc":{"Tiempo de lectura":"4 minutos"},"schema":{"@context":"https:\/\/schema.org","@graph":[{"@type":"WebPage","@id":"https:\/\/fincabravo.com\/es\/donde-esta-finca-bravo","url":"https:\/\/fincabravo.com\/es\/donde-esta-finca-bravo","name":"\u00bfD\u00f3nde est\u00e1 Finca Bravo?","isPartOf":{"@id":"https:\/\/fincabravo.com\/es#website"},"primaryImageOfPage":{"@id":"https:\/\/fincabravo.com\/es\/donde-esta-finca-bravo#primaryimage"},"image":{"@id":"https:\/\/fincabravo.com\/es\/donde-esta-finca-bravo#primaryimage"},"thumbnailUrl":"https:\/\/fincabravo.com\/wp-content\/uploads\/2020\/04\/carpet-of-yellow-flowers-at-Finca-Bravo.jpg","datePublished":"2020-08-10T12:59:03+00:00","dateModified":"2025-03-10T15:28:56+00:00","description":"Finca Bravo se encuentra a 1.5h en coche de Sevilla en el Parque de La Sierra de Aracena en Huelva. La Finca est\u00e1 ubicada en la carretera entre los pueblos de El Repilado y La Corte de Cortegana y forma parte del municipio de Cortegana.","breadcrumb":{"@id":"https:\/\/fincabravo.com\/es\/donde-esta-finca-bravo#breadcrumb"},"inLanguage":"es","potentialAction":[{"@type":"ReadAction","target":["https:\/\/fincabravo.com\/es\/donde-esta-finca-bravo"]}]},{"@type":"ImageObject","inLanguage":"es","@id":"https:\/\/fincabravo.com\/es\/donde-esta-finca-bravo#primaryimage","url":"https:\/\/fincabravo.com\/wp-content\/uploads\/2020\/04\/carpet-of-yellow-flowers-at-Finca-Bravo.jpg","contentUrl":"https:\/\/fincabravo.com\/wp-content\/uploads\/2020\/04\/carpet-of-yellow-flowers-at-Finca-Bravo.jpg","width":1200,"height":800},{"@type":"BreadcrumbList","@id":"https:\/\/fincabravo.com\/es\/donde-esta-finca-bravo#breadcrumb","itemListElement":[{"@type":"ListItem","position":1,"name":"Home","item":"https:\/\/fincabravo.com\/es"},{"@type":"ListItem","position":2,"name":"\u00bfD\u00f3nde est\u00e1 Finca Bravo?"}]},{"@type":"WebSite","@id":"https:\/\/fincabravo.com\/es#website","url":"https:\/\/fincabravo.com\/es","name":"Alojamiento Rural","description":"Reconnect with nature","publisher":{"@id":"https:\/\/fincabravo.com\/es#organization"},"potentialAction":[{"@type":"SearchAction","target":{"@type":"EntryPoint","urlTemplate":"https:\/\/fincabravo.com\/es?s={search_term_string}"},"query-input":{"@type":"PropertyValueSpecification","valueRequired":true,"valueName":"search_term_string"}}],"inLanguage":"es"},{"@type":"Organization","@id":"https:\/\/fincabravo.com\/es#organization","name":"Alojamiento Rural","url":"https:\/\/fincabravo.com\/es","logo":{"@type":"ImageObject","inLanguage":"es","@id":"https:\/\/fincabravo.com\/es#\/schema\/logo\/image\/","url":"https:\/\/fincabravo.com\/wp-content\/uploads\/2020\/03\/cropped-cropped-DONTDELETE_LOGO_FINCA_BRAVO-circle-logo-100x100px-2.png","contentUrl":"https:\/\/fincabravo.com\/wp-content\/uploads\/2020\/03\/cropped-cropped-DONTDELETE_LOGO_FINCA_BRAVO-circle-logo-100x100px-2.png","width":100,"height":100,"caption":"Alojamiento Rural\r\n"},"image":{"@id":"https:\/\/fincabravo.com\/es#\/schema\/logo\/image\/"}}]}},"_links":{"self":[{"href":"https:\/\/fincabravo.com\/es\/wp-json\/wp\/v2\/pages\/1908"}],"collection":[{"href":"https:\/\/fincabravo.com\/es\/wp-json\/wp\/v2\/pages"}],"about":[{"href":"https:\/\/fincabravo.com\/es\/wp-json\/wp\/v2\/types\/page"}],"author":[{"embeddable":true,"href":"https:\/\/fincabravo.com\/es\/wp-json\/wp\/v2\/users\/1"}],"replies":[{"embeddable":true,"href":"https:\/\/fincabravo.com\/es\/wp-json\/wp\/v2\/comments?post=1908"}],"version-history":[{"count":4,"href":"https:\/\/fincabravo.com\/es\/wp-json\/wp\/v2\/pages\/1908\/revisions"}],"predecessor-version":[{"id":4025,"href":"https:\/\/fincabravo.com\/es\/wp-json\/wp\/v2\/pages\/1908\/revisions\/4025"}],"wp:featuredmedia":[{"embeddable":true,"href":"https:\/\/fincabravo.com\/es\/wp-json\/wp\/v2\/media\/1831"}],"wp:attachment":[{"href":"https:\/\/fincabravo.com\/es\/wp-json\/wp\/v2\/media?parent=1908"}],"curies":[{"name":"wp","href":"https:\/\/api.w.org\/{rel}","templated":true}]}}