{"id":1895,"date":"2020-08-10T08:28:15","date_gmt":"2020-08-10T08:28:15","guid":{"rendered":"https:\/\/fincabravo.com\/?page_id=1895"},"modified":"2020-08-10T08:29:09","modified_gmt":"2020-08-10T08:29:09","slug":"contactanos","status":"publish","type":"page","link":"https:\/\/fincabravo.com\/es\/bienvenido-a-finca-bravo\/contactanos","title":{"rendered":"Contactanos"},"content":{"rendered":"\n<p><br>\u00bfQuiere saber m\u00e1s? \u00bfEstas pensando en reservar? \u00a1Nos encantar\u00eda saber de ti!<\/p>\n\n\n\n<p>Env\u00edanos un correo electr\u00f3nico a <a href=\"mailto:info@fincabravo.com\">info@fincabravo.com<\/a> o ll\u00e1manos al <a href=\"tel:0034690125590\">+34 690 12 55 90<\/a>.<\/p>\n\n\n\n<p>\u00a1Nos vemos pronto en Finca Bravo!<\/p>\n\n\n\n<div class=\"wp-block-columns is-layout-flex wp-container-core-columns-is-layout-1 wp-block-columns-is-layout-flex\">\n<div class=\"wp-block-column is-layout-flow wp-block-column-is-layout-flow\">\n<h5 style=\"text-align: center\">\n\t<i class=\"fas fa-map-marker-alt\" style=\"font-size: 40pt;\"><\/i>\n<\/h5>\n\n\n\n<h4 class=\"wp-block-heading\">Direcci\u00f3n<\/h4>\n\n\n\n<p><a href=\"https:\/\/goo.gl\/maps\/9fqJv4WUf1HhGwAW7\">Carr. El Repilado-La Corte Km 4.7<br>El Repilado, Huelva, Andalusia<\/a><\/p>\n<\/div>\n\n\n\n<div class=\"wp-block-column is-layout-flow wp-block-column-is-layout-flow\">\n<h5 style=\"text-align: center\">\n\t<i class=\"fas fa-phone\" style=\"font-size: 40pt;\"><\/i>\n<\/h5>\n\n\n\n<h4 class=\"wp-block-heading\">Reservas<\/h4>\n\n\n\n<p><a href=\"tel:0034690125590\">+34 690 12 55 90<\/a><\/p>\n<\/div>\n\n\n\n<div class=\"wp-block-column is-layout-flow wp-block-column-is-layout-flow\">\n<h5 style=\"text-align: center\">\n\t<i class=\"fas fa-envelope\" style=\"font-size: 40pt;\"><\/i>\n<\/h5>\n\n\n\n<h4 class=\"wp-block-heading\">Contacto<\/h4>\n\n\n\n<p><a href=\"mailto:info@fincabravo.com\">info@fincabravo.com<\/a><br><a href=\"mailto:tours@fincabravo.com\">tours@fincabravo.com<\/a><\/p>\n<\/div>\n<\/div>\n","protected":false},"excerpt":{"rendered":"<p>\u00bfQuiere saber m\u00e1s? \u00bfEstas pensando en reservar? \u00a1Nos encantar\u00eda saber de ti! Env\u00edanos un correo electr\u00f3nico a info@fincabravo.com o ll\u00e1manos al +34 690 12 55 90. \u00a1Nos vemos pronto en Finca Bravo! Direcci\u00f3n Carr. El Repilado-La Corte Km 4.7El Repilado, Huelva, Andalusia Reservas +34 690 12 55 90 Contacto info@fincabravo.comtours@fincabravo.com<\/p>\n","protected":false},"author":1,"featured_media":2237,"parent":1880,"menu_order":5,"comment_status":"closed","ping_status":"closed","template":"template-wide-page.php","meta":{"_monsterinsights_skip_tracking":false,"_monsterinsights_sitenote_active":false,"_monsterinsights_sitenote_note":"","_monsterinsights_sitenote_category":0,"footnotes":""},"class_list":["post-1895","page","type-page","status-publish","has-post-thumbnail","hentry"],"yoast_head":"<!-- This site is optimized with the Yoast SEO plugin v23.6 - https:\/\/yoast.com\/wordpress\/plugins\/seo\/ -->\n<title>Contactanos - Alojamiento Rural<\/title>\n<meta name=\"robots\" content=\"index, follow, max-snippet:-1, max-image-preview:large, max-video-preview:-1\" \/>\n<link rel=\"canonical\" href=\"https:\/\/fincabravo.com\/es\/bienvenido-a-finca-bravo\/contactanos\" \/>\n<meta property=\"og:locale\" content=\"es_ES\" \/>\n<meta property=\"og:type\" content=\"article\" \/>\n<meta property=\"og:title\" content=\"Contactanos - Alojamiento Rural\" \/>\n<meta property=\"og:description\" content=\"\u00bfQuiere saber m\u00e1s? \u00bfEstas pensando en reservar? \u00a1Nos encantar\u00eda saber de ti! Env\u00edanos un correo electr\u00f3nico a info@fincabravo.com o ll\u00e1manos al +34 690 12 55 90. \u00a1Nos vemos pronto en Finca Bravo! Direcci\u00f3n Carr. El Repilado-La Corte Km 4.7El Repilado, Huelva, Andalusia Reservas +34 690 12 55 90 Contacto info@fincabravo.comtours@fincabravo.com\" \/>\n<meta property=\"og:url\" content=\"https:\/\/fincabravo.com\/es\/bienvenido-a-finca-bravo\/contactanos\" \/>\n<meta property=\"og:site_name\" content=\"Alojamiento Rural\" \/>\n<meta property=\"article:modified_time\" content=\"2020-08-10T08:29:09+00:00\" \/>\n<meta property=\"og:image\" content=\"https:\/\/fincabravo.com\/wp-content\/uploads\/2021\/01\/pool-view-4-homepage.jpg\" \/>\n\t<meta property=\"og:image:width\" content=\"918\" \/>\n\t<meta property=\"og:image:height\" content=\"612\" \/>\n\t<meta property=\"og:image:type\" content=\"image\/jpeg\" \/>\n<meta name=\"twitter:card\" content=\"summary_large_image\" \/>\n<script type=\"application\/ld+json\" class=\"yoast-schema-graph\">{\"@context\":\"https:\/\/schema.org\",\"@graph\":[{\"@type\":\"WebPage\",\"@id\":\"https:\/\/fincabravo.com\/es\/bienvenido-a-finca-bravo\/contactanos\",\"url\":\"https:\/\/fincabravo.com\/es\/bienvenido-a-finca-bravo\/contactanos\",\"name\":\"Contactanos - Alojamiento Rural\",\"isPartOf\":{\"@id\":\"https:\/\/fincabravo.com\/es#website\"},\"primaryImageOfPage\":{\"@id\":\"https:\/\/fincabravo.com\/es\/bienvenido-a-finca-bravo\/contactanos#primaryimage\"},\"image\":{\"@id\":\"https:\/\/fincabravo.com\/es\/bienvenido-a-finca-bravo\/contactanos#primaryimage\"},\"thumbnailUrl\":\"https:\/\/fincabravo.com\/wp-content\/uploads\/2021\/01\/pool-view-4-homepage.jpg\",\"datePublished\":\"2020-08-10T08:28:15+00:00\",\"dateModified\":\"2020-08-10T08:29:09+00:00\",\"breadcrumb\":{\"@id\":\"https:\/\/fincabravo.com\/es\/bienvenido-a-finca-bravo\/contactanos#breadcrumb\"},\"inLanguage\":\"es\",\"potentialAction\":[{\"@type\":\"ReadAction\",\"target\":[\"https:\/\/fincabravo.com\/es\/bienvenido-a-finca-bravo\/contactanos\"]}]},{\"@type\":\"ImageObject\",\"inLanguage\":\"es\",\"@id\":\"https:\/\/fincabravo.com\/es\/bienvenido-a-finca-bravo\/contactanos#primaryimage\",\"url\":\"https:\/\/fincabravo.com\/wp-content\/uploads\/2021\/01\/pool-view-4-homepage.jpg\",\"contentUrl\":\"https:\/\/fincabravo.com\/wp-content\/uploads\/2021\/01\/pool-view-4-homepage.jpg\",\"width\":918,\"height\":612,\"caption\":\"Natural pool green filter\"},{\"@type\":\"BreadcrumbList\",\"@id\":\"https:\/\/fincabravo.com\/es\/bienvenido-a-finca-bravo\/contactanos#breadcrumb\",\"itemListElement\":[{\"@type\":\"ListItem\",\"position\":1,\"name\":\"Home\",\"item\":\"https:\/\/fincabravo.com\/es\"},{\"@type\":\"ListItem\",\"position\":2,\"name\":\"Bienvenido a Finca Bravo\",\"item\":\"https:\/\/fincabravo.com\/es\"},{\"@type\":\"ListItem\",\"position\":3,\"name\":\"Contactanos\"}]},{\"@type\":\"WebSite\",\"@id\":\"https:\/\/fincabravo.com\/es#website\",\"url\":\"https:\/\/fincabravo.com\/es\",\"name\":\"Alojamiento Rural\",\"description\":\"Reconnect with nature\",\"publisher\":{\"@id\":\"https:\/\/fincabravo.com\/es#organization\"},\"potentialAction\":[{\"@type\":\"SearchAction\",\"target\":{\"@type\":\"EntryPoint\",\"urlTemplate\":\"https:\/\/fincabravo.com\/es?s={search_term_string}\"},\"query-input\":{\"@type\":\"PropertyValueSpecification\",\"valueRequired\":true,\"valueName\":\"search_term_string\"}}],\"inLanguage\":\"es\"},{\"@type\":\"Organization\",\"@id\":\"https:\/\/fincabravo.com\/es#organization\",\"name\":\"Alojamiento Rural\",\"url\":\"https:\/\/fincabravo.com\/es\",\"logo\":{\"@type\":\"ImageObject\",\"inLanguage\":\"es\",\"@id\":\"https:\/\/fincabravo.com\/es#\/schema\/logo\/image\/\",\"url\":\"https:\/\/fincabravo.com\/wp-content\/uploads\/2020\/03\/cropped-cropped-DONTDELETE_LOGO_FINCA_BRAVO-circle-logo-100x100px-2.png\",\"contentUrl\":\"https:\/\/fincabravo.com\/wp-content\/uploads\/2020\/03\/cropped-cropped-DONTDELETE_LOGO_FINCA_BRAVO-circle-logo-100x100px-2.png\",\"width\":100,\"height\":100,\"caption\":\"Alojamiento Rural\\r\\n\"},\"image\":{\"@id\":\"https:\/\/fincabravo.com\/es#\/schema\/logo\/image\/\"}}]}<\/script>\n<!-- \/ Yoast SEO plugin. -->","yoast_head_json":{"title":"Contactanos - Alojamiento Rural","robots":{"index":"index","follow":"follow","max-snippet":"max-snippet:-1","max-image-preview":"max-image-preview:large","max-video-preview":"max-video-preview:-1"},"canonical":"https:\/\/fincabravo.com\/es\/bienvenido-a-finca-bravo\/contactanos","og_locale":"es_ES","og_type":"article","og_title":"Contactanos - Alojamiento Rural","og_description":"\u00bfQuiere saber m\u00e1s? \u00bfEstas pensando en reservar? \u00a1Nos encantar\u00eda saber de ti! Env\u00edanos un correo electr\u00f3nico a info@fincabravo.com o ll\u00e1manos al +34 690 12 55 90. \u00a1Nos vemos pronto en Finca Bravo! Direcci\u00f3n Carr. El Repilado-La Corte Km 4.7El Repilado, Huelva, Andalusia Reservas +34 690 12 55 90 Contacto info@fincabravo.comtours@fincabravo.com","og_url":"https:\/\/fincabravo.com\/es\/bienvenido-a-finca-bravo\/contactanos","og_site_name":"Alojamiento Rural","article_modified_time":"2020-08-10T08:29:09+00:00","og_image":[{"width":918,"height":612,"url":"https:\/\/fincabravo.com\/wp-content\/uploads\/2021\/01\/pool-view-4-homepage.jpg","type":"image\/jpeg"}],"twitter_card":"summary_large_image","schema":{"@context":"https:\/\/schema.org","@graph":[{"@type":"WebPage","@id":"https:\/\/fincabravo.com\/es\/bienvenido-a-finca-bravo\/contactanos","url":"https:\/\/fincabravo.com\/es\/bienvenido-a-finca-bravo\/contactanos","name":"Contactanos - Alojamiento Rural","isPartOf":{"@id":"https:\/\/fincabravo.com\/es#website"},"primaryImageOfPage":{"@id":"https:\/\/fincabravo.com\/es\/bienvenido-a-finca-bravo\/contactanos#primaryimage"},"image":{"@id":"https:\/\/fincabravo.com\/es\/bienvenido-a-finca-bravo\/contactanos#primaryimage"},"thumbnailUrl":"https:\/\/fincabravo.com\/wp-content\/uploads\/2021\/01\/pool-view-4-homepage.jpg","datePublished":"2020-08-10T08:28:15+00:00","dateModified":"2020-08-10T08:29:09+00:00","breadcrumb":{"@id":"https:\/\/fincabravo.com\/es\/bienvenido-a-finca-bravo\/contactanos#breadcrumb"},"inLanguage":"es","potentialAction":[{"@type":"ReadAction","target":["https:\/\/fincabravo.com\/es\/bienvenido-a-finca-bravo\/contactanos"]}]},{"@type":"ImageObject","inLanguage":"es","@id":"https:\/\/fincabravo.com\/es\/bienvenido-a-finca-bravo\/contactanos#primaryimage","url":"https:\/\/fincabravo.com\/wp-content\/uploads\/2021\/01\/pool-view-4-homepage.jpg","contentUrl":"https:\/\/fincabravo.com\/wp-content\/uploads\/2021\/01\/pool-view-4-homepage.jpg","width":918,"height":612,"caption":"Natural pool green filter"},{"@type":"BreadcrumbList","@id":"https:\/\/fincabravo.com\/es\/bienvenido-a-finca-bravo\/contactanos#breadcrumb","itemListElement":[{"@type":"ListItem","position":1,"name":"Home","item":"https:\/\/fincabravo.com\/es"},{"@type":"ListItem","position":2,"name":"Bienvenido a Finca Bravo","item":"https:\/\/fincabravo.com\/es"},{"@type":"ListItem","position":3,"name":"Contactanos"}]},{"@type":"WebSite","@id":"https:\/\/fincabravo.com\/es#website","url":"https:\/\/fincabravo.com\/es","name":"Alojamiento Rural","description":"Reconnect with nature","publisher":{"@id":"https:\/\/fincabravo.com\/es#organization"},"potentialAction":[{"@type":"SearchAction","target":{"@type":"EntryPoint","urlTemplate":"https:\/\/fincabravo.com\/es?s={search_term_string}"},"query-input":{"@type":"PropertyValueSpecification","valueRequired":true,"valueName":"search_term_string"}}],"inLanguage":"es"},{"@type":"Organization","@id":"https:\/\/fincabravo.com\/es#organization","name":"Alojamiento Rural","url":"https:\/\/fincabravo.com\/es","logo":{"@type":"ImageObject","inLanguage":"es","@id":"https:\/\/fincabravo.com\/es#\/schema\/logo\/image\/","url":"https:\/\/fincabravo.com\/wp-content\/uploads\/2020\/03\/cropped-cropped-DONTDELETE_LOGO_FINCA_BRAVO-circle-logo-100x100px-2.png","contentUrl":"https:\/\/fincabravo.com\/wp-content\/uploads\/2020\/03\/cropped-cropped-DONTDELETE_LOGO_FINCA_BRAVO-circle-logo-100x100px-2.png","width":100,"height":100,"caption":"Alojamiento Rural\r\n"},"image":{"@id":"https:\/\/fincabravo.com\/es#\/schema\/logo\/image\/"}}]}},"_links":{"self":[{"href":"https:\/\/fincabravo.com\/es\/wp-json\/wp\/v2\/pages\/1895"}],"collection":[{"href":"https:\/\/fincabravo.com\/es\/wp-json\/wp\/v2\/pages"}],"about":[{"href":"https:\/\/fincabravo.com\/es\/wp-json\/wp\/v2\/types\/page"}],"author":[{"embeddable":true,"href":"https:\/\/fincabravo.com\/es\/wp-json\/wp\/v2\/users\/1"}],"replies":[{"embeddable":true,"href":"https:\/\/fincabravo.com\/es\/wp-json\/wp\/v2\/comments?post=1895"}],"version-history":[{"count":1,"href":"https:\/\/fincabravo.com\/es\/wp-json\/wp\/v2\/pages\/1895\/revisions"}],"predecessor-version":[{"id":1899,"href":"https:\/\/fincabravo.com\/es\/wp-json\/wp\/v2\/pages\/1895\/revisions\/1899"}],"up":[{"embeddable":true,"href":"https:\/\/fincabravo.com\/es\/wp-json\/wp\/v2\/pages\/1880"}],"wp:featuredmedia":[{"embeddable":true,"href":"https:\/\/fincabravo.com\/es\/wp-json\/wp\/v2\/media\/2237"}],"wp:attachment":[{"href":"https:\/\/fincabravo.com\/es\/wp-json\/wp\/v2\/media?parent=1895"}],"curies":[{"name":"wp","href":"https:\/\/api.w.org\/{rel}","templated":true}]}}