{"id":1888,"date":"2020-08-10T08:09:56","date_gmt":"2020-08-10T08:09:56","guid":{"rendered":"https:\/\/fincabravo.com\/?page_id=1888"},"modified":"2020-08-25T13:39:49","modified_gmt":"2020-08-25T13:39:49","slug":"una-joya-escondida","status":"publish","type":"page","link":"https:\/\/fincabravo.com\/es\/bienvenido-a-finca-bravo\/una-joya-escondida","title":{"rendered":"Una joya escondida"},"content":{"rendered":"\n<p>\u25c6 Explora la Sierra de Aracena, donde podras disfrutar de una excelente comida en encantadores pueblos blancos rodeados por un impresionante parque natural. <\/p>\n\n\n\n<p>\u25c6 F\u00e1cil acceso a Sevilla, Portugal y m\u00e1s: estamos a menos de una hora y media en coche de Sevilla, y a 45 km de la frontera portuguesa. <a href=\"https:\/\/fincabravo.com\/es\/donde-esta-finca-bravo\">m\u00e1s informaci\u00f3n<\/a><\/p>\n\n\n\n<p>\u25c6 Belleza natural excepcional: exuberantes colinas verdes, 600 km de senderos, animales que recorren libremente el campo; perfecto para cualquier persona interesada en la observaci\u00f3n de aves, senderismo y mucho m\u00e1s.<\/p>\n","protected":false},"excerpt":{"rendered":"<p>\u25c6 Explora la Sierra de Aracena, donde podras disfrutar de una excelente comida en encantadores pueblos blancos rodeados por un impresionante parque natural. \u25c6 F\u00e1cil acceso a Sevilla, Portugal y m\u00e1s: estamos a menos de una hora y media en coche de Sevilla, y a 45 km de la frontera portuguesa. m\u00e1s informaci\u00f3n \u25c6 Belleza [&hellip;]<\/p>\n","protected":false},"author":1,"featured_media":713,"parent":1880,"menu_order":2,"comment_status":"closed","ping_status":"closed","template":"","meta":{"_monsterinsights_skip_tracking":false,"_monsterinsights_sitenote_active":false,"_monsterinsights_sitenote_note":"","_monsterinsights_sitenote_category":0,"footnotes":""},"class_list":["post-1888","page","type-page","status-publish","has-post-thumbnail","hentry"],"yoast_head":"<!-- This site is optimized with the Yoast SEO plugin v23.6 - https:\/\/yoast.com\/wordpress\/plugins\/seo\/ -->\n<title>Una joya escondida - Alojamiento Rural<\/title>\n<meta name=\"robots\" content=\"index, follow, max-snippet:-1, max-image-preview:large, max-video-preview:-1\" \/>\n<link rel=\"canonical\" href=\"https:\/\/fincabravo.com\/es\/bienvenido-a-finca-bravo\/una-joya-escondida\" \/>\n<meta property=\"og:locale\" content=\"es_ES\" \/>\n<meta property=\"og:type\" content=\"article\" \/>\n<meta property=\"og:title\" content=\"Una joya escondida - Alojamiento Rural\" \/>\n<meta property=\"og:description\" content=\"\u25c6 Explora la Sierra de Aracena, donde podras disfrutar de una excelente comida en encantadores pueblos blancos rodeados por un impresionante parque natural. \u25c6 F\u00e1cil acceso a Sevilla, Portugal y m\u00e1s: estamos a menos de una hora y media en coche de Sevilla, y a 45 km de la frontera portuguesa. m\u00e1s informaci\u00f3n \u25c6 Belleza [&hellip;]\" \/>\n<meta property=\"og:url\" content=\"https:\/\/fincabravo.com\/es\/bienvenido-a-finca-bravo\/una-joya-escondida\" \/>\n<meta property=\"og:site_name\" content=\"Alojamiento Rural\" \/>\n<meta property=\"article:modified_time\" content=\"2020-08-25T13:39:49+00:00\" \/>\n<meta property=\"og:image\" content=\"https:\/\/fincabravo.com\/wp-content\/uploads\/2019\/12\/4_3.jpg\" \/>\n\t<meta property=\"og:image:width\" content=\"1067\" \/>\n\t<meta property=\"og:image:height\" content=\"800\" \/>\n\t<meta property=\"og:image:type\" content=\"image\/jpeg\" \/>\n<meta name=\"twitter:card\" content=\"summary_large_image\" \/>\n<script type=\"application\/ld+json\" class=\"yoast-schema-graph\">{\"@context\":\"https:\/\/schema.org\",\"@graph\":[{\"@type\":\"WebPage\",\"@id\":\"https:\/\/fincabravo.com\/es\/bienvenido-a-finca-bravo\/una-joya-escondida\",\"url\":\"https:\/\/fincabravo.com\/es\/bienvenido-a-finca-bravo\/una-joya-escondida\",\"name\":\"Una joya escondida - Alojamiento Rural\",\"isPartOf\":{\"@id\":\"https:\/\/fincabravo.com\/es#website\"},\"primaryImageOfPage\":{\"@id\":\"https:\/\/fincabravo.com\/es\/bienvenido-a-finca-bravo\/una-joya-escondida#primaryimage\"},\"image\":{\"@id\":\"https:\/\/fincabravo.com\/es\/bienvenido-a-finca-bravo\/una-joya-escondida#primaryimage\"},\"thumbnailUrl\":\"https:\/\/fincabravo.com\/wp-content\/uploads\/2019\/12\/4_3.jpg\",\"datePublished\":\"2020-08-10T08:09:56+00:00\",\"dateModified\":\"2020-08-25T13:39:49+00:00\",\"breadcrumb\":{\"@id\":\"https:\/\/fincabravo.com\/es\/bienvenido-a-finca-bravo\/una-joya-escondida#breadcrumb\"},\"inLanguage\":\"es\",\"potentialAction\":[{\"@type\":\"ReadAction\",\"target\":[\"https:\/\/fincabravo.com\/es\/bienvenido-a-finca-bravo\/una-joya-escondida\"]}]},{\"@type\":\"ImageObject\",\"inLanguage\":\"es\",\"@id\":\"https:\/\/fincabravo.com\/es\/bienvenido-a-finca-bravo\/una-joya-escondida#primaryimage\",\"url\":\"https:\/\/fincabravo.com\/wp-content\/uploads\/2019\/12\/4_3.jpg\",\"contentUrl\":\"https:\/\/fincabravo.com\/wp-content\/uploads\/2019\/12\/4_3.jpg\",\"width\":1067,\"height\":800,\"caption\":\"View from a hike to Almonestar la Real\"},{\"@type\":\"BreadcrumbList\",\"@id\":\"https:\/\/fincabravo.com\/es\/bienvenido-a-finca-bravo\/una-joya-escondida#breadcrumb\",\"itemListElement\":[{\"@type\":\"ListItem\",\"position\":1,\"name\":\"Home\",\"item\":\"https:\/\/fincabravo.com\/es\"},{\"@type\":\"ListItem\",\"position\":2,\"name\":\"Bienvenido a Finca Bravo\",\"item\":\"https:\/\/fincabravo.com\/es\"},{\"@type\":\"ListItem\",\"position\":3,\"name\":\"Una joya escondida\"}]},{\"@type\":\"WebSite\",\"@id\":\"https:\/\/fincabravo.com\/es#website\",\"url\":\"https:\/\/fincabravo.com\/es\",\"name\":\"Alojamiento Rural\",\"description\":\"Reconnect with nature\",\"publisher\":{\"@id\":\"https:\/\/fincabravo.com\/es#organization\"},\"potentialAction\":[{\"@type\":\"SearchAction\",\"target\":{\"@type\":\"EntryPoint\",\"urlTemplate\":\"https:\/\/fincabravo.com\/es?s={search_term_string}\"},\"query-input\":{\"@type\":\"PropertyValueSpecification\",\"valueRequired\":true,\"valueName\":\"search_term_string\"}}],\"inLanguage\":\"es\"},{\"@type\":\"Organization\",\"@id\":\"https:\/\/fincabravo.com\/es#organization\",\"name\":\"Alojamiento Rural\",\"url\":\"https:\/\/fincabravo.com\/es\",\"logo\":{\"@type\":\"ImageObject\",\"inLanguage\":\"es\",\"@id\":\"https:\/\/fincabravo.com\/es#\/schema\/logo\/image\/\",\"url\":\"https:\/\/fincabravo.com\/wp-content\/uploads\/2020\/03\/cropped-cropped-DONTDELETE_LOGO_FINCA_BRAVO-circle-logo-100x100px-2.png\",\"contentUrl\":\"https:\/\/fincabravo.com\/wp-content\/uploads\/2020\/03\/cropped-cropped-DONTDELETE_LOGO_FINCA_BRAVO-circle-logo-100x100px-2.png\",\"width\":100,\"height\":100,\"caption\":\"Alojamiento Rural\\r\\n\"},\"image\":{\"@id\":\"https:\/\/fincabravo.com\/es#\/schema\/logo\/image\/\"}}]}<\/script>\n<!-- \/ Yoast SEO plugin. -->","yoast_head_json":{"title":"Una joya escondida - Alojamiento Rural","robots":{"index":"index","follow":"follow","max-snippet":"max-snippet:-1","max-image-preview":"max-image-preview:large","max-video-preview":"max-video-preview:-1"},"canonical":"https:\/\/fincabravo.com\/es\/bienvenido-a-finca-bravo\/una-joya-escondida","og_locale":"es_ES","og_type":"article","og_title":"Una joya escondida - Alojamiento Rural","og_description":"\u25c6 Explora la Sierra de Aracena, donde podras disfrutar de una excelente comida en encantadores pueblos blancos rodeados por un impresionante parque natural. \u25c6 F\u00e1cil acceso a Sevilla, Portugal y m\u00e1s: estamos a menos de una hora y media en coche de Sevilla, y a 45 km de la frontera portuguesa. m\u00e1s informaci\u00f3n \u25c6 Belleza [&hellip;]","og_url":"https:\/\/fincabravo.com\/es\/bienvenido-a-finca-bravo\/una-joya-escondida","og_site_name":"Alojamiento Rural","article_modified_time":"2020-08-25T13:39:49+00:00","og_image":[{"width":1067,"height":800,"url":"https:\/\/fincabravo.com\/wp-content\/uploads\/2019\/12\/4_3.jpg","type":"image\/jpeg"}],"twitter_card":"summary_large_image","schema":{"@context":"https:\/\/schema.org","@graph":[{"@type":"WebPage","@id":"https:\/\/fincabravo.com\/es\/bienvenido-a-finca-bravo\/una-joya-escondida","url":"https:\/\/fincabravo.com\/es\/bienvenido-a-finca-bravo\/una-joya-escondida","name":"Una joya escondida - Alojamiento Rural","isPartOf":{"@id":"https:\/\/fincabravo.com\/es#website"},"primaryImageOfPage":{"@id":"https:\/\/fincabravo.com\/es\/bienvenido-a-finca-bravo\/una-joya-escondida#primaryimage"},"image":{"@id":"https:\/\/fincabravo.com\/es\/bienvenido-a-finca-bravo\/una-joya-escondida#primaryimage"},"thumbnailUrl":"https:\/\/fincabravo.com\/wp-content\/uploads\/2019\/12\/4_3.jpg","datePublished":"2020-08-10T08:09:56+00:00","dateModified":"2020-08-25T13:39:49+00:00","breadcrumb":{"@id":"https:\/\/fincabravo.com\/es\/bienvenido-a-finca-bravo\/una-joya-escondida#breadcrumb"},"inLanguage":"es","potentialAction":[{"@type":"ReadAction","target":["https:\/\/fincabravo.com\/es\/bienvenido-a-finca-bravo\/una-joya-escondida"]}]},{"@type":"ImageObject","inLanguage":"es","@id":"https:\/\/fincabravo.com\/es\/bienvenido-a-finca-bravo\/una-joya-escondida#primaryimage","url":"https:\/\/fincabravo.com\/wp-content\/uploads\/2019\/12\/4_3.jpg","contentUrl":"https:\/\/fincabravo.com\/wp-content\/uploads\/2019\/12\/4_3.jpg","width":1067,"height":800,"caption":"View from a hike to Almonestar la Real"},{"@type":"BreadcrumbList","@id":"https:\/\/fincabravo.com\/es\/bienvenido-a-finca-bravo\/una-joya-escondida#breadcrumb","itemListElement":[{"@type":"ListItem","position":1,"name":"Home","item":"https:\/\/fincabravo.com\/es"},{"@type":"ListItem","position":2,"name":"Bienvenido a Finca Bravo","item":"https:\/\/fincabravo.com\/es"},{"@type":"ListItem","position":3,"name":"Una joya escondida"}]},{"@type":"WebSite","@id":"https:\/\/fincabravo.com\/es#website","url":"https:\/\/fincabravo.com\/es","name":"Alojamiento Rural","description":"Reconnect with nature","publisher":{"@id":"https:\/\/fincabravo.com\/es#organization"},"potentialAction":[{"@type":"SearchAction","target":{"@type":"EntryPoint","urlTemplate":"https:\/\/fincabravo.com\/es?s={search_term_string}"},"query-input":{"@type":"PropertyValueSpecification","valueRequired":true,"valueName":"search_term_string"}}],"inLanguage":"es"},{"@type":"Organization","@id":"https:\/\/fincabravo.com\/es#organization","name":"Alojamiento Rural","url":"https:\/\/fincabravo.com\/es","logo":{"@type":"ImageObject","inLanguage":"es","@id":"https:\/\/fincabravo.com\/es#\/schema\/logo\/image\/","url":"https:\/\/fincabravo.com\/wp-content\/uploads\/2020\/03\/cropped-cropped-DONTDELETE_LOGO_FINCA_BRAVO-circle-logo-100x100px-2.png","contentUrl":"https:\/\/fincabravo.com\/wp-content\/uploads\/2020\/03\/cropped-cropped-DONTDELETE_LOGO_FINCA_BRAVO-circle-logo-100x100px-2.png","width":100,"height":100,"caption":"Alojamiento Rural\r\n"},"image":{"@id":"https:\/\/fincabravo.com\/es#\/schema\/logo\/image\/"}}]}},"_links":{"self":[{"href":"https:\/\/fincabravo.com\/es\/wp-json\/wp\/v2\/pages\/1888"}],"collection":[{"href":"https:\/\/fincabravo.com\/es\/wp-json\/wp\/v2\/pages"}],"about":[{"href":"https:\/\/fincabravo.com\/es\/wp-json\/wp\/v2\/types\/page"}],"author":[{"embeddable":true,"href":"https:\/\/fincabravo.com\/es\/wp-json\/wp\/v2\/users\/1"}],"replies":[{"embeddable":true,"href":"https:\/\/fincabravo.com\/es\/wp-json\/wp\/v2\/comments?post=1888"}],"version-history":[{"count":2,"href":"https:\/\/fincabravo.com\/es\/wp-json\/wp\/v2\/pages\/1888\/revisions"}],"predecessor-version":[{"id":2000,"href":"https:\/\/fincabravo.com\/es\/wp-json\/wp\/v2\/pages\/1888\/revisions\/2000"}],"up":[{"embeddable":true,"href":"https:\/\/fincabravo.com\/es\/wp-json\/wp\/v2\/pages\/1880"}],"wp:featuredmedia":[{"embeddable":true,"href":"https:\/\/fincabravo.com\/es\/wp-json\/wp\/v2\/media\/713"}],"wp:attachment":[{"href":"https:\/\/fincabravo.com\/es\/wp-json\/wp\/v2\/media?parent=1888"}],"curies":[{"name":"wp","href":"https:\/\/api.w.org\/{rel}","templated":true}]}}