{"id":1886,"date":"2020-08-10T08:07:53","date_gmt":"2020-08-10T08:07:53","guid":{"rendered":"https:\/\/fincabravo.com\/?page_id=1886"},"modified":"2025-10-21T07:28:28","modified_gmt":"2025-10-21T07:28:28","slug":"cada-apartamento-es-un-mundo","status":"publish","type":"page","link":"https:\/\/fincabravo.com\/es\/bienvenido-a-finca-bravo\/cada-apartamento-es-un-mundo","title":{"rendered":"Cada apartamento es un mundo"},"content":{"rendered":"\n<p>Nuestros tres apartamentos son verdaderamente \u00fanicos:<\/p>\n\n\n\n<p><a href=\"https:\/\/fincabravo.com\/es\/accommodation\/casa-andaluza\"><strong>Casa Andaluza<\/strong><\/a> <strong>(1 habitaci\u00f3n, 2 personas)<\/strong> ofrece un interior andaluz moderno con t\u00edpicos acentos azules.<\/p>\n\n\n\n<figure class=\"wp-block-gallery has-nested-images columns-default is-cropped wp-block-gallery-1 is-layout-flex wp-block-gallery-is-layout-flex\">\n<figure class=\"wp-block-image size-full\"><img decoding=\"async\" width=\"500\" height=\"664\" data-id=\"3319\" data-src=\"https:\/\/fincabravo.com\/wp-content\/uploads\/2024\/03\/PXL_20240423_0839480093.jpg\" alt=\"bedroom king sized bed Andaluza\" class=\"wp-image-3319 lazyload\" data-srcset=\"https:\/\/fincabravo.com\/wp-content\/uploads\/2024\/03\/PXL_20240423_0839480093.jpg 500w, https:\/\/fincabravo.com\/wp-content\/uploads\/2024\/03\/PXL_20240423_0839480093-226x300.jpg 226w\" data-sizes=\"(max-width: 500px) 100vw, 500px\" src=\"data:image\/svg+xml;base64,PHN2ZyB3aWR0aD0iMSIgaGVpZ2h0PSIxIiB4bWxucz0iaHR0cDovL3d3dy53My5vcmcvMjAwMC9zdmciPjwvc3ZnPg==\" style=\"--smush-placeholder-width: 500px; --smush-placeholder-aspect-ratio: 500\/664;\" \/><\/figure>\n\n\n\n<figure class=\"wp-block-image size-full\"><img decoding=\"async\" width=\"500\" height=\"664\" data-id=\"3334\" data-src=\"https:\/\/fincabravo.com\/wp-content\/uploads\/2024\/03\/PXL_20240423_0833259373.jpg\" alt=\"detail sink bathroom Andaluza\" class=\"wp-image-3334 lazyload\" data-srcset=\"https:\/\/fincabravo.com\/wp-content\/uploads\/2024\/03\/PXL_20240423_0833259373.jpg 500w, https:\/\/fincabravo.com\/wp-content\/uploads\/2024\/03\/PXL_20240423_0833259373-226x300.jpg 226w\" data-sizes=\"(max-width: 500px) 100vw, 500px\" src=\"data:image\/svg+xml;base64,PHN2ZyB3aWR0aD0iMSIgaGVpZ2h0PSIxIiB4bWxucz0iaHR0cDovL3d3dy53My5vcmcvMjAwMC9zdmciPjwvc3ZnPg==\" style=\"--smush-placeholder-width: 500px; --smush-placeholder-aspect-ratio: 500\/664;\" \/><\/figure>\n\n\n\n<figure class=\"wp-block-image size-full\"><img decoding=\"async\" width=\"500\" height=\"664\" data-id=\"3326\" data-src=\"https:\/\/fincabravo.com\/wp-content\/uploads\/2024\/03\/PXL_20240423_0830006392.jpg\" alt=\"living room overview Andaluza\" class=\"wp-image-3326 lazyload\" data-srcset=\"https:\/\/fincabravo.com\/wp-content\/uploads\/2024\/03\/PXL_20240423_0830006392.jpg 500w, https:\/\/fincabravo.com\/wp-content\/uploads\/2024\/03\/PXL_20240423_0830006392-226x300.jpg 226w\" data-sizes=\"(max-width: 500px) 100vw, 500px\" src=\"data:image\/svg+xml;base64,PHN2ZyB3aWR0aD0iMSIgaGVpZ2h0PSIxIiB4bWxucz0iaHR0cDovL3d3dy53My5vcmcvMjAwMC9zdmciPjwvc3ZnPg==\" style=\"--smush-placeholder-width: 500px; --smush-placeholder-aspect-ratio: 500\/664;\" \/><\/figure>\n<\/figure>\n\n\n\n<hr class=\"wp-block-separator has-alpha-channel-opacity is-style-dots\"\/>\n\n\n\n<p><strong><a href=\"https:\/\/fincabravo.com\/es\/accommodation\/casa-de-campo\">Casa de Campo<\/a> (1 habitaci\u00f3n, 2 personas)<\/strong> es una versi\u00f3n moderna de la casa de campo tradicional espa\u00f1ola;\u00a0<\/p>\n\n\n\n<figure class=\"wp-block-gallery has-nested-images columns-default is-cropped wp-block-gallery-2 is-layout-flex wp-block-gallery-is-layout-flex\">\n<figure class=\"wp-block-image size-full\"><img decoding=\"async\" data-id=\"3284\" data-src=\"https:\/\/fincabravo.com\/wp-content\/uploads\/2024\/10\/PXL_20240905_1358093832-scaled.jpg\" alt=\"\" class=\"wp-image-3284 lazyload\" src=\"data:image\/svg+xml;base64,PHN2ZyB3aWR0aD0iMSIgaGVpZ2h0PSIxIiB4bWxucz0iaHR0cDovL3d3dy53My5vcmcvMjAwMC9zdmciPjwvc3ZnPg==\" style=\"--smush-placeholder-width: 1928px; --smush-placeholder-aspect-ratio: 1928\/2560;\" \/><\/figure>\n\n\n\n<figure class=\"wp-block-image size-full\"><img decoding=\"async\" data-id=\"3293\" data-src=\"https:\/\/fincabravo.com\/wp-content\/uploads\/2024\/10\/hompeage-pool-pic.jpg\" alt=\"infinity pool with dry garden plants\" class=\"wp-image-3293 lazyload\" src=\"data:image\/svg+xml;base64,PHN2ZyB3aWR0aD0iMSIgaGVpZ2h0PSIxIiB4bWxucz0iaHR0cDovL3d3dy53My5vcmcvMjAwMC9zdmciPjwvc3ZnPg==\" style=\"--smush-placeholder-width: 1050px; --smush-placeholder-aspect-ratio: 1050\/1395;\" \/><\/figure>\n\n\n\n<figure class=\"wp-block-image size-full\"><img decoding=\"async\" width=\"500\" height=\"664\" data-id=\"3341\" data-src=\"https:\/\/fincabravo.com\/wp-content\/uploads\/2024\/10\/PXL_20240905_1354499843.jpg\" alt=\"Bedroom view Campo\" class=\"wp-image-3341 lazyload\" data-srcset=\"https:\/\/fincabravo.com\/wp-content\/uploads\/2024\/10\/PXL_20240905_1354499843.jpg 500w, https:\/\/fincabravo.com\/wp-content\/uploads\/2024\/10\/PXL_20240905_1354499843-226x300.jpg 226w\" data-sizes=\"(max-width: 500px) 100vw, 500px\" src=\"data:image\/svg+xml;base64,PHN2ZyB3aWR0aD0iMSIgaGVpZ2h0PSIxIiB4bWxucz0iaHR0cDovL3d3dy53My5vcmcvMjAwMC9zdmciPjwvc3ZnPg==\" style=\"--smush-placeholder-width: 500px; --smush-placeholder-aspect-ratio: 500\/664;\" \/><\/figure>\n<\/figure>\n\n\n\n<hr class=\"wp-block-separator has-alpha-channel-opacity is-style-dots\"\/>\n\n\n\n<p><strong><a href=\"https:\/\/fincabravo.com\/es\/accommodation\/casa-bohemia\">Casa Bohemia<\/a> (2 dormitorios, 4 personas)<\/strong> ofrece un interior m\u00e1s art\u00edstico pero moderno con toques coloridos.<\/p>\n\n\n\n<figure class=\"wp-block-gallery has-nested-images columns-default is-cropped wp-block-gallery-3 is-layout-flex wp-block-gallery-is-layout-flex\">\n<figure class=\"wp-block-image size-full\"><img decoding=\"async\" width=\"500\" height=\"664\" data-id=\"3351\" data-src=\"https:\/\/fincabravo.com\/wp-content\/uploads\/2024\/10\/PXL_20240423_090104838.MP3.jpg\" alt=\"kitchen Bohemia\" class=\"wp-image-3351 lazyload\" data-srcset=\"https:\/\/fincabravo.com\/wp-content\/uploads\/2024\/10\/PXL_20240423_090104838.MP3.jpg 500w, https:\/\/fincabravo.com\/wp-content\/uploads\/2024\/10\/PXL_20240423_090104838.MP3-226x300.jpg 226w\" data-sizes=\"(max-width: 500px) 100vw, 500px\" src=\"data:image\/svg+xml;base64,PHN2ZyB3aWR0aD0iMSIgaGVpZ2h0PSIxIiB4bWxucz0iaHR0cDovL3d3dy53My5vcmcvMjAwMC9zdmciPjwvc3ZnPg==\" style=\"--smush-placeholder-width: 500px; --smush-placeholder-aspect-ratio: 500\/664;\" \/><\/figure>\n\n\n\n<figure class=\"wp-block-image size-full\"><img decoding=\"async\" width=\"500\" height=\"664\" data-id=\"3349\" data-src=\"https:\/\/fincabravo.com\/wp-content\/uploads\/2024\/10\/PXL_20240415_1008572862.jpg\" alt=\"Terrace views Bohemia\" class=\"wp-image-3349 lazyload\" data-srcset=\"https:\/\/fincabravo.com\/wp-content\/uploads\/2024\/10\/PXL_20240415_1008572862.jpg 500w, https:\/\/fincabravo.com\/wp-content\/uploads\/2024\/10\/PXL_20240415_1008572862-226x300.jpg 226w\" data-sizes=\"(max-width: 500px) 100vw, 500px\" src=\"data:image\/svg+xml;base64,PHN2ZyB3aWR0aD0iMSIgaGVpZ2h0PSIxIiB4bWxucz0iaHR0cDovL3d3dy53My5vcmcvMjAwMC9zdmciPjwvc3ZnPg==\" style=\"--smush-placeholder-width: 500px; --smush-placeholder-aspect-ratio: 500\/664;\" \/><\/figure>\n\n\n\n<figure class=\"wp-block-image size-full\"><img decoding=\"async\" width=\"500\" height=\"664\" data-id=\"3353\" data-src=\"https:\/\/fincabravo.com\/wp-content\/uploads\/2024\/10\/PXL_20240423_090327203.MP6_.jpg\" alt=\"bohemia living room\" class=\"wp-image-3353 lazyload\" data-srcset=\"https:\/\/fincabravo.com\/wp-content\/uploads\/2024\/10\/PXL_20240423_090327203.MP6_.jpg 500w, https:\/\/fincabravo.com\/wp-content\/uploads\/2024\/10\/PXL_20240423_090327203.MP6_-226x300.jpg 226w\" data-sizes=\"(max-width: 500px) 100vw, 500px\" src=\"data:image\/svg+xml;base64,PHN2ZyB3aWR0aD0iMSIgaGVpZ2h0PSIxIiB4bWxucz0iaHR0cDovL3d3dy53My5vcmcvMjAwMC9zdmciPjwvc3ZnPg==\" style=\"--smush-placeholder-width: 500px; --smush-placeholder-aspect-ratio: 500\/664;\" \/><\/figure>\n<\/figure>\n\n\n\n<hr class=\"wp-block-separator has-alpha-channel-opacity is-style-dots\"\/>\n","protected":false},"excerpt":{"rendered":"<p>Nuestros tres apartamentos son verdaderamente \u00fanicos: Casa Andaluza (1 habitaci\u00f3n, 2 personas) ofrece un interior andaluz moderno con t\u00edpicos acentos azules. Casa de Campo (1 habitaci\u00f3n, 2 personas) es una versi\u00f3n moderna de la casa de campo tradicional espa\u00f1ola;\u00a0 Casa Bohemia (2 dormitorios, 4 personas) ofrece un interior m\u00e1s art\u00edstico pero moderno con toques coloridos.<\/p>\n","protected":false},"author":1,"featured_media":3604,"parent":1880,"menu_order":1,"comment_status":"closed","ping_status":"closed","template":"template-wide-page.php","meta":{"_monsterinsights_skip_tracking":false,"_monsterinsights_sitenote_active":false,"_monsterinsights_sitenote_note":"","_monsterinsights_sitenote_category":0,"footnotes":""},"class_list":["post-1886","page","type-page","status-publish","has-post-thumbnail","hentry"],"yoast_head":"<!-- This site is optimized with the Yoast SEO plugin v23.6 - https:\/\/yoast.com\/wordpress\/plugins\/seo\/ -->\n<title>Cada apartamento es un mundo - Alojamiento Rural<\/title>\n<meta name=\"robots\" content=\"index, follow, max-snippet:-1, max-image-preview:large, max-video-preview:-1\" \/>\n<link rel=\"canonical\" href=\"https:\/\/fincabravo.com\/es\/bienvenido-a-finca-bravo\/cada-apartamento-es-un-mundo\" \/>\n<meta property=\"og:locale\" content=\"es_ES\" \/>\n<meta property=\"og:type\" content=\"article\" \/>\n<meta property=\"og:title\" content=\"Cada apartamento es un mundo - Alojamiento Rural\" \/>\n<meta property=\"og:description\" content=\"Nuestros tres apartamentos son verdaderamente \u00fanicos: Casa Andaluza (1 habitaci\u00f3n, 2 personas) ofrece un interior andaluz moderno con t\u00edpicos acentos azules. Casa de Campo (1 habitaci\u00f3n, 2 personas) es una versi\u00f3n moderna de la casa de campo tradicional espa\u00f1ola;\u00a0 Casa Bohemia (2 dormitorios, 4 personas) ofrece un interior m\u00e1s art\u00edstico pero moderno con toques coloridos.\" \/>\n<meta property=\"og:url\" content=\"https:\/\/fincabravo.com\/es\/bienvenido-a-finca-bravo\/cada-apartamento-es-un-mundo\" \/>\n<meta property=\"og:site_name\" content=\"Alojamiento Rural\" \/>\n<meta property=\"article:modified_time\" content=\"2025-10-21T07:28:28+00:00\" \/>\n<meta property=\"og:image\" content=\"https:\/\/fincabravo.com\/wp-content\/uploads\/2024\/10\/casa-campo-overview-large.jpg\" \/>\n\t<meta property=\"og:image:width\" content=\"800\" \/>\n\t<meta property=\"og:image:height\" content=\"1063\" \/>\n\t<meta property=\"og:image:type\" content=\"image\/jpeg\" \/>\n<meta name=\"twitter:card\" content=\"summary_large_image\" \/>\n<meta name=\"twitter:label1\" content=\"Tiempo de lectura\" \/>\n\t<meta name=\"twitter:data1\" content=\"3 minutos\" \/>\n<script type=\"application\/ld+json\" class=\"yoast-schema-graph\">{\"@context\":\"https:\/\/schema.org\",\"@graph\":[{\"@type\":\"WebPage\",\"@id\":\"https:\/\/fincabravo.com\/es\/bienvenido-a-finca-bravo\/cada-apartamento-es-un-mundo\",\"url\":\"https:\/\/fincabravo.com\/es\/bienvenido-a-finca-bravo\/cada-apartamento-es-un-mundo\",\"name\":\"Cada apartamento es un mundo - Alojamiento Rural\",\"isPartOf\":{\"@id\":\"https:\/\/fincabravo.com\/es#website\"},\"primaryImageOfPage\":{\"@id\":\"https:\/\/fincabravo.com\/es\/bienvenido-a-finca-bravo\/cada-apartamento-es-un-mundo#primaryimage\"},\"image\":{\"@id\":\"https:\/\/fincabravo.com\/es\/bienvenido-a-finca-bravo\/cada-apartamento-es-un-mundo#primaryimage\"},\"thumbnailUrl\":\"https:\/\/fincabravo.com\/wp-content\/uploads\/2024\/10\/casa-campo-overview-large.jpg\",\"datePublished\":\"2020-08-10T08:07:53+00:00\",\"dateModified\":\"2025-10-21T07:28:28+00:00\",\"breadcrumb\":{\"@id\":\"https:\/\/fincabravo.com\/es\/bienvenido-a-finca-bravo\/cada-apartamento-es-un-mundo#breadcrumb\"},\"inLanguage\":\"es\",\"potentialAction\":[{\"@type\":\"ReadAction\",\"target\":[\"https:\/\/fincabravo.com\/es\/bienvenido-a-finca-bravo\/cada-apartamento-es-un-mundo\"]}]},{\"@type\":\"ImageObject\",\"inLanguage\":\"es\",\"@id\":\"https:\/\/fincabravo.com\/es\/bienvenido-a-finca-bravo\/cada-apartamento-es-un-mundo#primaryimage\",\"url\":\"https:\/\/fincabravo.com\/wp-content\/uploads\/2024\/10\/casa-campo-overview-large.jpg\",\"contentUrl\":\"https:\/\/fincabravo.com\/wp-content\/uploads\/2024\/10\/casa-campo-overview-large.jpg\",\"width\":800,\"height\":1063},{\"@type\":\"BreadcrumbList\",\"@id\":\"https:\/\/fincabravo.com\/es\/bienvenido-a-finca-bravo\/cada-apartamento-es-un-mundo#breadcrumb\",\"itemListElement\":[{\"@type\":\"ListItem\",\"position\":1,\"name\":\"Home\",\"item\":\"https:\/\/fincabravo.com\/es\"},{\"@type\":\"ListItem\",\"position\":2,\"name\":\"Bienvenido a Finca Bravo\",\"item\":\"https:\/\/fincabravo.com\/es\"},{\"@type\":\"ListItem\",\"position\":3,\"name\":\"Cada apartamento es un mundo\"}]},{\"@type\":\"WebSite\",\"@id\":\"https:\/\/fincabravo.com\/es#website\",\"url\":\"https:\/\/fincabravo.com\/es\",\"name\":\"Alojamiento Rural\",\"description\":\"Reconnect with nature\",\"publisher\":{\"@id\":\"https:\/\/fincabravo.com\/es#organization\"},\"potentialAction\":[{\"@type\":\"SearchAction\",\"target\":{\"@type\":\"EntryPoint\",\"urlTemplate\":\"https:\/\/fincabravo.com\/es?s={search_term_string}\"},\"query-input\":{\"@type\":\"PropertyValueSpecification\",\"valueRequired\":true,\"valueName\":\"search_term_string\"}}],\"inLanguage\":\"es\"},{\"@type\":\"Organization\",\"@id\":\"https:\/\/fincabravo.com\/es#organization\",\"name\":\"Alojamiento Rural\",\"url\":\"https:\/\/fincabravo.com\/es\",\"logo\":{\"@type\":\"ImageObject\",\"inLanguage\":\"es\",\"@id\":\"https:\/\/fincabravo.com\/es#\/schema\/logo\/image\/\",\"url\":\"https:\/\/fincabravo.com\/wp-content\/uploads\/2020\/03\/cropped-cropped-DONTDELETE_LOGO_FINCA_BRAVO-circle-logo-100x100px-2.png\",\"contentUrl\":\"https:\/\/fincabravo.com\/wp-content\/uploads\/2020\/03\/cropped-cropped-DONTDELETE_LOGO_FINCA_BRAVO-circle-logo-100x100px-2.png\",\"width\":100,\"height\":100,\"caption\":\"Alojamiento Rural\\r\\n\"},\"image\":{\"@id\":\"https:\/\/fincabravo.com\/es#\/schema\/logo\/image\/\"}}]}<\/script>\n<!-- \/ Yoast SEO plugin. -->","yoast_head_json":{"title":"Cada apartamento es un mundo - Alojamiento Rural","robots":{"index":"index","follow":"follow","max-snippet":"max-snippet:-1","max-image-preview":"max-image-preview:large","max-video-preview":"max-video-preview:-1"},"canonical":"https:\/\/fincabravo.com\/es\/bienvenido-a-finca-bravo\/cada-apartamento-es-un-mundo","og_locale":"es_ES","og_type":"article","og_title":"Cada apartamento es un mundo - Alojamiento Rural","og_description":"Nuestros tres apartamentos son verdaderamente \u00fanicos: Casa Andaluza (1 habitaci\u00f3n, 2 personas) ofrece un interior andaluz moderno con t\u00edpicos acentos azules. Casa de Campo (1 habitaci\u00f3n, 2 personas) es una versi\u00f3n moderna de la casa de campo tradicional espa\u00f1ola;\u00a0 Casa Bohemia (2 dormitorios, 4 personas) ofrece un interior m\u00e1s art\u00edstico pero moderno con toques coloridos.","og_url":"https:\/\/fincabravo.com\/es\/bienvenido-a-finca-bravo\/cada-apartamento-es-un-mundo","og_site_name":"Alojamiento Rural","article_modified_time":"2025-10-21T07:28:28+00:00","og_image":[{"width":800,"height":1063,"url":"https:\/\/fincabravo.com\/wp-content\/uploads\/2024\/10\/casa-campo-overview-large.jpg","type":"image\/jpeg"}],"twitter_card":"summary_large_image","twitter_misc":{"Tiempo de lectura":"3 minutos"},"schema":{"@context":"https:\/\/schema.org","@graph":[{"@type":"WebPage","@id":"https:\/\/fincabravo.com\/es\/bienvenido-a-finca-bravo\/cada-apartamento-es-un-mundo","url":"https:\/\/fincabravo.com\/es\/bienvenido-a-finca-bravo\/cada-apartamento-es-un-mundo","name":"Cada apartamento es un mundo - Alojamiento Rural","isPartOf":{"@id":"https:\/\/fincabravo.com\/es#website"},"primaryImageOfPage":{"@id":"https:\/\/fincabravo.com\/es\/bienvenido-a-finca-bravo\/cada-apartamento-es-un-mundo#primaryimage"},"image":{"@id":"https:\/\/fincabravo.com\/es\/bienvenido-a-finca-bravo\/cada-apartamento-es-un-mundo#primaryimage"},"thumbnailUrl":"https:\/\/fincabravo.com\/wp-content\/uploads\/2024\/10\/casa-campo-overview-large.jpg","datePublished":"2020-08-10T08:07:53+00:00","dateModified":"2025-10-21T07:28:28+00:00","breadcrumb":{"@id":"https:\/\/fincabravo.com\/es\/bienvenido-a-finca-bravo\/cada-apartamento-es-un-mundo#breadcrumb"},"inLanguage":"es","potentialAction":[{"@type":"ReadAction","target":["https:\/\/fincabravo.com\/es\/bienvenido-a-finca-bravo\/cada-apartamento-es-un-mundo"]}]},{"@type":"ImageObject","inLanguage":"es","@id":"https:\/\/fincabravo.com\/es\/bienvenido-a-finca-bravo\/cada-apartamento-es-un-mundo#primaryimage","url":"https:\/\/fincabravo.com\/wp-content\/uploads\/2024\/10\/casa-campo-overview-large.jpg","contentUrl":"https:\/\/fincabravo.com\/wp-content\/uploads\/2024\/10\/casa-campo-overview-large.jpg","width":800,"height":1063},{"@type":"BreadcrumbList","@id":"https:\/\/fincabravo.com\/es\/bienvenido-a-finca-bravo\/cada-apartamento-es-un-mundo#breadcrumb","itemListElement":[{"@type":"ListItem","position":1,"name":"Home","item":"https:\/\/fincabravo.com\/es"},{"@type":"ListItem","position":2,"name":"Bienvenido a Finca Bravo","item":"https:\/\/fincabravo.com\/es"},{"@type":"ListItem","position":3,"name":"Cada apartamento es un mundo"}]},{"@type":"WebSite","@id":"https:\/\/fincabravo.com\/es#website","url":"https:\/\/fincabravo.com\/es","name":"Alojamiento Rural","description":"Reconnect with nature","publisher":{"@id":"https:\/\/fincabravo.com\/es#organization"},"potentialAction":[{"@type":"SearchAction","target":{"@type":"EntryPoint","urlTemplate":"https:\/\/fincabravo.com\/es?s={search_term_string}"},"query-input":{"@type":"PropertyValueSpecification","valueRequired":true,"valueName":"search_term_string"}}],"inLanguage":"es"},{"@type":"Organization","@id":"https:\/\/fincabravo.com\/es#organization","name":"Alojamiento Rural","url":"https:\/\/fincabravo.com\/es","logo":{"@type":"ImageObject","inLanguage":"es","@id":"https:\/\/fincabravo.com\/es#\/schema\/logo\/image\/","url":"https:\/\/fincabravo.com\/wp-content\/uploads\/2020\/03\/cropped-cropped-DONTDELETE_LOGO_FINCA_BRAVO-circle-logo-100x100px-2.png","contentUrl":"https:\/\/fincabravo.com\/wp-content\/uploads\/2020\/03\/cropped-cropped-DONTDELETE_LOGO_FINCA_BRAVO-circle-logo-100x100px-2.png","width":100,"height":100,"caption":"Alojamiento Rural\r\n"},"image":{"@id":"https:\/\/fincabravo.com\/es#\/schema\/logo\/image\/"}}]}},"_links":{"self":[{"href":"https:\/\/fincabravo.com\/es\/wp-json\/wp\/v2\/pages\/1886"}],"collection":[{"href":"https:\/\/fincabravo.com\/es\/wp-json\/wp\/v2\/pages"}],"about":[{"href":"https:\/\/fincabravo.com\/es\/wp-json\/wp\/v2\/types\/page"}],"author":[{"embeddable":true,"href":"https:\/\/fincabravo.com\/es\/wp-json\/wp\/v2\/users\/1"}],"replies":[{"embeddable":true,"href":"https:\/\/fincabravo.com\/es\/wp-json\/wp\/v2\/comments?post=1886"}],"version-history":[{"count":14,"href":"https:\/\/fincabravo.com\/es\/wp-json\/wp\/v2\/pages\/1886\/revisions"}],"predecessor-version":[{"id":4303,"href":"https:\/\/fincabravo.com\/es\/wp-json\/wp\/v2\/pages\/1886\/revisions\/4303"}],"up":[{"embeddable":true,"href":"https:\/\/fincabravo.com\/es\/wp-json\/wp\/v2\/pages\/1880"}],"wp:featuredmedia":[{"embeddable":true,"href":"https:\/\/fincabravo.com\/es\/wp-json\/wp\/v2\/media\/3604"}],"wp:attachment":[{"href":"https:\/\/fincabravo.com\/es\/wp-json\/wp\/v2\/media?parent=1886"}],"curies":[{"name":"wp","href":"https:\/\/api.w.org\/{rel}","templated":true}]}}