{"id":1880,"date":"2020-08-10T07:55:12","date_gmt":"2020-08-10T07:55:12","guid":{"rendered":"https:\/\/fincabravo.com\/?page_id=1880"},"modified":"2025-03-10T09:03:42","modified_gmt":"2025-03-10T09:03:42","slug":"bienvenido-a-finca-bravo","status":"publish","type":"page","link":"https:\/\/fincabravo.com\/es","title":{"rendered":"Bienvenido a Finca Bravo"},"content":{"rendered":"\n<p><\/p>\n\n\n\n<h2 class=\"wp-block-heading has-28-px-font-size\">Nuestros hu\u00e9spedes est\u00e1n encantados y esperamos que vosotros tambi\u00e9n!<\/h2>\n\n\n\n<div class=\"wp-block-group is-nowrap is-layout-flex wp-container-core-group-is-layout-1 wp-block-group-is-layout-flex\">\n<figure class=\"wp-block-image size-full is-resized\"><img decoding=\"async\" width=\"684\" height=\"250\" data-src=\"https:\/\/fincabravo.com\/wp-content\/uploads\/2025\/01\/Airbnb-reviews-final-Spanish.png\" alt=\"\" class=\"wp-image-3717 lazyload\" style=\"--smush-placeholder-width: 684px; --smush-placeholder-aspect-ratio: 684\/250;width:546px;height:auto\" data-srcset=\"https:\/\/fincabravo.com\/wp-content\/uploads\/2025\/01\/Airbnb-reviews-final-Spanish.png 684w, https:\/\/fincabravo.com\/wp-content\/uploads\/2025\/01\/Airbnb-reviews-final-Spanish-300x110.png 300w\" data-sizes=\"(max-width: 684px) 100vw, 684px\" src=\"data:image\/svg+xml;base64,PHN2ZyB3aWR0aD0iMSIgaGVpZ2h0PSIxIiB4bWxucz0iaHR0cDovL3d3dy53My5vcmcvMjAwMC9zdmciPjwvc3ZnPg==\" \/><\/figure>\n\n\n\n<hr class=\"wp-block-separator has-text-color has-black-color has-alpha-channel-opacity has-black-background-color has-background is-style-wide\"\/>\n\n\n\n<figure class=\"wp-block-image size-large is-resized\"><img decoding=\"async\" width=\"1024\" height=\"891\" data-src=\"https:\/\/fincabravo.com\/wp-content\/uploads\/2025\/03\/booking-award-final-2025-1024x891.png\" alt=\"\" class=\"wp-image-3853 lazyload\" style=\"--smush-placeholder-width: 1024px; --smush-placeholder-aspect-ratio: 1024\/891;width:275px;height:auto\" data-srcset=\"https:\/\/fincabravo.com\/wp-content\/uploads\/2025\/03\/booking-award-final-2025-1024x891.png 1024w, https:\/\/fincabravo.com\/wp-content\/uploads\/2025\/03\/booking-award-final-2025-300x261.png 300w, https:\/\/fincabravo.com\/wp-content\/uploads\/2025\/03\/booking-award-final-2025-768x668.png 768w, https:\/\/fincabravo.com\/wp-content\/uploads\/2025\/03\/booking-award-final-2025-892x776.png 892w, https:\/\/fincabravo.com\/wp-content\/uploads\/2025\/03\/booking-award-final-2025.png 1080w\" data-sizes=\"(max-width: 1024px) 100vw, 1024px\" src=\"data:image\/svg+xml;base64,PHN2ZyB3aWR0aD0iMSIgaGVpZ2h0PSIxIiB4bWxucz0iaHR0cDovL3d3dy53My5vcmcvMjAwMC9zdmciPjwvc3ZnPg==\" \/><\/figure>\n<\/div>\n\n\n\n<div class=\"wp-block-getwid-images-slider has-arrows-outside has-dots-inside has-images-center\"><div class=\"wp-block-getwid-images-slider__wrapper\" data-effect=\"slide\" data-slides-show=\"1\" data-slides-show-laptop=\"1\" data-slides-show-tablet=\"1\" data-slides-show-mobile=\"1\" data-slides-scroll=\"1\" data-autoplay=\"false\" data-autoplay-speed=\"6000\" data-infinite=\"true\" data-animation-speed=\"800\" data-center-mode=\"false\" data-variable-width=\"false\" data-arrows=\"outside\" data-dots=\"inside\" data-spacing=\"none\"><div class=\"wp-block-getwid-images-slider__item\"><img decoding=\"async\" width=\"1726\" height=\"390\" data-src=\"https:\/\/fincabravo.com\/wp-content\/uploads\/2025\/01\/Screenshot-2025-01-27-at-10.57.17-2.png\" alt=\"\" data-id=\"3751\" data-link=\"https:\/\/fincabravo.com\/bienvenido-a-finca-bravo\/screenshot-2025-01-27-at-10-57-17-3\" data-original-link=\"https:\/\/fincabravo.com\/wp-content\/uploads\/2025\/01\/Screenshot-2025-01-27-at-10.57.17-2.png\" class=\"wp-block-getwid-images-slider__image wp-image-3751 lazyload\" data-srcset=\"https:\/\/fincabravo.com\/wp-content\/uploads\/2025\/01\/Screenshot-2025-01-27-at-10.57.17-2.png 1726w, https:\/\/fincabravo.com\/wp-content\/uploads\/2025\/01\/Screenshot-2025-01-27-at-10.57.17-2-300x68.png 300w, https:\/\/fincabravo.com\/wp-content\/uploads\/2025\/01\/Screenshot-2025-01-27-at-10.57.17-2-1024x231.png 1024w, https:\/\/fincabravo.com\/wp-content\/uploads\/2025\/01\/Screenshot-2025-01-27-at-10.57.17-2-768x174.png 768w, https:\/\/fincabravo.com\/wp-content\/uploads\/2025\/01\/Screenshot-2025-01-27-at-10.57.17-2-1536x347.png 1536w, https:\/\/fincabravo.com\/wp-content\/uploads\/2025\/01\/Screenshot-2025-01-27-at-10.57.17-2-892x202.png 892w\" data-sizes=\"(max-width: 1726px) 100vw, 1726px\" src=\"data:image\/svg+xml;base64,PHN2ZyB3aWR0aD0iMSIgaGVpZ2h0PSIxIiB4bWxucz0iaHR0cDovL3d3dy53My5vcmcvMjAwMC9zdmciPjwvc3ZnPg==\" style=\"--smush-placeholder-width: 1726px; --smush-placeholder-aspect-ratio: 1726\/390;\" \/><\/div><div class=\"wp-block-getwid-images-slider__item\"><img decoding=\"async\" width=\"1748\" height=\"404\" data-src=\"https:\/\/fincabravo.com\/wp-content\/uploads\/2025\/01\/Screenshot-2025-01-27-at-10.58.24-2.png\" alt=\"\" data-id=\"3749\" data-link=\"https:\/\/fincabravo.com\/bienvenido-a-finca-bravo\/screenshot-2025-01-27-at-10-58-24-3\" data-original-link=\"https:\/\/fincabravo.com\/wp-content\/uploads\/2025\/01\/Screenshot-2025-01-27-at-10.58.24-2.png\" class=\"wp-block-getwid-images-slider__image wp-image-3749 lazyload\" data-srcset=\"https:\/\/fincabravo.com\/wp-content\/uploads\/2025\/01\/Screenshot-2025-01-27-at-10.58.24-2.png 1748w, https:\/\/fincabravo.com\/wp-content\/uploads\/2025\/01\/Screenshot-2025-01-27-at-10.58.24-2-300x69.png 300w, https:\/\/fincabravo.com\/wp-content\/uploads\/2025\/01\/Screenshot-2025-01-27-at-10.58.24-2-1024x237.png 1024w, https:\/\/fincabravo.com\/wp-content\/uploads\/2025\/01\/Screenshot-2025-01-27-at-10.58.24-2-768x178.png 768w, https:\/\/fincabravo.com\/wp-content\/uploads\/2025\/01\/Screenshot-2025-01-27-at-10.58.24-2-1536x355.png 1536w, https:\/\/fincabravo.com\/wp-content\/uploads\/2025\/01\/Screenshot-2025-01-27-at-10.58.24-2-892x206.png 892w\" data-sizes=\"(max-width: 1748px) 100vw, 1748px\" src=\"data:image\/svg+xml;base64,PHN2ZyB3aWR0aD0iMSIgaGVpZ2h0PSIxIiB4bWxucz0iaHR0cDovL3d3dy53My5vcmcvMjAwMC9zdmciPjwvc3ZnPg==\" style=\"--smush-placeholder-width: 1748px; --smush-placeholder-aspect-ratio: 1748\/404;\" \/><\/div><div class=\"wp-block-getwid-images-slider__item\"><img decoding=\"async\" width=\"1100\" height=\"296\" data-src=\"https:\/\/fincabravo.com\/wp-content\/uploads\/2025\/01\/Screenshot-2025-01-27-at-10.54.42-2.png\" alt=\"\" data-id=\"3753\" data-link=\"https:\/\/fincabravo.com\/bienvenido-a-finca-bravo\/screenshot-2025-01-27-at-10-54-42-3\" data-original-link=\"https:\/\/fincabravo.com\/wp-content\/uploads\/2025\/01\/Screenshot-2025-01-27-at-10.54.42-2.png\" class=\"wp-block-getwid-images-slider__image wp-image-3753 lazyload\" data-srcset=\"https:\/\/fincabravo.com\/wp-content\/uploads\/2025\/01\/Screenshot-2025-01-27-at-10.54.42-2.png 1100w, https:\/\/fincabravo.com\/wp-content\/uploads\/2025\/01\/Screenshot-2025-01-27-at-10.54.42-2-300x81.png 300w, https:\/\/fincabravo.com\/wp-content\/uploads\/2025\/01\/Screenshot-2025-01-27-at-10.54.42-2-1024x276.png 1024w, https:\/\/fincabravo.com\/wp-content\/uploads\/2025\/01\/Screenshot-2025-01-27-at-10.54.42-2-768x207.png 768w, https:\/\/fincabravo.com\/wp-content\/uploads\/2025\/01\/Screenshot-2025-01-27-at-10.54.42-2-892x240.png 892w\" data-sizes=\"(max-width: 1100px) 100vw, 1100px\" src=\"data:image\/svg+xml;base64,PHN2ZyB3aWR0aD0iMSIgaGVpZ2h0PSIxIiB4bWxucz0iaHR0cDovL3d3dy53My5vcmcvMjAwMC9zdmciPjwvc3ZnPg==\" style=\"--smush-placeholder-width: 1100px; --smush-placeholder-aspect-ratio: 1100\/296;\" \/><\/div><div class=\"wp-block-getwid-images-slider__item\"><img decoding=\"async\" width=\"1052\" height=\"310\" data-src=\"https:\/\/fincabravo.com\/wp-content\/uploads\/2025\/01\/Screenshot-2025-01-27-at-10.54.15-2.png\" alt=\"\" data-id=\"3755\" data-link=\"https:\/\/fincabravo.com\/bienvenido-a-finca-bravo\/screenshot-2025-01-27-at-10-54-15-3\" data-original-link=\"https:\/\/fincabravo.com\/wp-content\/uploads\/2025\/01\/Screenshot-2025-01-27-at-10.54.15-2.png\" class=\"wp-block-getwid-images-slider__image wp-image-3755 lazyload\" data-srcset=\"https:\/\/fincabravo.com\/wp-content\/uploads\/2025\/01\/Screenshot-2025-01-27-at-10.54.15-2.png 1052w, https:\/\/fincabravo.com\/wp-content\/uploads\/2025\/01\/Screenshot-2025-01-27-at-10.54.15-2-300x88.png 300w, https:\/\/fincabravo.com\/wp-content\/uploads\/2025\/01\/Screenshot-2025-01-27-at-10.54.15-2-1024x302.png 1024w, https:\/\/fincabravo.com\/wp-content\/uploads\/2025\/01\/Screenshot-2025-01-27-at-10.54.15-2-768x226.png 768w, https:\/\/fincabravo.com\/wp-content\/uploads\/2025\/01\/Screenshot-2025-01-27-at-10.54.15-2-892x263.png 892w\" data-sizes=\"(max-width: 1052px) 100vw, 1052px\" src=\"data:image\/svg+xml;base64,PHN2ZyB3aWR0aD0iMSIgaGVpZ2h0PSIxIiB4bWxucz0iaHR0cDovL3d3dy53My5vcmcvMjAwMC9zdmciPjwvc3ZnPg==\" style=\"--smush-placeholder-width: 1052px; --smush-placeholder-aspect-ratio: 1052\/310;\" \/><\/div><\/div><\/div>\n\n\n\n<h2 class=\"wp-block-heading\">En Finca Bravo obtendr\u00e1s<\/h2>\n\n\n\n<h4 class=\"wp-block-heading has-text-align-center\"><strong>Una escapada muy rom\u00e1ntica<\/strong><\/h4>\n\n\n\n<div class=\"wp-block-getwid-icon-box has-icon-left has-text-center\"><div class=\"wp-block-getwid-icon-box__icon-container is-position-middle\"><div class=\"wp-block-getwid-icon-box__icon-wrapper\"><i class=\"fas fa-home\"><\/i><\/div><\/div><div class=\"wp-block-getwid-icon-box__content\">\n<p>Disfruten la mutua compa\u00f1\u00eda en su propio y elegante apartamento con una c\u00f3moda cama tama\u00f1o super king (180 x 200 cm), una amplia ducha a ras del suelo, una terraza privada y una cocina totalmente equipada. <a href=\"https:\/\/fincabravo.com\/es\/bienvenido-a-finca-bravo\/cada-apartamento-es-un-mundo\">m\u00e1s informaci\u00f3n<\/a><\/p>\n<\/div><\/div>\n\n\n\n<div class=\"wp-block-getwid-icon-box has-icon-left has-text-center\"><div class=\"wp-block-getwid-icon-box__icon-container is-position-middle\"><div class=\"wp-block-getwid-icon-box__icon-wrapper\"><i class=\"fas fa-binoculars\"><\/i><\/div><\/div><div class=\"wp-block-getwid-icon-box__content\">\n<h4 class=\"wp-block-heading\"><strong>Vistas impresionantes de los alrededores.<\/strong><\/h4>\n\n\n\n<p>Contemple la atardecer desde su terraza privada con vistas de 360\u00b0 sobre la dehesa de encinas y alcornoques que albergan una gran cantidad de vida silvestre. Nuestra finca de 6 hect\u00e1reas se encuentra en la Sierra de Aracena, un parque natural protegido a una hora y media de Sevilla. <a href=\"https:\/\/fincabravo.com\/es\/sobre-la-finca\">m\u00e1s informaci\u00f3n<\/a><\/p>\n<\/div><\/div>\n\n\n\n<div class=\"wp-block-getwid-icon-box has-icon-left has-text-center\"><div class=\"wp-block-getwid-icon-box__icon-container is-position-middle\"><div class=\"wp-block-getwid-icon-box__icon-wrapper\"><i class=\"fas fa-hiking\"><\/i><\/div><\/div><div class=\"wp-block-getwid-icon-box__content\">\n<h4 class=\"wp-block-heading\"><strong>Una oportunidad de reconectar con la naturaleza.<\/strong><\/h4>\n\n\n\n<p>Ven a dormir bajo un dosel infinito de estrellas y despi\u00e9rtate con un coro de p\u00e1jaros, ideal para cualquiera que busque un lugar para desconectar de la vida de la ciudad o explorar la naturaleza con m\u00e1s de 600 km de rutas de senderismo. <\/p>\n<\/div><\/div>\n\n\n\n<div class=\"wp-block-getwid-icon-box has-icon-left has-text-center\"><div class=\"wp-block-getwid-icon-box__icon-container is-position-middle\"><div class=\"wp-block-getwid-icon-box__icon-wrapper\"><i class=\"fab fa-pagelines\"><\/i><\/div><\/div><div class=\"wp-block-getwid-icon-box__content\">\n<h4 class=\"wp-block-heading\"><strong>Una escapada ecol\u00f3gica<\/strong><\/h4>\n\n\n\n<p>\u00a1Nuestra finca est\u00e1 completamente fuera de la red! Disfrute de unas vacaciones impulsadas por energ\u00edas renovables con piscina ecol\u00f3gica y cocina sostenible. <a href=\"https:\/\/fincabravo.com\/es\/sobre-la-finca\">m\u00e1s informaci\u00f3n<\/a><\/p>\n<\/div><\/div>\n\n\n\n<p><\/p>\n\n\n\n<p><\/p>\n","protected":false},"excerpt":{"rendered":"<p>\u25c6 \u00bfQuisieras despertarte con una impresionante vista panor\u00e1mica del Parque Natural Sierra de Aracena?<\/p>\n<p>\u25c6 \u00bfExplorar los senderos, seguido de un ba\u00f1o en nuestra piscina infinita y una cena rom\u00e1ntica en tu terraza privada?<\/p>\n<p>\u25c6 Finca Bravo es tu destino rural donde obtendr\u00e1s todo esto y m\u00e1s.<\/p>\n","protected":false},"author":1,"featured_media":4491,"parent":0,"menu_order":0,"comment_status":"closed","ping_status":"closed","template":"template-front-page.php","meta":{"_monsterinsights_skip_tracking":false,"_monsterinsights_sitenote_active":false,"_monsterinsights_sitenote_note":"","_monsterinsights_sitenote_category":0,"footnotes":""},"class_list":["post-1880","page","type-page","status-publish","has-post-thumbnail","hentry"],"yoast_head":"<!-- This site is optimized with the Yoast SEO plugin v23.6 - https:\/\/yoast.com\/wordpress\/plugins\/seo\/ -->\n<title>Finca Bravo - Casas Rurales en el Lugar m\u00e1s Verde de Andaluc\u00eda<\/title>\n<meta name=\"description\" content=\"Nuestro Alojamiento Rural es tu Escapada Ecol\u00f3gica en el Coraz\u00f3n del Parque Natural de Sierra de Aracena (en Huelva). Las Casas ofrecen Vistas Impresionantes, Interiores Modernos, una Piscina Natural en un Entorno Espectacular\" \/>\n<meta name=\"robots\" content=\"index, follow, max-snippet:-1, max-image-preview:large, max-video-preview:-1\" \/>\n<link rel=\"canonical\" href=\"https:\/\/fincabravo.com\/es\" \/>\n<meta property=\"og:locale\" content=\"es_ES\" \/>\n<meta property=\"og:type\" content=\"article\" \/>\n<meta property=\"og:title\" content=\"Finca Bravo - Casas Rurales en el Lugar m\u00e1s Verde de Andaluc\u00eda\" \/>\n<meta property=\"og:description\" content=\"Nuestro Alojamiento Rural es tu Escapada Ecol\u00f3gica en el Coraz\u00f3n del Parque Natural de Sierra de Aracena (en Huelva). Las Casas ofrecen Vistas Impresionantes, Interiores Modernos, una Piscina Natural en un Entorno Espectacular\" \/>\n<meta property=\"og:url\" content=\"https:\/\/fincabravo.com\/es\" \/>\n<meta property=\"og:site_name\" content=\"Alojamiento Rural\" \/>\n<meta property=\"article:modified_time\" content=\"2025-03-10T09:03:42+00:00\" \/>\n<meta property=\"og:image\" content=\"https:\/\/fincabravo.com\/wp-content\/uploads\/2024\/10\/hompeage-pool-pic-1.jpg\" \/>\n\t<meta property=\"og:image:width\" content=\"1050\" \/>\n\t<meta property=\"og:image:height\" content=\"1395\" \/>\n\t<meta property=\"og:image:type\" content=\"image\/jpeg\" \/>\n<meta name=\"twitter:card\" content=\"summary_large_image\" \/>\n<meta name=\"twitter:label1\" content=\"Tiempo de lectura\" \/>\n\t<meta name=\"twitter:data1\" content=\"3 minutos\" \/>\n<script type=\"application\/ld+json\" class=\"yoast-schema-graph\">{\"@context\":\"https:\/\/schema.org\",\"@graph\":[{\"@type\":\"WebPage\",\"@id\":\"https:\/\/fincabravo.com\/es\",\"url\":\"https:\/\/fincabravo.com\/es\",\"name\":\"Finca Bravo - Casas Rurales en el Lugar m\u00e1s Verde de Andaluc\u00eda\",\"isPartOf\":{\"@id\":\"https:\/\/fincabravo.com\/es#website\"},\"primaryImageOfPage\":{\"@id\":\"https:\/\/fincabravo.com\/es#primaryimage\"},\"image\":{\"@id\":\"https:\/\/fincabravo.com\/es#primaryimage\"},\"thumbnailUrl\":\"https:\/\/fincabravo.com\/wp-content\/uploads\/2026\/04\/dji_fly_20260330_191346_0065_1774895822290_photo2_30.jpg\",\"datePublished\":\"2020-08-10T07:55:12+00:00\",\"dateModified\":\"2025-03-10T09:03:42+00:00\",\"description\":\"Nuestro Alojamiento Rural es tu Escapada Ecol\u00f3gica en el Coraz\u00f3n del Parque Natural de Sierra de Aracena (en Huelva). Las Casas ofrecen Vistas Impresionantes, Interiores Modernos, una Piscina Natural en un Entorno Espectacular\",\"breadcrumb\":{\"@id\":\"https:\/\/fincabravo.com\/es#breadcrumb\"},\"inLanguage\":\"es\",\"potentialAction\":[{\"@type\":\"ReadAction\",\"target\":[\"https:\/\/fincabravo.com\/es\"]}]},{\"@type\":\"ImageObject\",\"inLanguage\":\"es\",\"@id\":\"https:\/\/fincabravo.com\/es#primaryimage\",\"url\":\"https:\/\/fincabravo.com\/wp-content\/uploads\/2026\/04\/dji_fly_20260330_191346_0065_1774895822290_photo2_30.jpg\",\"contentUrl\":\"https:\/\/fincabravo.com\/wp-content\/uploads\/2026\/04\/dji_fly_20260330_191346_0065_1774895822290_photo2_30.jpg\",\"width\":1210,\"height\":680,\"caption\":\"default\"},{\"@type\":\"BreadcrumbList\",\"@id\":\"https:\/\/fincabravo.com\/es#breadcrumb\",\"itemListElement\":[{\"@type\":\"ListItem\",\"position\":1,\"name\":\"Home\",\"item\":\"https:\/\/fincabravo.com\/es\"},{\"@type\":\"ListItem\",\"position\":2,\"name\":\"Bienvenido a Finca Bravo\"}]},{\"@type\":\"WebSite\",\"@id\":\"https:\/\/fincabravo.com\/es#website\",\"url\":\"https:\/\/fincabravo.com\/es\",\"name\":\"Alojamiento Rural\",\"description\":\"Reconnect with nature\",\"publisher\":{\"@id\":\"https:\/\/fincabravo.com\/es#organization\"},\"potentialAction\":[{\"@type\":\"SearchAction\",\"target\":{\"@type\":\"EntryPoint\",\"urlTemplate\":\"https:\/\/fincabravo.com\/es?s={search_term_string}\"},\"query-input\":{\"@type\":\"PropertyValueSpecification\",\"valueRequired\":true,\"valueName\":\"search_term_string\"}}],\"inLanguage\":\"es\"},{\"@type\":\"Organization\",\"@id\":\"https:\/\/fincabravo.com\/es#organization\",\"name\":\"Alojamiento Rural\",\"url\":\"https:\/\/fincabravo.com\/es\",\"logo\":{\"@type\":\"ImageObject\",\"inLanguage\":\"es\",\"@id\":\"https:\/\/fincabravo.com\/es#\/schema\/logo\/image\/\",\"url\":\"https:\/\/fincabravo.com\/wp-content\/uploads\/2020\/03\/cropped-cropped-DONTDELETE_LOGO_FINCA_BRAVO-circle-logo-100x100px-2.png\",\"contentUrl\":\"https:\/\/fincabravo.com\/wp-content\/uploads\/2020\/03\/cropped-cropped-DONTDELETE_LOGO_FINCA_BRAVO-circle-logo-100x100px-2.png\",\"width\":100,\"height\":100,\"caption\":\"Alojamiento Rural\\r\\n\"},\"image\":{\"@id\":\"https:\/\/fincabravo.com\/es#\/schema\/logo\/image\/\"}}]}<\/script>\n<!-- \/ Yoast SEO plugin. -->","yoast_head_json":{"title":"Finca Bravo - Casas Rurales en el Lugar m\u00e1s Verde de Andaluc\u00eda","description":"Nuestro Alojamiento Rural es tu Escapada Ecol\u00f3gica en el Coraz\u00f3n del Parque Natural de Sierra de Aracena (en Huelva). Las Casas ofrecen Vistas Impresionantes, Interiores Modernos, una Piscina Natural en un Entorno Espectacular","robots":{"index":"index","follow":"follow","max-snippet":"max-snippet:-1","max-image-preview":"max-image-preview:large","max-video-preview":"max-video-preview:-1"},"canonical":"https:\/\/fincabravo.com\/es","og_locale":"es_ES","og_type":"article","og_title":"Finca Bravo - Casas Rurales en el Lugar m\u00e1s Verde de Andaluc\u00eda","og_description":"Nuestro Alojamiento Rural es tu Escapada Ecol\u00f3gica en el Coraz\u00f3n del Parque Natural de Sierra de Aracena (en Huelva). Las Casas ofrecen Vistas Impresionantes, Interiores Modernos, una Piscina Natural en un Entorno Espectacular","og_url":"https:\/\/fincabravo.com\/es","og_site_name":"Alojamiento Rural","article_modified_time":"2025-03-10T09:03:42+00:00","og_image":[{"width":1050,"height":1395,"url":"https:\/\/fincabravo.com\/wp-content\/uploads\/2024\/10\/hompeage-pool-pic-1.jpg","type":"image\/jpeg"}],"twitter_card":"summary_large_image","twitter_misc":{"Tiempo de lectura":"3 minutos"},"schema":{"@context":"https:\/\/schema.org","@graph":[{"@type":"WebPage","@id":"https:\/\/fincabravo.com\/es","url":"https:\/\/fincabravo.com\/es","name":"Finca Bravo - Casas Rurales en el Lugar m\u00e1s Verde de Andaluc\u00eda","isPartOf":{"@id":"https:\/\/fincabravo.com\/es#website"},"primaryImageOfPage":{"@id":"https:\/\/fincabravo.com\/es#primaryimage"},"image":{"@id":"https:\/\/fincabravo.com\/es#primaryimage"},"thumbnailUrl":"https:\/\/fincabravo.com\/wp-content\/uploads\/2026\/04\/dji_fly_20260330_191346_0065_1774895822290_photo2_30.jpg","datePublished":"2020-08-10T07:55:12+00:00","dateModified":"2025-03-10T09:03:42+00:00","description":"Nuestro Alojamiento Rural es tu Escapada Ecol\u00f3gica en el Coraz\u00f3n del Parque Natural de Sierra de Aracena (en Huelva). Las Casas ofrecen Vistas Impresionantes, Interiores Modernos, una Piscina Natural en un Entorno Espectacular","breadcrumb":{"@id":"https:\/\/fincabravo.com\/es#breadcrumb"},"inLanguage":"es","potentialAction":[{"@type":"ReadAction","target":["https:\/\/fincabravo.com\/es"]}]},{"@type":"ImageObject","inLanguage":"es","@id":"https:\/\/fincabravo.com\/es#primaryimage","url":"https:\/\/fincabravo.com\/wp-content\/uploads\/2026\/04\/dji_fly_20260330_191346_0065_1774895822290_photo2_30.jpg","contentUrl":"https:\/\/fincabravo.com\/wp-content\/uploads\/2026\/04\/dji_fly_20260330_191346_0065_1774895822290_photo2_30.jpg","width":1210,"height":680,"caption":"default"},{"@type":"BreadcrumbList","@id":"https:\/\/fincabravo.com\/es#breadcrumb","itemListElement":[{"@type":"ListItem","position":1,"name":"Home","item":"https:\/\/fincabravo.com\/es"},{"@type":"ListItem","position":2,"name":"Bienvenido a Finca Bravo"}]},{"@type":"WebSite","@id":"https:\/\/fincabravo.com\/es#website","url":"https:\/\/fincabravo.com\/es","name":"Alojamiento Rural","description":"Reconnect with nature","publisher":{"@id":"https:\/\/fincabravo.com\/es#organization"},"potentialAction":[{"@type":"SearchAction","target":{"@type":"EntryPoint","urlTemplate":"https:\/\/fincabravo.com\/es?s={search_term_string}"},"query-input":{"@type":"PropertyValueSpecification","valueRequired":true,"valueName":"search_term_string"}}],"inLanguage":"es"},{"@type":"Organization","@id":"https:\/\/fincabravo.com\/es#organization","name":"Alojamiento Rural","url":"https:\/\/fincabravo.com\/es","logo":{"@type":"ImageObject","inLanguage":"es","@id":"https:\/\/fincabravo.com\/es#\/schema\/logo\/image\/","url":"https:\/\/fincabravo.com\/wp-content\/uploads\/2020\/03\/cropped-cropped-DONTDELETE_LOGO_FINCA_BRAVO-circle-logo-100x100px-2.png","contentUrl":"https:\/\/fincabravo.com\/wp-content\/uploads\/2020\/03\/cropped-cropped-DONTDELETE_LOGO_FINCA_BRAVO-circle-logo-100x100px-2.png","width":100,"height":100,"caption":"Alojamiento Rural\r\n"},"image":{"@id":"https:\/\/fincabravo.com\/es#\/schema\/logo\/image\/"}}]}},"_links":{"self":[{"href":"https:\/\/fincabravo.com\/es\/wp-json\/wp\/v2\/pages\/1880"}],"collection":[{"href":"https:\/\/fincabravo.com\/es\/wp-json\/wp\/v2\/pages"}],"about":[{"href":"https:\/\/fincabravo.com\/es\/wp-json\/wp\/v2\/types\/page"}],"author":[{"embeddable":true,"href":"https:\/\/fincabravo.com\/es\/wp-json\/wp\/v2\/users\/1"}],"replies":[{"embeddable":true,"href":"https:\/\/fincabravo.com\/es\/wp-json\/wp\/v2\/comments?post=1880"}],"version-history":[{"count":23,"href":"https:\/\/fincabravo.com\/es\/wp-json\/wp\/v2\/pages\/1880\/revisions"}],"predecessor-version":[{"id":3856,"href":"https:\/\/fincabravo.com\/es\/wp-json\/wp\/v2\/pages\/1880\/revisions\/3856"}],"wp:featuredmedia":[{"embeddable":true,"href":"https:\/\/fincabravo.com\/es\/wp-json\/wp\/v2\/media\/4491"}],"wp:attachment":[{"href":"https:\/\/fincabravo.com\/es\/wp-json\/wp\/v2\/media?parent=1880"}],"curies":[{"name":"wp","href":"https:\/\/api.w.org\/{rel}","templated":true}]}}